{"id":14038,"date":"2023-10-19T10:39:59","date_gmt":"2023-10-19T08:39:59","guid":{"rendered":"https:\/\/toplifeproject.com\/?post_type=product&#038;p=14038"},"modified":"2025-04-10T04:23:19","modified_gmt":"2025-04-10T02:23:19","slug":"power-low-carb-ricette","status":"publish","type":"product","link":"https:\/\/toplifeproject.com\/de\/prodotto\/power-low-carb-ricette\/","title":{"rendered":"Power Low Carb"},"content":{"rendered":"<div class=\"fusion-fullwidth fullwidth-box fusion-builder-row-1 fusion-flex-container has-pattern-background has-mask-background nonhundred-percent-fullwidth non-hundred-percent-height-scrolling\" style=\"--awb-border-radius-top-left:0px;--awb-border-radius-top-right:0px;--awb-border-radius-bottom-right:0px;--awb-border-radius-bottom-left:0px;--awb-flex-wrap:wrap;\" ><div class=\"fusion-builder-row fusion-row fusion-flex-align-items-flex-start fusion-flex-content-wrap\" style=\"max-width:1476.8px;margin-left: calc(-4% \/ 2 );margin-right: calc(-4% \/ 2 );\"><div class=\"fusion-layout-column fusion_builder_column fusion-builder-column-0 fusion_builder_column_1_1 1_1 fusion-flex-column\" style=\"--awb-bg-size:cover;--awb-width-large:100%;--awb-margin-top-large:0px;--awb-spacing-right-large:1.92%;--awb-margin-bottom-large:20px;--awb-spacing-left-large:1.92%;--awb-width-medium:100%;--awb-order-medium:0;--awb-spacing-right-medium:1.92%;--awb-spacing-left-medium:1.92%;--awb-width-small:100%;--awb-order-small:0;--awb-spacing-right-small:1.92%;--awb-spacing-left-small:1.92%;\"><div class=\"fusion-column-wrapper fusion-column-has-shadow fusion-flex-justify-content-flex-start fusion-content-layout-column\"><div class=\"fusion-title title fusion-title-1 fusion-sep-none fusion-title-center fusion-title-text fusion-title-size-two\" style=\"--awb-margin-top:40px;--awb-margin-bottom:40px;\"><h2 class=\"fusion-title-heading title-heading-center fusion-responsive-typography-calculated\" style=\"margin:0;--fontSize:36;line-height:1.2;\">Verifizierte Bewertungen <span style=\"color: #00b67a;\"><strong>Trustpilot<\/strong><\/span><\/h2><\/div><!-- TrustBox widget - Product Reviews SEO -->\n<div class=\"trustpilot-widget\" data-locale=\"it-IT\" data-template-id=\"5717796816f630043868e2e8\" data-businessunit-id=\"653b7ea6aa4e105c3e022464\" data-style-height=\"700px\" data-style-width=\"100%\" data-theme=\"light\" data-sku=\"TRUSTPILOT_SKU_VALUE_14038\" data-name=\"Power Low Carb\" data-review-languages=\"it\" data-no-reviews=\"hide\" data-fullwidth=\"true\">\n  <a href=\"https:\/\/it.trustpilot.com\/review\/toplifeproject.com\" target=\"_blank\" rel=\"noopener\">Trustpilot<\/a>\n<\/div>\n<!-- End TrustBox widget --><\/div><\/div><\/div><\/div>","protected":false},"excerpt":{"rendered":"<p style=\"font-weight: 400;\">Information ist die Grundlage f\u00fcr Wohlbefinden: Wenn ihr gut informiert seid, seid ihr frei, Entscheidungen f\u00fcr eure Gesundheit zu treffen und tats\u00e4chlich die Verantwortung f\u00fcr eure eigene Gesundheit zu \u00fcbernehmen. Genau das ist das Ziel dieses E-Books: euch auf eurem Weg in die Welt der Low-Carb-Ern\u00e4hrung zu begleiten.<\/p>\n<p style=\"font-weight: 400;\">Viel Freude beim Lesen!<\/p>\n<p style=\"font-weight: 400;\"><strong>Low Carb wird zu einem Lebensstil, um sich gut zu f\u00fchlen und gesund zu bleiben.<\/strong><\/p>\n<p style=\"font-weight: 400;\"><strong>Eine gute Reise in die Welt der LOW CARB!<\/strong><\/p>\n<p><img decoding=\"async\" class=\"size-full wp-image-5455 alignleft\" src=\"https:\/\/toplifeproject.com\/wp-content\/uploads\/2022\/12\/PDF_file_icon.png\" alt=\"\" width=\"78\" height=\"96\" \/><\/p>\n<p><strong><span style=\"color: #ff0000;\">ACHTUNG!!<\/span><\/strong><\/p>\n<p><strong>BUCH VERF\u00dcGBAR<\/strong><br \/>\n<strong>NUR IN <span style=\"color: #ff0000;\">DIGITALE PDF-VERSION<\/span><\/strong><\/p>","protected":false},"featured_media":23843,"template":"","meta":{"_iconic_wsb_product_page_order_bump_ids":[[206,930]],"_sku":["TLP10000011"],"_iconic_wsb_product_page_bump_modal_ids":[[]]},"product_brand":[],"product_cat":[37],"product_tag":[],"class_list":{"0":"post-14038","1":"product","2":"type-product","3":"status-publish","4":"has-post-thumbnail","6":"product_cat-ebook-pdf","8":"first","9":"instock","10":"downloadable","11":"virtual","12":"sold-individually","13":"taxable","14":"purchasable","15":"product-type-simple"},"aioseo_notices":[],"publishpress_future_workflow_manual_trigger":{"enabledWorkflows":[]},"_links":{"self":[{"href":"https:\/\/toplifeproject.com\/de\/wp-json\/wp\/v2\/product\/14038","targetHints":{"allow":["GET"]}}],"collection":[{"href":"https:\/\/toplifeproject.com\/de\/wp-json\/wp\/v2\/product"}],"about":[{"href":"https:\/\/toplifeproject.com\/de\/wp-json\/wp\/v2\/types\/product"}],"wp:featuredmedia":[{"embeddable":true,"href":"https:\/\/toplifeproject.com\/de\/wp-json\/wp\/v2\/media\/23843"}],"wp:attachment":[{"href":"https:\/\/toplifeproject.com\/de\/wp-json\/wp\/v2\/media?parent=14038"}],"wp:term":[{"taxonomy":"product_brand","embeddable":true,"href":"https:\/\/toplifeproject.com\/de\/wp-json\/wp\/v2\/product_brand?post=14038"},{"taxonomy":"product_cat","embeddable":true,"href":"https:\/\/toplifeproject.com\/de\/wp-json\/wp\/v2\/product_cat?post=14038"},{"taxonomy":"product_tag","embeddable":true,"href":"https:\/\/toplifeproject.com\/de\/wp-json\/wp\/v2\/product_tag?post=14038"}],"curies":[{"name":"wp","href":"https:\/\/api.w.org\/{rel}","templated":true}]}}