{"id":18298,"date":"2023-12-18T09:54:10","date_gmt":"2023-12-18T08:54:10","guid":{"rendered":"https:\/\/toplifeproject.com\/?post_type=product&#038;p=18298"},"modified":"2026-01-27T11:30:45","modified_gmt":"2026-01-27T10:30:45","slug":"quick-cartaceo","status":"publish","type":"product","link":"https:\/\/toplifeproject.com\/de\/prodotto\/quick-cartaceo\/","title":{"rendered":"Quick"},"content":{"rendered":"<p>Diese Rezepte sind das Ergebnis der Zusammenarbeit zwischen Dr. Cristina Tomasi, Claudia Perbellini und ihrer Tochter Giulia Piubelli.\nClaudia ist eine \u00e4u\u00dferst kreative Hobbyk\u00f6chin und hat ihr Leben ver\u00e4ndert, als sie vor \u00fcber sieben Jahren begann, sich nach dem Low-Carb-Prinzip zu ern\u00e4hren. Sie hat die Lehren von Dr. Tomasi in ein Hobby und einen gesunden Lebensstil verwandelt \u2013 f\u00fcr sich selbst, ihre Familie und einen gro\u00dfen Freundeskreis, der ihr auf diesem Weg folgt<\/p>","protected":false},"excerpt":{"rendered":"<p>Superschnelle und k\u00f6stliche Low-Carb-Rezepte \u2013 mehr Geschmack in weniger Zeit.<\/p>\n<p>Ihr habt uns immer wieder nach Rezepten gefragt, die schnell zubereitet werden k\u00f6nnen. Deshalb haben wir gemeinsam mit Claudia und Giulia Low-Carb-Men\u00fcs entwickelt, die auf nat\u00fcrlichen Lebensmitteln basieren, schnell zuzubereiten sind und gleichzeitig hervorragend schmecken sowie f\u00fcr unterschiedliche Bed\u00fcrfnisse geeignet sind.\nImmer mit dem Ziel einer reduzierten Kohlenhydratzufuhr \u2013 ideal f\u00fcr Menschen mit Stoffwechselst\u00f6rungen, \u00dcbergewicht oder Adipositas, entz\u00fcndlichen Erkrankungen oder Autoimmunerkrankungen. Auch zur Unterst\u00fctzung bei der Verbesserung bestimmter gesundheitlicher Zust\u00e4nde oder zur Remission chronischer Erkrankungen wie Typ-2-Diabetes kann diese Ern\u00e4hrungsweise beitragen.<br \/>\n<strong>Low Carb wird zu einem Lebensstil, um sich gut zu f\u00fchlen und gesund zu bleiben.<\/strong><\/p>","protected":false},"featured_media":9565,"template":"","meta":{"_iconic_wsb_product_page_order_bump_ids":[[]],"_sku":["TLP10000009"],"_iconic_wsb_product_page_bump_modal_ids":[[]]},"product_brand":[],"product_cat":[251],"product_tag":[389],"class_list":{"0":"post-18298","1":"product","2":"type-product","3":"status-publish","4":"has-post-thumbnail","6":"product_cat-libri-cartacei","7":"product_tag-amazon-quick","9":"first","10":"instock","11":"taxable","12":"shipping-taxable","13":"purchasable","14":"product-type-simple"},"aioseo_notices":[],"publishpress_future_workflow_manual_trigger":{"enabledWorkflows":[]},"_links":{"self":[{"href":"https:\/\/toplifeproject.com\/de\/wp-json\/wp\/v2\/product\/18298","targetHints":{"allow":["GET"]}}],"collection":[{"href":"https:\/\/toplifeproject.com\/de\/wp-json\/wp\/v2\/product"}],"about":[{"href":"https:\/\/toplifeproject.com\/de\/wp-json\/wp\/v2\/types\/product"}],"wp:featuredmedia":[{"embeddable":true,"href":"https:\/\/toplifeproject.com\/de\/wp-json\/wp\/v2\/media\/9565"}],"wp:attachment":[{"href":"https:\/\/toplifeproject.com\/de\/wp-json\/wp\/v2\/media?parent=18298"}],"wp:term":[{"taxonomy":"product_brand","embeddable":true,"href":"https:\/\/toplifeproject.com\/de\/wp-json\/wp\/v2\/product_brand?post=18298"},{"taxonomy":"product_cat","embeddable":true,"href":"https:\/\/toplifeproject.com\/de\/wp-json\/wp\/v2\/product_cat?post=18298"},{"taxonomy":"product_tag","embeddable":true,"href":"https:\/\/toplifeproject.com\/de\/wp-json\/wp\/v2\/product_tag?post=18298"}],"curies":[{"name":"wp","href":"https:\/\/api.w.org\/{rel}","templated":true}]}}