{"id":18489,"date":"2024-01-15T13:20:16","date_gmt":"2024-01-15T12:20:16","guid":{"rendered":"https:\/\/toplifeproject.com\/?post_type=product&#038;p=18489"},"modified":"2026-04-02T14:12:06","modified_gmt":"2026-04-02T12:12:06","slug":"conosci-il-tuo-metabolismo","status":"publish","type":"product","link":"https:\/\/toplifeproject.com\/de\/prodotto\/conosci-il-tuo-metabolismo\/","title":{"rendered":"Masterclass conosci il tuo metabolismo"},"content":{"rendered":"<p><div class=\"fusion-fullwidth fullwidth-box fusion-builder-row-1 fusion-flex-container has-pattern-background has-mask-background nonhundred-percent-fullwidth non-hundred-percent-height-scrolling\" style=\"--awb-border-radius-top-left:0px;--awb-border-radius-top-right:0px;--awb-border-radius-bottom-right:0px;--awb-border-radius-bottom-left:0px;--awb-flex-wrap:wrap;\" ><div class=\"fusion-builder-row fusion-row fusion-flex-align-items-flex-start fusion-flex-justify-content-center fusion-flex-content-wrap\" style=\"max-width:1476.8px;margin-left: calc(-4% \/ 2 );margin-right: calc(-4% \/ 2 );\"><div class=\"fusion-layout-column fusion_builder_column fusion-builder-column-0 fusion_builder_column_1_1 1_1 fusion-flex-column\" style=\"--awb-bg-size:cover;--awb-width-large:100%;--awb-margin-top-large:0px;--awb-spacing-right-large:1.92%;--awb-margin-bottom-large:20px;--awb-spacing-left-large:1.92%;--awb-width-medium:100%;--awb-order-medium:0;--awb-spacing-right-medium:1.92%;--awb-spacing-left-medium:1.92%;--awb-width-small:100%;--awb-order-small:0;--awb-spacing-right-small:1.92%;--awb-spacing-left-small:1.92%;\"><div class=\"fusion-column-wrapper fusion-column-has-shadow fusion-flex-justify-content-flex-start fusion-content-layout-column\"><div class=\"fusion-title title fusion-title-1 fusion-sep-none fusion-title-center fusion-title-highlight fusion-animate-loop fusion-highlight-underline_zigzag fusion-title-size-three\" style=\"--awb-text-color:#ff0000;--awb-highlight-top-margin:25px;--awb-margin-top:40px;--awb-margin-bottom:40px;--awb-margin-bottom-small:40px;\" data-highlight=\"underline_zigzag\"><h3 class=\"fusion-title-heading title-heading-center fusion-responsive-typography-calculated\" style=\"margin:0;--fontSize:24;line-height:1.3;\"><span class=\"fusion-highlighted-text-prefix\"><\/span> <span class=\"fusion-highlighted-text-wrapper\"><span class=\"fusion-highlighted-text\">ACHTUNG: DIESES PRODUKT IST VOM UMTAUSCH UND DER R\u00dcCKERSTATTUNG AUSGESCHLOSSEN.<\/span><svg xmlns=\"http:\/\/www.w3.org\/2000\/svg\" viewbox=\"0 0 500 150\" preserveaspectratio=\"none\"><path d=\"M6.1,133.6c0,0,173.4-20.6,328.3-14.5c154.8,6.1,162.2,8.7,162.2,8.7s-262.6-4.9-339.2,13.9 c0,0,113.8-6.1,162.9,6.9\"><\/path><\/svg><\/span> <span class=\"fusion-highlighted-text-postfix\"><\/span><\/h3><\/div><div class=\"fusion-text fusion-text-1 fusion-no-small-visibility\" style=\"--awb-font-size:20px;--awb-margin-top:40px;\"><h2 class=\"fusion-responsive-typography-calculated\" style=\"--fontsize: 36; line-height: 1.2;\" data-fontsize=\"36\" data-lineheight=\"43.200001px\"><\/h2>\n<p style=\"text-align: center;\"><b style=\"color: #f20000; text-align: center; font-family: var(--awb-text-font-family); font-size: var(--awb-font-size); font-style: var(--awb-text-font-style); letter-spacing: var(--awb-letter-spacing); text-transform: var(--awb-text-transform);\">Erfahre, wie du Insulinresistenz, Fettleber und weitere damit verbundene Erkrankungen wie chronische Entz\u00fcndungen, PCOS, Endometriose und Autoimmunerkrankungen durch die Kontrolle deines Stoffwechsels vermeiden kannst.<\/b><\/p>\n<p style=\"text-align: center;\" class=\"translation-block\">ACHTUNG: Dieses Video ist die Aufzeichnung einer Live-Session vom Montag, den 22. Januar, und basiert auf \u00fcber 30 Jahren praktischer Erfahrung sowie fundierten wissenschaftlichen Studien.<\/p>\n<\/div><div class=\"fusion-text fusion-text-2 fusion-no-medium-visibility fusion-no-large-visibility\" style=\"--awb-font-size:20px;--awb-margin-top:40px;\"><h1 class=\"fusion-responsive-typography-calculated\" style=\"--fontsize: 36; line-height: 1.2; text-align: center;\" data-fontsize=\"36\" data-lineheight=\"43.200001px\">Obiettiv0<\/h1>\n<h3 style=\"text-align: center;\">Scopri come evitare l&#8217;insulionoresistenza, fegato grasso e altre patologie associate come infiammazione cronica, PCOS, endometriosi e malattie autoimmuni attraverso il controllo del\u00a0tuo\u00a0metabolismo<\/h3>\n<div id=\"20492\" class=\"section_row\" data-v-4b3acc2c=\"\" data-v-6bea8f81=\"\" data-eid=\"20492\">\n<div class=\"row-column\" data-v-796cd32d=\"\" data-v-4b3acc2c=\"\">\n<div class=\"element-wrapper\" data-v-8b814fa4=\"\" data-v-796cd32d=\"\" data-eid=\"496222\">\n<div class=\"headline el-496222\" data-v-8b814fa4=\"\">\n<div class=\"headline-inner\">\n<h3 style=\"text-align: center;\"><strong>DOMANDE FREQUENTI<\/strong><\/h3>\n<\/div>\n<\/div>\n<\/div>\n<\/div>\n<\/div>\n<div id=\"40915\" class=\"section_row\" data-v-4b3acc2c=\"\" data-v-6bea8f81=\"\" data-eid=\"40915\">\n<div class=\"row-column\" data-v-796cd32d=\"\" data-v-4b3acc2c=\"\">\n<div class=\"element-wrapper\" style=\"text-align: center;\" data-v-8b814fa4=\"\" data-v-796cd32d=\"\" data-eid=\"750577\">\n<div class=\"paragraph el-750577\" data-v-8b814fa4=\"\">\n<div class=\"paragraph-inner\">\n<p><strong>Qual \u00e8 la durata prevista del webinar?<\/strong><\/p>\n<\/div>\n<\/div>\n<\/div>\n<div class=\"element-wrapper\" style=\"text-align: center;\" data-v-8b814fa4=\"\" data-v-796cd32d=\"\" data-eid=\"668241\">\n<div class=\"paragraph el-668241\" data-v-8b814fa4=\"\">\n<div class=\"paragraph-inner\">\n<p>Il Webinar ha una durata di circa 2.30h<\/p>\n<\/div>\n<\/div>\n<\/div>\n<div class=\"element-wrapper\" style=\"text-align: center;\" data-v-8b814fa4=\"\" data-v-796cd32d=\"\" data-eid=\"437670\">\n<div class=\"paragraph el-437670\" data-v-8b814fa4=\"\">\n<div class=\"paragraph-inner\">\n<p><strong>Il webinar verr\u00e0 registrato per una visualizzazione successiva?<\/strong><\/p>\n<\/div>\n<\/div>\n<\/div>\n<div class=\"element-wrapper\" style=\"text-align: center;\" data-v-8b814fa4=\"\" data-v-796cd32d=\"\" data-eid=\"578108\">\n<div class=\"paragraph el-578108\" data-v-8b814fa4=\"\">\n<div class=\"paragraph-inner\">\n<p>Si, il webinar verr\u00e0 registrato e potrai vederlo per<\/p>\n<p>i successivi 6 mesi dall&#8217;acquisto sulla tua area cliente.<\/p>\n<\/div>\n<\/div>\n<\/div>\n<div class=\"element-wrapper\" style=\"text-align: center;\" data-v-8b814fa4=\"\" data-v-796cd32d=\"\" data-eid=\"62383\">\n<div class=\"paragraph el-62383\" data-v-8b814fa4=\"\">\n<div class=\"paragraph-inner\">\n<p><strong>Ci sar\u00e0 la possibilit\u00e0 di porre domande durante il webinar?<\/strong><\/p>\n<\/div>\n<\/div>\n<\/div>\n<div class=\"element-wrapper\" style=\"text-align: center;\" data-v-8b814fa4=\"\" data-v-796cd32d=\"\" data-eid=\"38007\">\n<div class=\"paragraph el-38007\" data-v-8b814fa4=\"\">\n<div class=\"paragraph-inner\">\n<p>Si, \u00e8 inoltre previsto un momento FAQs<\/p>\n<\/div>\n<\/div>\n<\/div>\n<div class=\"element-wrapper\" style=\"text-align: center;\" data-v-8b814fa4=\"\" data-v-796cd32d=\"\" data-eid=\"608330\">\n<div class=\"paragraph el-608330\" data-v-8b814fa4=\"\">\n<div class=\"paragraph-inner\">\n<p><strong>Quali sono i prerequisiti tecnici per partecipare al webinar<\/strong><\/p>\n<p><strong>(ad esempio, software necessario, velocit\u00e0 della connessione, ecc.)?<\/strong><\/p>\n<\/div>\n<\/div>\n<\/div>\n<div class=\"element-wrapper\" style=\"text-align: center;\" data-v-8b814fa4=\"\" data-v-796cd32d=\"\" data-eid=\"281323\">\n<div class=\"paragraph el-281323\" data-v-8b814fa4=\"\">\n<div class=\"paragraph-inner\">\n<p>Per partecipare al Webinar sono necessari un dispositivo ed una connessione ad internet<\/p>\n<\/div>\n<\/div>\n<\/div>\n<div class=\"element-wrapper\" style=\"text-align: center;\" data-v-8b814fa4=\"\" data-v-796cd32d=\"\" data-eid=\"499838\">\n<div class=\"paragraph el-499838\" data-v-8b814fa4=\"\">\n<div class=\"paragraph-inner\">\n<p><strong>Come posso partecipare al webinar?<\/strong><\/p>\n<\/div>\n<\/div>\n<\/div>\n<div class=\"element-wrapper\" data-v-8b814fa4=\"\" data-v-796cd32d=\"\" data-eid=\"407101\">\n<div class=\"paragraph el-407101\" data-v-8b814fa4=\"\">\n<div class=\"paragraph-inner\">\n<p style=\"text-align: center;\">Acquistando il webinar ora, ti verr\u00e0 inviato un link sulla tua<\/p>\n<p style=\"text-align: center;\">email per partecipare, il giorno stesso ti verr\u00e0 nuovamente notificato<\/p>\n<p style=\"text-align: center;\">l&#8217;appuntamento via email e sms<\/p>\n<\/div>\n<\/div>\n<\/div>\n<\/div>\n<\/div>\n<\/div><div class=\"fusion-text fusion-text-3\" style=\"--awb-content-alignment:center;\"><h3>In dieser Masterclass lernst du:<\/h3>\n<\/div><\/div><\/div><div class=\"fusion-layout-column fusion_builder_column fusion-builder-column-1 fusion_builder_column_1_2 1_2 fusion-flex-column\" style=\"--awb-bg-size:cover;--awb-width-large:50%;--awb-margin-top-large:0px;--awb-spacing-right-large:3.84%;--awb-margin-bottom-large:20px;--awb-spacing-left-large:3.84%;--awb-width-medium:100%;--awb-order-medium:0;--awb-spacing-right-medium:1.92%;--awb-spacing-left-medium:1.92%;--awb-width-small:100%;--awb-order-small:0;--awb-spacing-right-small:1.92%;--awb-spacing-left-small:1.92%;\"><div class=\"fusion-column-wrapper fusion-column-has-shadow fusion-flex-justify-content-flex-start fusion-content-layout-column\"><div class=\"fusion-text fusion-text-4\" style=\"--awb-font-size:18px;--awb-text-color:#000000;--awb-text-font-family:&quot;Montserrat&quot;;--awb-text-font-style:normal;--awb-text-font-weight:400;\"><p>1. Mythen und Fakten zur Ern\u00e4hrung<\/p>\n<p>2. Fette verstehen \u2013 Grundlagen und Unterschiede<\/p>\n<p>3. Der Mythos ges\u00e4ttigte Fette: Ursprung und Hintergr\u00fcnde<\/p>\n<p>4. Wissenschaftliche Evidenz<\/p>\n<p>5. Wie sich unser Stoffwechsel in den letzten 100 Jahren ver\u00e4ndert hat \u2013 und warum<\/p>\n<p>6. Welche Bev\u00f6lkerungsgruppen noch frei von entz\u00fcndungsbedingten Erkrankungen sind<\/p>\n<p>7. Die Problematik mehrfach unges\u00e4ttigter Pflanzen\u00f6le<\/p>\n<p>8. Insulinresistenz: Ursachen und Diagnose<\/p>\n<p>9. Folgen der Insulinresistenz<\/p>\n<p>10. Warum der Schritt von Insulinresistenz zu Typ-2-Diabetes oft klein ist<\/p>\n<p>11. Fettleber (hepatische Steatose): Ist sie reversibel?<\/p>\n<p>12. Welche Blutwerte sinnvoll sind<\/p>\n<p>13. Die Rolle von oxidativem Stress<\/p>\n<p>14. Weitere entscheidende Lebensstilfaktoren \u2013 und warum sie wichtig sind<\/p>\n<p>15. L\u00f6sungsans\u00e4tze<\/p>\n<p>16. Die effektivsten Strategien<\/p>\n<p>17. Praktische Alltagstipps<\/p>\n<\/div><\/div><\/div><\/div><\/div><div class=\"fusion-fullwidth fullwidth-box fusion-builder-row-2 fusion-flex-container has-pattern-background has-mask-background nonhundred-percent-fullwidth non-hundred-percent-height-scrolling hide\" style=\"--awb-border-radius-top-left:0px;--awb-border-radius-top-right:0px;--awb-border-radius-bottom-right:0px;--awb-border-radius-bottom-left:0px;--awb-padding-right:27px;--awb-padding-bottom:36px;--awb-padding-left:21px;--awb-margin-top:50px;--awb-margin-bottom:0px;--awb-background-color:#f2f2f2;--awb-flex-wrap:wrap;\" ><div class=\"fusion-builder-row fusion-row fusion-flex-align-items-flex-start fusion-flex-content-wrap\" style=\"max-width:1476.8px;margin-left: calc(-4% \/ 2 );margin-right: calc(-4% \/ 2 );\"><div class=\"fusion-layout-column fusion_builder_column fusion-builder-column-2 fusion_builder_column_1_2 1_2 fusion-flex-column\" style=\"--awb-bg-size:cover;--awb-width-large:50%;--awb-margin-top-large:0px;--awb-spacing-right-large:0%;--awb-margin-bottom-large:20px;--awb-spacing-left-large:3.84%;--awb-width-medium:100%;--awb-order-medium:0;--awb-spacing-right-medium:1.92%;--awb-spacing-left-medium:1.92%;--awb-width-small:100%;--awb-order-small:0;--awb-spacing-right-small:1.92%;--awb-spacing-left-small:1.92%;\"><div class=\"fusion-column-wrapper fusion-column-has-shadow fusion-flex-justify-content-center fusion-content-layout-column\"><div class=\"fusion-image-element\" style=\"text-align:center;--awb-max-width:500px;--awb-caption-title-font-family:var(--h2_typography-font-family);--awb-caption-title-font-weight:var(--h2_typography-font-weight);--awb-caption-title-font-style:var(--h2_typography-font-style);--awb-caption-title-size:var(--h2_typography-font-size);--awb-caption-title-transform:var(--h2_typography-text-transform);--awb-caption-title-line-height:var(--h2_typography-line-height);--awb-caption-title-letter-spacing:var(--h2_typography-letter-spacing);\"><span class=\"fusion-imageframe imageframe-none imageframe-1 hover-type-none\"><img decoding=\"async\" width=\"678\" height=\"1024\" title=\"WhatsApp Image 2023-04-11 at 17.00.08\" src=\"https:\/\/toplifeproject.com\/wp-content\/uploads\/2023\/04\/WhatsApp-Image-2023-04-11-at-17.00.08.jpeg\" data-orig-src=\"https:\/\/toplifeproject.com\/wp-content\/uploads\/2023\/04\/WhatsApp-Image-2023-04-11-at-17.00.08.jpeg\" alt class=\"lazyload img-responsive wp-image-6518\" srcset=\"data:image\/svg+xml,%3Csvg%20xmlns%3D%27http%3A%2F%2Fwww.w3.org%2F2000%2Fsvg%27%20width%3D%27678%27%20height%3D%271024%27%20viewBox%3D%270%200%20678%201024%27%3E%3Crect%20width%3D%27678%27%20height%3D%271024%27%20fill-opacity%3D%220%22%2F%3E%3C%2Fsvg%3E\" data-srcset=\"https:\/\/toplifeproject.com\/wp-content\/uploads\/2023\/04\/WhatsApp-Image-2023-04-11-at-17.00.08-200x302.jpeg 200w, https:\/\/toplifeproject.com\/wp-content\/uploads\/2023\/04\/WhatsApp-Image-2023-04-11-at-17.00.08-400x604.jpeg 400w, https:\/\/toplifeproject.com\/wp-content\/uploads\/2023\/04\/WhatsApp-Image-2023-04-11-at-17.00.08-600x906.jpeg 600w, https:\/\/toplifeproject.com\/wp-content\/uploads\/2023\/04\/WhatsApp-Image-2023-04-11-at-17.00.08.jpeg 678w\" data-sizes=\"auto\" data-orig-sizes=\"(max-width: 1200px) 100vw, (max-width: 640px) 100vw, 678px\" \/><\/span><\/div><\/div><\/div><div class=\"fusion-layout-column fusion_builder_column fusion-builder-column-3 fusion_builder_column_1_2 1_2 fusion-flex-column\" style=\"--awb-bg-size:cover;--awb-width-large:50%;--awb-margin-top-large:0px;--awb-spacing-right-large:3.84%;--awb-margin-bottom-large:20px;--awb-spacing-left-large:3.84%;--awb-width-medium:100%;--awb-order-medium:0;--awb-spacing-right-medium:1.92%;--awb-spacing-left-medium:1.92%;--awb-width-small:100%;--awb-order-small:0;--awb-spacing-right-small:1.92%;--awb-spacing-left-small:1.92%;\"><div class=\"fusion-column-wrapper fusion-column-has-shadow fusion-flex-justify-content-flex-start fusion-content-layout-column\"><div class=\"fusion-title title fusion-title-2 fusion-sep-none fusion-title-text fusion-title-size-one\" style=\"--awb-margin-bottom:40px;\"><h1 class=\"fusion-title-heading title-heading-left fusion-responsive-typography-calculated\" style=\"margin:0;--fontSize:54;line-height:var(--awb-typography1-line-height);\">Dr. Cristina Tomasi<\/h1><\/div><div class=\"fusion-text fusion-text-5\" style=\"--awb-font-size:20px;\"><p>Seit \u00fcber 30 Jahren ist Cristina als \u00c4rztin t\u00e4tig und widmet sich mit gro\u00dfer Leidenschaft der Aufkl\u00e4rung und Wissensvermittlung. Im Laufe ihrer beruflichen Laufbahn verfolgt sie einen integrativen medizinischen Ansatz und hat die positiven Effekte von Lebensstilver\u00e4nderungen \u2013 insbesondere in der Ern\u00e4hrung \u2013 auch pers\u00f6nlich erfahren.<\/p>\n<p>Als Frau, die eine vorzeitige Menopause erlebt hat, entdeckte sie die Vorteile einer bioidentischen Hormontherapie, die ihre Lebensqualit\u00e4t deutlich verbessert hat.<\/p>\n<p>Auch als Patientin hat sie Erfahrungen gesammelt: Ihr eigener Kampf gegen Krebs hat ihr bewusst gemacht, wie wichtig es ist, den Symptomen der Patienten aufmerksam zuzuh\u00f6ren und die Ursachen ihrer gesundheitlichen Probleme wirklich zu verstehen.<\/p>\n<p><em>\u201eWerden Sie zur Gestalterin Ihrer eigenen Gesundheit.\u201c<\/em><\/p>\n<\/div><\/div><\/div><\/div><\/div><div class=\"fusion-fullwidth fullwidth-box fusion-builder-row-3 fusion-flex-container has-pattern-background has-mask-background nonhundred-percent-fullwidth non-hundred-percent-height-scrolling\" style=\"--awb-border-radius-top-left:0px;--awb-border-radius-top-right:0px;--awb-border-radius-bottom-right:0px;--awb-border-radius-bottom-left:0px;--awb-flex-wrap:wrap;\" ><div class=\"fusion-builder-row fusion-row fusion-flex-align-items-flex-start fusion-flex-content-wrap\" style=\"max-width:1476.8px;margin-left: calc(-4% \/ 2 );margin-right: calc(-4% \/ 2 );\"><div class=\"fusion-layout-column fusion_builder_column fusion-builder-column-4 fusion_builder_column_1_1 1_1 fusion-flex-column\" style=\"--awb-bg-size:cover;--awb-width-large:100%;--awb-margin-top-large:0px;--awb-spacing-right-large:1.92%;--awb-margin-bottom-large:20px;--awb-spacing-left-large:1.92%;--awb-width-medium:100%;--awb-order-medium:0;--awb-spacing-right-medium:1.92%;--awb-spacing-left-medium:1.92%;--awb-width-small:100%;--awb-order-small:0;--awb-spacing-right-small:1.92%;--awb-spacing-left-small:1.92%;\"><div class=\"fusion-column-wrapper fusion-column-has-shadow fusion-flex-justify-content-flex-start fusion-content-layout-column\"><div class=\"fusion-title title fusion-title-3 fusion-sep-none fusion-title-center fusion-title-text fusion-title-size-two\" style=\"--awb-margin-top:40px;--awb-margin-bottom:40px;\"><h2 class=\"fusion-title-heading title-heading-center fusion-responsive-typography-calculated\" style=\"margin:0;--fontSize:36;line-height:1.2;\">Verifizierte Bewertungen <span style=\"color: #00b67a;\"><strong>Trustpilot<\/strong><\/span><\/h2><\/div><!-- TrustBox widget - Product Reviews SEO -->\n<div class=\"trustpilot-widget\" data-locale=\"it-IT\" data-template-id=\"5717796816f630043868e2e8\" data-businessunit-id=\"653b7ea6aa4e105c3e022464\" data-style-height=\"700px\" data-style-width=\"100%\" data-theme=\"light\" data-sku=\"TRUSTPILOT_SKU_VALUE_18489\" data-name=\"Conosci il tuo metabolismo\" data-review-languages=\"it\" data-no-reviews=\"hide\" data-fullwidth=\"true\">\n  <a href=\"https:\/\/it.trustpilot.com\/review\/toplifeproject.com\" target=\"_blank\" rel=\"noopener\">Trustpilot<\/a>\n<\/div>\n<!-- End TrustBox widget --><\/div><\/div><\/div><\/div><\/p>","protected":false},"excerpt":{"rendered":"<p style=\"text-align: center; font-size: 24px;\">Erfahre, wie du Insulinresistenz, Fettleber und andere damit verbundene Erkrankungen wie chronische Entz\u00fcndungen, PCOS, Endometriose und Autoimmunerkrankungen vermeiden kannst \u2013 durch die Kontrolle deines Stoffwechsels.<\/p>\n<h3 style=\"text-align: center;\"><span style=\"color: #ff0000;\">ACHTUNG: DIESES PRODUKT IST VOM UMTAUSCH UND DER R\u00dcCKERSTATTUNG AUSGESCHLOSSEN.<\/span><\/h3>","protected":false},"featured_media":32141,"template":"","meta":{"_iconic_wsb_product_page_order_bump_ids":[[]],"_sku":["TLP10000008"],"_iconic_wsb_product_page_bump_modal_ids":[[]]},"product_brand":[],"product_cat":[54],"product_tag":[391],"class_list":{"0":"post-18489","1":"product","2":"type-product","3":"status-publish","4":"has-post-thumbnail","6":"product_cat-masterclass","7":"product_tag-conosci-il-tuo-metabolismo","9":"first","10":"instock","11":"featured","12":"virtual","13":"sold-individually","14":"taxable","15":"purchasable","16":"product-type-course"},"aioseo_notices":[],"publishpress_future_workflow_manual_trigger":{"enabledWorkflows":[]},"_links":{"self":[{"href":"https:\/\/toplifeproject.com\/de\/wp-json\/wp\/v2\/product\/18489","targetHints":{"allow":["GET"]}}],"collection":[{"href":"https:\/\/toplifeproject.com\/de\/wp-json\/wp\/v2\/product"}],"about":[{"href":"https:\/\/toplifeproject.com\/de\/wp-json\/wp\/v2\/types\/product"}],"wp:featuredmedia":[{"embeddable":true,"href":"https:\/\/toplifeproject.com\/de\/wp-json\/wp\/v2\/media\/32141"}],"wp:attachment":[{"href":"https:\/\/toplifeproject.com\/de\/wp-json\/wp\/v2\/media?parent=18489"}],"wp:term":[{"taxonomy":"product_brand","embeddable":true,"href":"https:\/\/toplifeproject.com\/de\/wp-json\/wp\/v2\/product_brand?post=18489"},{"taxonomy":"product_cat","embeddable":true,"href":"https:\/\/toplifeproject.com\/de\/wp-json\/wp\/v2\/product_cat?post=18489"},{"taxonomy":"product_tag","embeddable":true,"href":"https:\/\/toplifeproject.com\/de\/wp-json\/wp\/v2\/product_tag?post=18489"}],"curies":[{"name":"wp","href":"https:\/\/api.w.org\/{rel}","templated":true}]}}