{"id":191,"date":"2020-04-30T14:26:02","date_gmt":"2020-04-30T14:26:02","guid":{"rendered":"https:\/\/toplifeproject.com\/?post_type=product&#038;p=191"},"modified":"2025-03-13T09:27:47","modified_gmt":"2025-03-13T08:27:47","slug":"soft-low-carb-colazioni-e-dessert","status":"publish","type":"product","link":"https:\/\/toplifeproject.com\/de\/prodotto\/soft-low-carb-colazioni-e-dessert\/","title":{"rendered":"Soft Low Carb Colazioni e Dessert"},"content":{"rendered":"<p class=\"translation-block\">Es ist verst\u00e4ndlich, dass Menschen, die mit einer Low-Carb-Ern\u00e4hrung beginnen,\nzun\u00e4chst nach Alternativen zu Lebensmitteln suchen, die sie gewohnt waren zu essen,\nwie Brot, Pasta, Kuchen oder Kekse.\n\nDie Rezepte f\u00fcr Fr\u00fchst\u00fcck und Desserts in diesem E-Book helfen dir,\nden Einstieg in die Low-Carb-Ern\u00e4hrung auf sanfte Weise zu gestalten.\nDu findest darin Kuchen, Kekse und L\u00f6ffeldesserts, die mit alternativen Mehlen\noder S\u00fc\u00dfungsmitteln wie Erythrit zubereitet werden.\n\nDiese Rezepte spiegeln den Weg wider, den Nadia \u2013 Autorin des Buches und Patientin\nvon Dr. Tomasi \u2013 selbst gegangen ist. Als leidenschaftliche Hobbyk\u00f6chin hat sie\nkreative L\u00f6sungen entwickelt, w\u00e4hrend sie ihre Ern\u00e4hrung von einer typischen\nwestlichen Ern\u00e4hrungsweise hin zu einer Paleo-orientierten Ern\u00e4hrung umgestellt hat.<\/p>\n<p>Denke daran: Sich ab und zu eine kleine s\u00fc\u00dfe Freude zu g\u00f6nnen \u2013 auf die richtige Weise \u2013\nist oft der beste Weg, um langfristig auf dem Weg zu mehr Wohlbefinden zu bleiben.<\/p>\n<p><img decoding=\"async\" class=\"lazyload size-full wp-image-5455 alignleft\" src=\"data:image\/svg+xml,%3Csvg%20xmlns%3D%27http%3A%2F%2Fwww.w3.org%2F2000%2Fsvg%27%20width%3D%2778%27%20height%3D%2796%27%20viewBox%3D%270%200%2078%2096%27%3E%3Crect%20width%3D%2778%27%20height%3D%2796%27%20fill-opacity%3D%220%22%2F%3E%3C%2Fsvg%3E\" data-orig-src=\"https:\/\/toplifeproject.com\/wp-content\/uploads\/2022\/12\/PDF_file_icon.png\" alt=\"\" width=\"78\" height=\"96\" \/><strong>VERF\u00dcGBAR<\/strong><br \/>\n<strong>NUR ALS DIGITALE PDF-VERSION<\/strong><\/p>","protected":false},"excerpt":{"rendered":"<p>von Dr. Cristina Tomasi und Nadia<\/p>\n<p>In diesem E-Book findest du mehr als 40 Dessertrezepte,\nmit denen du dir gelegentlich eine s\u00fc\u00dfe Freude g\u00f6nnen kannst \u2013\nmit wenig Zucker und einem niedrigen Kohlenhydratanteil.<\/p>\n<p><img decoding=\"async\" class=\"size-full wp-image-5455 alignleft\" src=\"https:\/\/toplifeproject.com\/wp-content\/uploads\/2022\/12\/PDF_file_icon.png\" alt=\"\" width=\"78\" height=\"96\" \/><strong>VERF\u00dcGBAR<\/strong><br \/>\n<strong>NUR ALS DIGITALE PDF-VERSION<\/strong><\/p>","protected":false},"featured_media":23838,"template":"","meta":{"_iconic_wsb_product_page_order_bump_ids":[[]],"_sku":["TLP10000023"],"_iconic_wsb_product_page_bump_modal_ids":[[]]},"product_brand":[],"product_cat":[37],"product_tag":[62],"class_list":{"0":"post-191","1":"product","2":"type-product","3":"status-publish","4":"has-post-thumbnail","6":"product_cat-ebook-pdf","7":"product_tag-low-carb-colazione-e-dessert","9":"first","10":"instock","11":"featured","12":"downloadable","13":"virtual","14":"sold-individually","15":"taxable","16":"purchasable","17":"product-type-simple"},"aioseo_notices":[],"publishpress_future_workflow_manual_trigger":{"enabledWorkflows":[]},"_links":{"self":[{"href":"https:\/\/toplifeproject.com\/de\/wp-json\/wp\/v2\/product\/191","targetHints":{"allow":["GET"]}}],"collection":[{"href":"https:\/\/toplifeproject.com\/de\/wp-json\/wp\/v2\/product"}],"about":[{"href":"https:\/\/toplifeproject.com\/de\/wp-json\/wp\/v2\/types\/product"}],"wp:featuredmedia":[{"embeddable":true,"href":"https:\/\/toplifeproject.com\/de\/wp-json\/wp\/v2\/media\/23838"}],"wp:attachment":[{"href":"https:\/\/toplifeproject.com\/de\/wp-json\/wp\/v2\/media?parent=191"}],"wp:term":[{"taxonomy":"product_brand","embeddable":true,"href":"https:\/\/toplifeproject.com\/de\/wp-json\/wp\/v2\/product_brand?post=191"},{"taxonomy":"product_cat","embeddable":true,"href":"https:\/\/toplifeproject.com\/de\/wp-json\/wp\/v2\/product_cat?post=191"},{"taxonomy":"product_tag","embeddable":true,"href":"https:\/\/toplifeproject.com\/de\/wp-json\/wp\/v2\/product_tag?post=191"}],"curies":[{"name":"wp","href":"https:\/\/api.w.org\/{rel}","templated":true}]}}