{"id":193,"date":"2020-04-30T14:38:51","date_gmt":"2020-04-30T14:38:51","guid":{"rendered":"https:\/\/toplifeproject.com\/?post_type=product&#038;p=193"},"modified":"2025-03-13T09:27:28","modified_gmt":"2025-03-13T08:27:28","slug":"semplicemente-paleo","status":"publish","type":"product","link":"https:\/\/toplifeproject.com\/de\/prodotto\/semplicemente-paleo\/","title":{"rendered":"Einfach Paleo"},"content":{"rendered":"<p>In den letzten Jahrzehnten ist die Zahl der Autoimmunerkrankungen stark angestiegen, insbesondere autoimmune Schilddr\u00fcsenerkrankungen, Psoriasis, Vitiligo, rheumatoide Arthritis und entz\u00fcndliche Darmerkrankungen. Leider wird erwartet, dass diese Erkrankungen weiter zunehmen.<\/p>\n<p>Mit diesem E-Book m\u00f6chten wir \u2013 gemeinsam mit Claudia und Giulia \u2013 zeigen, dass es wirklich einfach ist, sich gesund zu ern\u00e4hren. Man braucht keine exotischen, schwer erh\u00e4ltlichen oder teuren Zutaten. Schritt f\u00fcr Schritt, Mahlzeit f\u00fcr Mahlzeit, k\u00f6nnen wir im Alltag daran arbeiten, unsere Gesundheit aufzubauen oder wiederherzustellen.<\/p>\n<p>In diesem E-Book findest du 30 originelle Rezepte, die dir immer wieder neue Ideen geben, um Paleo zu essen und f\u00fcr dich und deine Familie wirklich schmackhafte Gerichte zuzubereiten \u2013 mit einfachen Zutaten wie Fleisch, Fisch, Eiern und saisonalem Gem\u00fcse.<\/p>\n<p>Die Rezepte sind abwechslungsreich, alles andere als langweilig und lassen sich auch mit wenig Zeitaufwand zubereiten.<br \/>\nMit diesem Buch m\u00f6chten wir dir zeigen, dass es wirklich einfach sein kann, sich wohlzuf\u00fchlen \u2013 viel einfacher, als du vielleicht denkst.<\/p>\n<p><img decoding=\"async\" class=\"lazyload size-full wp-image-5455 alignleft\" src=\"data:image\/svg+xml,%3Csvg%20xmlns%3D%27http%3A%2F%2Fwww.w3.org%2F2000%2Fsvg%27%20width%3D%2778%27%20height%3D%2796%27%20viewBox%3D%270%200%2078%2096%27%3E%3Crect%20width%3D%2778%27%20height%3D%2796%27%20fill-opacity%3D%220%22%2F%3E%3C%2Fsvg%3E\" data-orig-src=\"https:\/\/toplifeproject.com\/wp-content\/uploads\/2022\/12\/PDF_file_icon.png\" alt=\"\" width=\"78\" height=\"96\" \/><strong>VERF\u00dcGBAR<\/strong><br \/>\n<strong>NUR ALS DIGITALE PDF-VERSION<\/strong><\/p>","protected":false},"excerpt":{"rendered":"<p>von Dr. Cristina Tomasi, Claudia Perbellini und Giulia Piubelli<\/p>\n<p>Die Paleo-Ern\u00e4hrung basiert vor allem auf Fleisch, Fisch, Eiern sowie saisonalem Obst und Gem\u00fcse.\nMit dem E-Book \u201eEinfach Paleo: 30 einfache Rezepte mit frischen Zutaten\u201c m\u00f6chten wir zeigen, wie leicht es ist, diese wunderbaren Lebensmittel zu nutzen, um originelle und k\u00f6stliche Rezepte zuzubereiten \u2013 ganz ohne komplizierte Abl\u00e4ufe.<\/p>\n<p>Alle Rezepte sind einfach umzusetzen und f\u00fcr jeden geeignet.<br \/>\nMit Genuss Paleo essen und f\u00fcr die ganze Familie kochen \u2013 das ist m\u00f6glich!<\/p>\n<p><img decoding=\"async\" class=\"size-full wp-image-5455 alignleft\" src=\"https:\/\/toplifeproject.com\/wp-content\/uploads\/2022\/12\/PDF_file_icon.png\" alt=\"\" width=\"78\" height=\"96\" \/><strong>VERF\u00dcGBAR<\/strong><br \/>\n<strong>NUR ALS DIGITALE PDF-VERSION<\/strong><\/p>","protected":false},"featured_media":23839,"template":"","meta":{"_iconic_wsb_product_page_order_bump_ids":[[]],"_sku":["TLP10000022"],"_iconic_wsb_product_page_bump_modal_ids":[[]]},"product_brand":[],"product_cat":[37],"product_tag":[61],"class_list":{"0":"post-193","1":"product","2":"type-product","3":"status-publish","4":"has-post-thumbnail","6":"product_cat-ebook-pdf","7":"product_tag-paleo","9":"first","10":"instock","11":"featured","12":"downloadable","13":"virtual","14":"sold-individually","15":"taxable","16":"purchasable","17":"product-type-simple"},"aioseo_notices":[],"publishpress_future_workflow_manual_trigger":{"enabledWorkflows":[]},"_links":{"self":[{"href":"https:\/\/toplifeproject.com\/de\/wp-json\/wp\/v2\/product\/193","targetHints":{"allow":["GET"]}}],"collection":[{"href":"https:\/\/toplifeproject.com\/de\/wp-json\/wp\/v2\/product"}],"about":[{"href":"https:\/\/toplifeproject.com\/de\/wp-json\/wp\/v2\/types\/product"}],"wp:featuredmedia":[{"embeddable":true,"href":"https:\/\/toplifeproject.com\/de\/wp-json\/wp\/v2\/media\/23839"}],"wp:attachment":[{"href":"https:\/\/toplifeproject.com\/de\/wp-json\/wp\/v2\/media?parent=193"}],"wp:term":[{"taxonomy":"product_brand","embeddable":true,"href":"https:\/\/toplifeproject.com\/de\/wp-json\/wp\/v2\/product_brand?post=193"},{"taxonomy":"product_cat","embeddable":true,"href":"https:\/\/toplifeproject.com\/de\/wp-json\/wp\/v2\/product_cat?post=193"},{"taxonomy":"product_tag","embeddable":true,"href":"https:\/\/toplifeproject.com\/de\/wp-json\/wp\/v2\/product_tag?post=193"}],"curies":[{"name":"wp","href":"https:\/\/api.w.org\/{rel}","templated":true}]}}