{"id":206,"date":"2020-05-01T12:53:50","date_gmt":"2020-05-01T10:53:50","guid":{"rendered":"https:\/\/toplifeproject.com\/?post_type=product&#038;p=206"},"modified":"2025-03-13T09:27:18","modified_gmt":"2025-03-13T08:27:18","slug":"la-tua-colazione-low-carb","status":"publish","type":"product","link":"https:\/\/toplifeproject.com\/de\/prodotto\/la-tua-colazione-low-carb\/","title":{"rendered":"Dein Low-Carb-Fr\u00fchst\u00fcck"},"content":{"rendered":"<p><div class=\"fusion-fullwidth fullwidth-box fusion-builder-row-1 fusion-flex-container nonhundred-percent-fullwidth non-hundred-percent-height-scrolling\" style=\"--awb-border-radius-top-left:0px;--awb-border-radius-top-right:0px;--awb-border-radius-bottom-right:0px;--awb-border-radius-bottom-left:0px;--awb-flex-wrap:wrap;\" ><div class=\"fusion-builder-row fusion-row fusion-flex-align-items-flex-start fusion-flex-content-wrap\" style=\"max-width:1476.8px;margin-left: calc(-4% \/ 2 );margin-right: calc(-4% \/ 2 );\"><div class=\"fusion-layout-column fusion_builder_column fusion-builder-column-0 fusion_builder_column_1_1 1_1 fusion-flex-column\" style=\"--awb-bg-size:cover;--awb-width-large:100%;--awb-margin-top-large:0px;--awb-spacing-right-large:1.92%;--awb-margin-bottom-large:0px;--awb-spacing-left-large:1.92%;--awb-width-medium:100%;--awb-spacing-right-medium:1.92%;--awb-spacing-left-medium:1.92%;--awb-width-small:100%;--awb-spacing-right-small:1.92%;--awb-spacing-left-small:1.92%;\"><div class=\"fusion-column-wrapper fusion-flex-justify-content-flex-start fusion-content-layout-column\"><div class=\"fusion-text fusion-text-1\"><p style=\"text-align: center;\">\n<\/div><div class=\"fusion-video fusion-vimeo\" style=\"--awb-max-width:1280px;--awb-max-height:720px;--awb-align-self:center;--awb-width:100%;\" itemscope itemtype=\"http:\/\/schema.org\/VideoObject\"><meta itemprop=\"name\" content=\"Colazione Low Carb\" \/><meta itemprop=\"thumbnailUrl\" content=\"https:\/\/vumbnail.com\/762044212\" \/><meta itemprop=\"embedUrl\" content=\"https:\/\/player.vimeo.com\/video\/762044212\" \/><div class=\"video-shortcode\"><div class=\"fluid-width-video-wrapper\" style=\"padding-top:56.25%;\" ><iframe title=\"Vimeo video player 1\" src=\"https:\/\/player.vimeo.com\/video\/762044212?autoplay=0&amp;autopause=0\" width=\"1280\" height=\"720\" allowfullscreen allow=\"autoplay; fullscreen\"><\/iframe><\/div><\/div><\/div><div class=\"fusion-separator fusion-full-width-sep\" style=\"align-self: center;margin-left: auto;margin-right: auto;margin-top:20px;margin-bottom:20px;width:100%;\"><\/div><div class=\"fusion-text fusion-text-2\"><p>Le colazioni di molte persone, sono diventate dei dessert quotidiani con quantitativi di zucchero assurdi, che innescano un saliscendi degno delle montagne russe pi\u00f9 sofisticate dei loro valori glicemici con conseguenze tremende per il loro metabolismo.<\/p>\n<p>Nonostante l\u2019aspettativa di vita stia aumentando, ci\u00f2 avviene al prezzo di molti anni di salute spesso pessima; le stesse donne, che hanno un\u2019aspettativa di vita maggiore rispetto all\u2019uomo in media di cinque anni, hanno per\u00f2 lo stesso numero di anni attivi che hanno gli uomini.<\/p>\n<p>Cosa significa? Che spendono questi cinque anni in pi\u00f9 di vita spesso curando una miriade di patologie croniche, assumendo una lista lunga di farmaci o, peggio ancora, trascorrendoli in casa di riposo affette da demenza.<\/p>\n<p>Noi non vogliamo questo! Dobbiamo cambiare rotta, cominciando dal primo pasto della giornata: la colazione.<\/p>\n<p>Con questo libro vogliamo farvi capire che possiamo fare delle colazioni low carb appetitose, iniziando la giornata senza far schizzare la glicemia con picchi glicemici assurdi che avrebbero un impatto negativo su tutto l\u2019andamento metabolico della giornata ma anche sul vostro performance status.<\/p>\n<p>In questo eBook abbiamo creato delle ricette originali, di facile realizzazione per una colazione gustosa, formulate in modo da non stancarvi mai e da rendere felici anche i vostri familiari.<\/p>\n<p>Ricordatevi, voi siete i veri protagonisti della vostra salute<\/p>\n<p><em>Dr. Med Cristina Tomasi<\/em><\/p>\n<p><img decoding=\"async\" class=\"lazyload size-full wp-image-5455 alignleft\" src=\"data:image\/svg+xml,%3Csvg%20xmlns%3D%27http%3A%2F%2Fwww.w3.org%2F2000%2Fsvg%27%20width%3D%2778%27%20height%3D%2796%27%20viewBox%3D%270%200%2078%2096%27%3E%3Crect%20width%3D%2778%27%20height%3D%2796%27%20fill-opacity%3D%220%22%2F%3E%3C%2Fsvg%3E\" data-orig-src=\"https:\/\/toplifeproject.com\/wp-content\/uploads\/2022\/12\/PDF_file_icon.png\" alt=\"\" width=\"78\" height=\"96\" \/><strong>VERF\u00dcGBAR<\/strong><br \/>\n<strong>NUR ALS DIGITALE PDF-VERSION<\/strong><\/p>\n<\/div><\/div><\/div><\/div><\/div><div class=\"fusion-fullwidth fullwidth-box fusion-builder-row-2 fusion-flex-container has-pattern-background has-mask-background nonhundred-percent-fullwidth non-hundred-percent-height-scrolling\" style=\"--awb-border-radius-top-left:0px;--awb-border-radius-top-right:0px;--awb-border-radius-bottom-right:0px;--awb-border-radius-bottom-left:0px;--awb-flex-wrap:wrap;\" ><div class=\"fusion-builder-row fusion-row fusion-flex-align-items-flex-start fusion-flex-content-wrap\" style=\"max-width:1476.8px;margin-left: calc(-4% \/ 2 );margin-right: calc(-4% \/ 2 );\"><div class=\"fusion-layout-column fusion_builder_column fusion-builder-column-1 fusion_builder_column_1_1 1_1 fusion-flex-column\" style=\"--awb-bg-size:cover;--awb-width-large:100%;--awb-margin-top-large:0px;--awb-spacing-right-large:1.92%;--awb-margin-bottom-large:20px;--awb-spacing-left-large:1.92%;--awb-width-medium:100%;--awb-order-medium:0;--awb-spacing-right-medium:1.92%;--awb-spacing-left-medium:1.92%;--awb-width-small:100%;--awb-order-small:0;--awb-spacing-right-small:1.92%;--awb-spacing-left-small:1.92%;\"><div class=\"fusion-column-wrapper fusion-column-has-shadow fusion-flex-justify-content-flex-start fusion-content-layout-column\"><div class=\"fusion-title title fusion-title-1 fusion-sep-none fusion-title-center fusion-title-text fusion-title-size-two\" style=\"--awb-margin-top:40px;--awb-margin-bottom:40px;\"><h2 class=\"fusion-title-heading title-heading-center fusion-responsive-typography-calculated\" style=\"margin:0;--fontSize:36;line-height:1.2;\">Verifizierte Bewertungen <span style=\"color: #00b67a;\"><strong>Trustpilot<\/strong><\/span><\/h2><\/div><!-- TrustBox widget - Product Reviews SEO -->\n<div class=\"trustpilot-widget\" data-locale=\"it-IT\" data-template-id=\"5717796816f630043868e2e8\" data-businessunit-id=\"653b7ea6aa4e105c3e022464\" data-style-height=\"400px\" data-style-width=\"100%\" data-theme=\"light\" data-sku=\"TRUSTPILOT_SKU_VALUE_206\" data-name=\"La tua colazione Low-Carb \" data-review-languages=\"it\" data-no-reviews=\"hide\" data-fullwidth=\"true\">\n  <a href=\"https:\/\/it.trustpilot.com\/review\/toplifeproject.com\" target=\"_blank\" rel=\"noopener\">Trustpilot<\/a>\n<\/div>\n<!-- End TrustBox widget --><\/div><\/div><\/div><\/div><\/p>","protected":false},"excerpt":{"rendered":"<p>von Dr. Cristina Tomasi, Claudia Perbellini und Giulia Piubelli<\/p>\n<p class=\"translation-block\">Mit dem E-Book <strong>\u201eDein Low-Carb-Fr\u00fchst\u00fcck: mehr als 25 s\u00fc\u00dfe und herzhafte Rezepte mit einfachen Zutaten\u201c<\/strong> m\u00f6chten wir zeigen, wie leicht es ist, diese wunderbaren Lebensmittel zu nutzen, um originelle und schmackhafte Rezepte zuzubereiten \u2013 ganz ohne komplizierte Abl\u00e4ufe.\n\n\nDu wirst entdecken, wie man <strong>k\u00f6stliche Low-Carb-Fr\u00fchst\u00fccke<\/strong> zubereitet \u2013 mit <strong>kreativen Rezepten<\/strong>, die nicht langweilig werden. So kannst du den Tag mit <strong>Klarheit<\/strong>, <strong>Energie<\/strong> und einem <strong>S\u00e4ttigungsgef\u00fchl<\/strong> beginnen, das dich bis zum Mittag begleitet. Sag den st\u00e4ndigen Snacks w\u00e4hrend des Tages Lebewohl!<\/p>\n<p>Alle Rezepte in diesem E-Book basieren auf frischen, leicht erh\u00e4ltlichen Zutaten und sind einfach zuzubereiten \u2013 f\u00fcr jeden umsetzbar.<br \/>\nDenke daran: Die Art und Weise, wie wir essen, hat einen gro\u00dfen Einfluss auf unser k\u00f6rperliches und geistiges Wohlbefinden.<\/p>\n<p><img decoding=\"async\" class=\"size-full wp-image-5455 alignleft\" src=\"https:\/\/toplifeproject.com\/wp-content\/uploads\/2022\/12\/PDF_file_icon.png\" alt=\"\" width=\"78\" height=\"96\" \/><strong>VERF\u00dcGBAR<\/strong><br \/>\n<strong>NUR ALS DIGITALE PDF-VERSION<\/strong><\/p>","protected":false},"featured_media":23845,"template":"","meta":{"_iconic_wsb_product_page_order_bump_ids":[[]],"_sku":["TLP10000021"],"_iconic_wsb_product_page_bump_modal_ids":[[]]},"product_brand":[],"product_cat":[37],"product_tag":[60],"class_list":{"0":"post-206","1":"product","2":"type-product","3":"status-publish","4":"has-post-thumbnail","6":"product_cat-ebook-pdf","7":"product_tag-colazione-low-carb","9":"first","10":"instock","11":"featured","12":"downloadable","13":"virtual","14":"sold-individually","15":"taxable","16":"purchasable","17":"product-type-simple"},"aioseo_notices":[],"publishpress_future_workflow_manual_trigger":{"enabledWorkflows":[]},"_links":{"self":[{"href":"https:\/\/toplifeproject.com\/de\/wp-json\/wp\/v2\/product\/206","targetHints":{"allow":["GET"]}}],"collection":[{"href":"https:\/\/toplifeproject.com\/de\/wp-json\/wp\/v2\/product"}],"about":[{"href":"https:\/\/toplifeproject.com\/de\/wp-json\/wp\/v2\/types\/product"}],"wp:featuredmedia":[{"embeddable":true,"href":"https:\/\/toplifeproject.com\/de\/wp-json\/wp\/v2\/media\/23845"}],"wp:attachment":[{"href":"https:\/\/toplifeproject.com\/de\/wp-json\/wp\/v2\/media?parent=206"}],"wp:term":[{"taxonomy":"product_brand","embeddable":true,"href":"https:\/\/toplifeproject.com\/de\/wp-json\/wp\/v2\/product_brand?post=206"},{"taxonomy":"product_cat","embeddable":true,"href":"https:\/\/toplifeproject.com\/de\/wp-json\/wp\/v2\/product_cat?post=206"},{"taxonomy":"product_tag","embeddable":true,"href":"https:\/\/toplifeproject.com\/de\/wp-json\/wp\/v2\/product_tag?post=206"}],"curies":[{"name":"wp","href":"https:\/\/api.w.org\/{rel}","templated":true}]}}