{"id":24981,"date":"2024-05-18T12:51:44","date_gmt":"2024-05-18T10:51:44","guid":{"rendered":"https:\/\/toplifeproject.com\/?post_type=product&#038;p=24981"},"modified":"2026-04-02T14:12:52","modified_gmt":"2026-04-02T12:12:52","slug":"esami-del-sangue-conoscerli-per-capirli","status":"publish","type":"product","link":"https:\/\/toplifeproject.com\/de\/prodotto\/esami-del-sangue-conoscerli-per-capirli\/","title":{"rendered":"Masterclass esami del sangue: conoscerli per capirli"},"content":{"rendered":"<p><div class=\"fusion-fullwidth fullwidth-box fusion-builder-row-1 fusion-flex-container has-pattern-background has-mask-background nonhundred-percent-fullwidth non-hundred-percent-height-scrolling\" style=\"--awb-border-radius-top-left:0px;--awb-border-radius-top-right:0px;--awb-border-radius-bottom-right:0px;--awb-border-radius-bottom-left:0px;--awb-flex-wrap:wrap;\" ><div class=\"fusion-builder-row fusion-row fusion-flex-align-items-flex-start fusion-flex-justify-content-center fusion-flex-content-wrap\" style=\"max-width:1476.8px;margin-left: calc(-4% \/ 2 );margin-right: calc(-4% \/ 2 );\"><div class=\"fusion-layout-column fusion_builder_column fusion-builder-column-0 fusion_builder_column_1_1 1_1 fusion-flex-column\" style=\"--awb-bg-size:cover;--awb-width-large:100%;--awb-margin-top-large:0px;--awb-spacing-right-large:1.92%;--awb-margin-bottom-large:20px;--awb-spacing-left-large:1.92%;--awb-width-medium:100%;--awb-order-medium:0;--awb-spacing-right-medium:1.92%;--awb-spacing-left-medium:1.92%;--awb-width-small:100%;--awb-order-small:0;--awb-spacing-right-small:1.92%;--awb-spacing-left-small:1.92%;\"><div class=\"fusion-column-wrapper fusion-column-has-shadow fusion-flex-justify-content-flex-start fusion-content-layout-column\"><div class=\"fusion-title title fusion-title-1 fusion-sep-none fusion-title-center fusion-title-highlight fusion-animate-loop fusion-highlight-underline_zigzag fusion-title-size-three\" style=\"--awb-text-color:#ff0000;--awb-highlight-top-margin:25px;--awb-margin-top:40px;--awb-margin-bottom:40px;--awb-margin-bottom-small:40px;\" data-highlight=\"underline_zigzag\"><h3 class=\"fusion-title-heading title-heading-center fusion-responsive-typography-calculated\" style=\"margin:0;--fontSize:24;line-height:1.3;\"><span class=\"fusion-highlighted-text-prefix\"><\/span> <span class=\"fusion-highlighted-text-wrapper\"><span class=\"fusion-highlighted-text\">ACHTUNG: DIESES PRODUKT IST VOM UMTAUSCH UND DER R\u00dcCKERSTATTUNG AUSGESCHLOSSEN.<\/span><svg xmlns=\"http:\/\/www.w3.org\/2000\/svg\" viewbox=\"0 0 500 150\" preserveaspectratio=\"none\"><path d=\"M6.1,133.6c0,0,173.4-20.6,328.3-14.5c154.8,6.1,162.2,8.7,162.2,8.7s-262.6-4.9-339.2,13.9 c0,0,113.8-6.1,162.9,6.9\"><\/path><\/svg><\/span> <span class=\"fusion-highlighted-text-postfix\"><\/span><\/h3><\/div><div class=\"fusion-text fusion-text-1\" style=\"--awb-content-alignment:center;\"><h3>In questa masterclass comprenderai<br \/>\nda Cristina Tomasi stessa<\/h3>\n<\/div><\/div><\/div><div class=\"fusion-layout-column fusion_builder_column fusion-builder-column-1 fusion_builder_column_1_2 1_2 fusion-flex-column\" style=\"--awb-bg-size:cover;--awb-width-large:50%;--awb-margin-top-large:0px;--awb-spacing-right-large:3.84%;--awb-margin-bottom-large:20px;--awb-spacing-left-large:3.84%;--awb-width-medium:100%;--awb-order-medium:0;--awb-spacing-right-medium:1.92%;--awb-spacing-left-medium:1.92%;--awb-width-small:100%;--awb-order-small:0;--awb-spacing-right-small:1.92%;--awb-spacing-left-small:1.92%;\"><div class=\"fusion-column-wrapper fusion-column-has-shadow fusion-flex-justify-content-flex-start fusion-content-layout-column\"><div class=\"fusion-text fusion-text-2\" style=\"--awb-content-alignment:center;--awb-font-size:18px;--awb-text-color:#000000;--awb-text-font-family:&quot;Montserrat&quot;;--awb-text-font-style:normal;--awb-text-font-weight:400;\"><ul>\n<li>A leggere e capire i tuoi esami del sangue: Sveleremo il significato di valori di riferimento, valori ottimali e range di normalit\u00e0. Imparerai a distinguere i valori che richiedono attenzione da quelli che rientrano nella norma.<\/li>\n<li>Come eseguire un prelievo del sangue attendibile: Ti guideremo passo dopo passo nella preparazione al prelievo, svelando i segreti per ottenere risultati precisi e affidabili.<\/li>\n<li>Quali sono le interferenze pre-analitiche da evitare: Scoprirai come alcuni farmaci, cibi e abitudini possono influenzare i risultati dei tuoi esami e come evitarli per ottenere un quadro completo della tua salute.<\/li>\n<li>Quali valori del sangue sono importanti da monitorare: Ti mostreremo quali parametri vengono comunemente analizzati in un prelievo di routine e perch\u00e9 sono importanti per la tua salute.<\/li>\n<\/ul>\n<p>Ad analizzare nel dettaglio i singoli parametri: Entreremo nel vivo dei principali valori ematici, spiegandoti il loro significato e come possono essere influenzati da vari fattori.<\/p>\n<p>Questo webinar \u00e8 perfetto per te se:<\/p>\n<p>Vuoi finalmente capire cosa significano i tuoi esami del sangue<br \/>\nDesideri imparare a leggere e interpretare correttamente i risultati<br \/>\nSei interessato a fare prevenzione e prenderti cura della tua salute in modo consapevole<br \/>\nHai dubbi o domande sui tuoi esami del sangue<\/p>\n<\/div><\/div><\/div><\/div><\/div><div class=\"fusion-fullwidth fullwidth-box fusion-builder-row-2 fusion-flex-container has-pattern-background has-mask-background nonhundred-percent-fullwidth non-hundred-percent-height-scrolling hide\" style=\"--awb-border-radius-top-left:0px;--awb-border-radius-top-right:0px;--awb-border-radius-bottom-right:0px;--awb-border-radius-bottom-left:0px;--awb-padding-right:27px;--awb-padding-bottom:36px;--awb-padding-left:21px;--awb-margin-top:50px;--awb-margin-bottom:0px;--awb-background-color:#f2f2f2;--awb-flex-wrap:wrap;\" ><div class=\"fusion-builder-row fusion-row fusion-flex-align-items-flex-start fusion-flex-content-wrap\" style=\"max-width:1476.8px;margin-left: calc(-4% \/ 2 );margin-right: calc(-4% \/ 2 );\"><div class=\"fusion-layout-column fusion_builder_column fusion-builder-column-2 fusion_builder_column_1_2 1_2 fusion-flex-column\" style=\"--awb-bg-size:cover;--awb-width-large:50%;--awb-margin-top-large:0px;--awb-spacing-right-large:0%;--awb-margin-bottom-large:20px;--awb-spacing-left-large:3.84%;--awb-width-medium:100%;--awb-order-medium:0;--awb-spacing-right-medium:1.92%;--awb-spacing-left-medium:1.92%;--awb-width-small:100%;--awb-order-small:0;--awb-spacing-right-small:1.92%;--awb-spacing-left-small:1.92%;\"><div class=\"fusion-column-wrapper fusion-column-has-shadow fusion-flex-justify-content-center fusion-content-layout-column\"><div class=\"fusion-image-element\" style=\"text-align:center;--awb-max-width:500px;--awb-caption-title-font-family:var(--h2_typography-font-family);--awb-caption-title-font-weight:var(--h2_typography-font-weight);--awb-caption-title-font-style:var(--h2_typography-font-style);--awb-caption-title-size:var(--h2_typography-font-size);--awb-caption-title-transform:var(--h2_typography-text-transform);--awb-caption-title-line-height:var(--h2_typography-line-height);--awb-caption-title-letter-spacing:var(--h2_typography-letter-spacing);\"><span class=\"fusion-imageframe imageframe-none imageframe-1 hover-type-none\"><img decoding=\"async\" width=\"678\" height=\"1024\" title=\"WhatsApp Image 2023-04-11 at 17.00.08\" src=\"https:\/\/toplifeproject.com\/wp-content\/uploads\/2023\/04\/WhatsApp-Image-2023-04-11-at-17.00.08.jpeg\" data-orig-src=\"https:\/\/toplifeproject.com\/wp-content\/uploads\/2023\/04\/WhatsApp-Image-2023-04-11-at-17.00.08.jpeg\" alt class=\"lazyload img-responsive wp-image-6518\" srcset=\"data:image\/svg+xml,%3Csvg%20xmlns%3D%27http%3A%2F%2Fwww.w3.org%2F2000%2Fsvg%27%20width%3D%27678%27%20height%3D%271024%27%20viewBox%3D%270%200%20678%201024%27%3E%3Crect%20width%3D%27678%27%20height%3D%271024%27%20fill-opacity%3D%220%22%2F%3E%3C%2Fsvg%3E\" data-srcset=\"https:\/\/toplifeproject.com\/wp-content\/uploads\/2023\/04\/WhatsApp-Image-2023-04-11-at-17.00.08-200x302.jpeg 200w, https:\/\/toplifeproject.com\/wp-content\/uploads\/2023\/04\/WhatsApp-Image-2023-04-11-at-17.00.08-400x604.jpeg 400w, https:\/\/toplifeproject.com\/wp-content\/uploads\/2023\/04\/WhatsApp-Image-2023-04-11-at-17.00.08-600x906.jpeg 600w, https:\/\/toplifeproject.com\/wp-content\/uploads\/2023\/04\/WhatsApp-Image-2023-04-11-at-17.00.08.jpeg 678w\" data-sizes=\"auto\" data-orig-sizes=\"(max-width: 1200px) 100vw, (max-width: 640px) 100vw, 678px\" \/><\/span><\/div><\/div><\/div><div class=\"fusion-layout-column fusion_builder_column fusion-builder-column-3 fusion_builder_column_1_2 1_2 fusion-flex-column\" style=\"--awb-bg-size:cover;--awb-width-large:50%;--awb-margin-top-large:0px;--awb-spacing-right-large:3.84%;--awb-margin-bottom-large:20px;--awb-spacing-left-large:3.84%;--awb-width-medium:100%;--awb-order-medium:0;--awb-spacing-right-medium:1.92%;--awb-spacing-left-medium:1.92%;--awb-width-small:100%;--awb-order-small:0;--awb-spacing-right-small:1.92%;--awb-spacing-left-small:1.92%;\"><div class=\"fusion-column-wrapper fusion-column-has-shadow fusion-flex-justify-content-flex-start fusion-content-layout-column\"><div class=\"fusion-title title fusion-title-2 fusion-sep-none fusion-title-text fusion-title-size-one\" style=\"--awb-margin-bottom:40px;\"><h1 class=\"fusion-title-heading title-heading-left fusion-responsive-typography-calculated\" style=\"margin:0;--fontSize:54;line-height:var(--awb-typography1-line-height);\">Dr. Cristina Tomasi<\/h1><\/div><div class=\"fusion-text fusion-text-3\" style=\"--awb-font-size:20px;\"><p>Seit \u00fcber 30 Jahren ist Cristina als \u00c4rztin t\u00e4tig und widmet sich mit gro\u00dfer Leidenschaft der Aufkl\u00e4rung und Wissensvermittlung. Im Laufe ihrer beruflichen Laufbahn verfolgt sie einen integrativen medizinischen Ansatz und hat die positiven Effekte von Lebensstilver\u00e4nderungen \u2013 insbesondere in der Ern\u00e4hrung \u2013 auch pers\u00f6nlich erfahren.<\/p>\n<p>Als Frau, die eine vorzeitige Menopause erlebt hat, entdeckte sie die Vorteile einer bioidentischen Hormontherapie, die ihre Lebensqualit\u00e4t deutlich verbessert hat.<\/p>\n<p>Auch als Patientin hat sie Erfahrungen gesammelt: Ihr eigener Kampf gegen Krebs hat ihr bewusst gemacht, wie wichtig es ist, den Symptomen der Patienten aufmerksam zuzuh\u00f6ren und die Ursachen ihrer gesundheitlichen Probleme wirklich zu verstehen.<\/p>\n<p><em>\u201eWerden Sie zur Gestalterin Ihrer eigenen Gesundheit.\u201c<\/em><\/p>\n<\/div><\/div><\/div><\/div><\/div><div class=\"fusion-fullwidth fullwidth-box fusion-builder-row-3 fusion-flex-container has-pattern-background has-mask-background nonhundred-percent-fullwidth non-hundred-percent-height-scrolling\" style=\"--awb-border-radius-top-left:0px;--awb-border-radius-top-right:0px;--awb-border-radius-bottom-right:0px;--awb-border-radius-bottom-left:0px;--awb-flex-wrap:wrap;\" ><div class=\"fusion-builder-row fusion-row fusion-flex-align-items-flex-start fusion-flex-content-wrap\" style=\"max-width:1476.8px;margin-left: calc(-4% \/ 2 );margin-right: calc(-4% \/ 2 );\"><div class=\"fusion-layout-column fusion_builder_column fusion-builder-column-4 fusion_builder_column_1_1 1_1 fusion-flex-column\" style=\"--awb-bg-size:cover;--awb-width-large:100%;--awb-margin-top-large:0px;--awb-spacing-right-large:1.92%;--awb-margin-bottom-large:20px;--awb-spacing-left-large:1.92%;--awb-width-medium:100%;--awb-order-medium:0;--awb-spacing-right-medium:1.92%;--awb-spacing-left-medium:1.92%;--awb-width-small:100%;--awb-order-small:0;--awb-spacing-right-small:1.92%;--awb-spacing-left-small:1.92%;\"><div class=\"fusion-column-wrapper fusion-column-has-shadow fusion-flex-justify-content-flex-start fusion-content-layout-column\"><div class=\"fusion-title title fusion-title-3 fusion-sep-none fusion-title-center fusion-title-text fusion-title-size-two\" style=\"--awb-margin-top:40px;--awb-margin-bottom:40px;\"><h2 class=\"fusion-title-heading title-heading-center fusion-responsive-typography-calculated\" style=\"margin:0;--fontSize:36;line-height:1.2;\">Verifizierte Bewertungen <span style=\"color: #00b67a;\"><strong>Trustpilot<\/strong><\/span><\/h2><\/div><!-- TrustBox widget - Product Reviews SEO -->\n<div class=\"trustpilot-widget\" data-locale=\"it-IT\" data-template-id=\"5717796816f630043868e2e8\" data-businessunit-id=\"653b7ea6aa4e105c3e022464\" data-style-height=\"700px\" data-style-width=\"100%\" data-theme=\"light\" data-sku=\"TRUSTPILOT_SKU_VALUE_18489\" data-name=\"Conosci il tuo metabolismo\" data-review-languages=\"it\" data-no-reviews=\"hide\" data-fullwidth=\"true\">\n  <a href=\"https:\/\/it.trustpilot.com\/review\/toplifeproject.com\" target=\"_blank\" rel=\"noopener\">Trustpilot<\/a>\n<\/div>\n<!-- End TrustBox widget --><\/div><\/div><\/div><\/div><\/p>","protected":false},"excerpt":{"rendered":"<p style=\"text-align: center; font-size: 24px;\">Die Masterclass zu Blutuntersuchungen soll keinesfalls den Arzt ersetzen \u2013 ganz im Gegenteil.\n\nIhr Ziel ist es, allgemeine Informationen \u00fcber die h\u00e4ufigsten Blutuntersuchungen zu vermitteln,\ndie durchgef\u00fchrt werden k\u00f6nnen, sowie \u00fcber deren m\u00f6gliche Interpretation \u2013\ndie jedoch niemals unabh\u00e4ngig vom klinischen Gesamtbild betrachtet werden darf.<\/p>\n<h3 style=\"text-align: center;\"><span style=\"color: #ff0000;\">ACHTUNG: DIESES PRODUKT IST VOM UMTAUSCH UND DER R\u00dcCKERSTATTUNG AUSGESCHLOSSEN.<\/span><\/h3>","protected":false},"featured_media":24987,"template":"","meta":{"_iconic_wsb_product_page_order_bump_ids":[[]],"_sku":["TLP10000005"],"_iconic_wsb_product_page_bump_modal_ids":[[]]},"product_brand":[],"product_cat":[54],"product_tag":[397],"class_list":{"0":"post-24981","1":"product","2":"type-product","3":"status-publish","4":"has-post-thumbnail","6":"product_cat-masterclass","7":"product_tag-esami-del-sangue-conoscerli-per-capirli","9":"first","10":"instock","11":"featured","12":"virtual","13":"sold-individually","14":"taxable","15":"purchasable","16":"product-type-course"},"aioseo_notices":[],"publishpress_future_workflow_manual_trigger":{"enabledWorkflows":[]},"_links":{"self":[{"href":"https:\/\/toplifeproject.com\/de\/wp-json\/wp\/v2\/product\/24981","targetHints":{"allow":["GET"]}}],"collection":[{"href":"https:\/\/toplifeproject.com\/de\/wp-json\/wp\/v2\/product"}],"about":[{"href":"https:\/\/toplifeproject.com\/de\/wp-json\/wp\/v2\/types\/product"}],"wp:featuredmedia":[{"embeddable":true,"href":"https:\/\/toplifeproject.com\/de\/wp-json\/wp\/v2\/media\/24987"}],"wp:attachment":[{"href":"https:\/\/toplifeproject.com\/de\/wp-json\/wp\/v2\/media?parent=24981"}],"wp:term":[{"taxonomy":"product_brand","embeddable":true,"href":"https:\/\/toplifeproject.com\/de\/wp-json\/wp\/v2\/product_brand?post=24981"},{"taxonomy":"product_cat","embeddable":true,"href":"https:\/\/toplifeproject.com\/de\/wp-json\/wp\/v2\/product_cat?post=24981"},{"taxonomy":"product_tag","embeddable":true,"href":"https:\/\/toplifeproject.com\/de\/wp-json\/wp\/v2\/product_tag?post=24981"}],"curies":[{"name":"wp","href":"https:\/\/api.w.org\/{rel}","templated":true}]}}