{"id":26575,"date":"2024-06-07T15:31:22","date_gmt":"2024-06-07T13:31:22","guid":{"rendered":"https:\/\/toplifeproject.com\/?post_type=product&#038;p=26575"},"modified":"2026-01-17T10:58:38","modified_gmt":"2026-01-17T09:58:38","slug":"ebook-top-low-carb","status":"publish","type":"product","link":"https:\/\/toplifeproject.com\/de\/prodotto\/ebook-top-low-carb\/","title":{"rendered":"eBook Top Low Carb"},"content":{"rendered":"","protected":false},"excerpt":{"rendered":"<p style=\"font-weight: 400;\">DEIN UMFASSENDER LEITFADEN, UM ZUR PROTAGONISTIN DEINER GESUNDHEIT ZU WERDEN \u2013 \nF\u00dcR K\u00d6RPER UND GEIST\n\nMit Rezepten, Ern\u00e4hrungspl\u00e4nen und Tipps f\u00fcr einen gesunden Lebensstil \u2013\nganz im Sinne der Low-Carb-Philosophie.<\/p>\n<p><img decoding=\"async\" class=\"size-full wp-image-5455 alignleft\" src=\"https:\/\/toplifeproject.com\/wp-content\/uploads\/2022\/12\/PDF_file_icon.png\" alt=\"\" width=\"78\" height=\"96\" \/><\/p>\n<p><strong><span style=\"color: #ff0000;\">ACHTUNG!!<\/span><\/strong><\/p>\n<p><strong>BUCH VERF\u00dcGBAR<\/strong><br \/>\n<strong>NUR IN <span style=\"color: #ff0000;\">DIGITALE PDF-VERSION<\/span><\/strong><\/p>","protected":false},"featured_media":26618,"template":"","meta":{"_iconic_wsb_product_page_order_bump_ids":[[206]],"_sku":["TLP10000003"],"_iconic_wsb_product_page_bump_modal_ids":[[]]},"product_brand":[],"product_cat":[37],"product_tag":[],"class_list":{"0":"post-26575","1":"product","2":"type-product","3":"status-publish","4":"has-post-thumbnail","6":"product_cat-ebook-pdf","8":"first","9":"instock","10":"downloadable","11":"virtual","12":"sold-individually","13":"taxable","14":"purchasable","15":"product-type-simple"},"aioseo_notices":[],"publishpress_future_workflow_manual_trigger":{"enabledWorkflows":[]},"_links":{"self":[{"href":"https:\/\/toplifeproject.com\/de\/wp-json\/wp\/v2\/product\/26575","targetHints":{"allow":["GET"]}}],"collection":[{"href":"https:\/\/toplifeproject.com\/de\/wp-json\/wp\/v2\/product"}],"about":[{"href":"https:\/\/toplifeproject.com\/de\/wp-json\/wp\/v2\/types\/product"}],"wp:featuredmedia":[{"embeddable":true,"href":"https:\/\/toplifeproject.com\/de\/wp-json\/wp\/v2\/media\/26618"}],"wp:attachment":[{"href":"https:\/\/toplifeproject.com\/de\/wp-json\/wp\/v2\/media?parent=26575"}],"wp:term":[{"taxonomy":"product_brand","embeddable":true,"href":"https:\/\/toplifeproject.com\/de\/wp-json\/wp\/v2\/product_brand?post=26575"},{"taxonomy":"product_cat","embeddable":true,"href":"https:\/\/toplifeproject.com\/de\/wp-json\/wp\/v2\/product_cat?post=26575"},{"taxonomy":"product_tag","embeddable":true,"href":"https:\/\/toplifeproject.com\/de\/wp-json\/wp\/v2\/product_tag?post=26575"}],"curies":[{"name":"wp","href":"https:\/\/api.w.org\/{rel}","templated":true}]}}