{"id":46069,"date":"2025-03-11T01:00:05","date_gmt":"2025-03-11T00:00:05","guid":{"rendered":"https:\/\/toplifeproject.com\/?post_type=product&#038;p=46069"},"modified":"2026-02-24T16:08:31","modified_gmt":"2026-02-24T15:08:31","slug":"b-comp","status":"publish","type":"product","link":"https:\/\/toplifeproject.com\/de\/prodotto\/b-comp\/","title":{"rendered":"B-Comp"},"content":{"rendered":"<h5>Weitere n\u00fctzliche Informationen zu B-Comp<\/h5>\n<p class=\"translation-block\">B-Comp enth\u00e4lt kein <strong>Cyanocobalamin<\/strong>, eine Form von Vitamin B12, die Spuren von Cyanid enth\u00e4lt und mehrere Stoffwechselschritte ben\u00f6tigt, um vom K\u00f6rper verwertet zu werden.<\/p>\n<p class=\"translation-block\">Um dir eine sofortige Verf\u00fcgbarkeit zu bieten, haben wir uns f\u00fcr <strong>Methylcobalamin<\/strong> entschieden \u2013 eine bereits aktive Form, die direkt genutzt werden kann und dir t\u00e4glich die Energie liefert, die du brauchst.<\/p>\n<p class=\"translation-block\"><strong>Vitamine der B-Gruppe<\/strong> sind essenziell f\u00fcr das Nervensystem, unterst\u00fctzen kognitive Funktionen und helfen, den t\u00e4glichen Stress zu bew\u00e4ltigen.<\/p>\n<p>Wenn Stress \u00fcber l\u00e4ngere Zeit anh\u00e4lt, kann dein K\u00f6rper diese Vitamine schneller verbrauchen, wodurch du dich ersch\u00f6pft und weniger leistungsf\u00e4hig f\u00fchlst.<\/p>\n<p class=\"translation-block\">Deshalb enth\u00e4lt B-Comp <strong>optimale Dosierungen<\/strong> aller B-Vitamine, erg\u00e4nzt durch <strong>Vitamin C<\/strong> (mit starker antioxidativer Wirkung) und <strong>Phosphatidylserin<\/strong>, das Ged\u00e4chtnis und kognitive Funktionen unterst\u00fctzt.<\/p>\n<p class=\"translation-block\"><strong>Das Ergebnis?<\/strong> Eine ausgewogene Kombination, die K\u00f6rper und Geist unterst\u00fctzt, die Energieproduktion <strong>f\u00f6rdert<\/strong> und das mentale Wohlbefinden st\u00e4rkt \u2013 <strong>ohne<\/strong> den Stoffwechsel zu belasten. So <strong>bleibst du<\/strong> auch in anspruchsvollen Zeiten leistungsf\u00e4hig.<\/p>\n<h5>Warum es perfekt f\u00fcr dich ist<\/h5>\n<p>B-Comp wurde f\u00fcr M\u00e4nner und Frauen entwickelt, die sich in Phasen k\u00f6rperlicher und mentaler Ersch\u00f6pfung befinden und ihre Energie, Konzentration und Stressresistenz aufrechterhalten m\u00f6chten.\nWenn du dich m\u00fcde f\u00fchlst, deinen Stoffwechsel unterst\u00fctzen m\u00f6chtest oder im Alltag vor gro\u00dfen Herausforderungen stehst, kann B-Comp dir die zus\u00e4tzliche Unterst\u00fctzung geben, die du brauchst.<\/p>\n<h5>Anwendungsempfehlung<\/h5>\n<p>T\u00e4glich 1 Kapsel einnehmen, vorzugsweise morgens.<\/p>\n<h5>Was du vor dem Kauf wissen solltest<\/h5>\n<p>Nahrungserg\u00e4nzungsmittel sind kein Ersatz f\u00fcr eine abwechslungsreiche und ausgewogene Ern\u00e4hrung sowie eine gesunde Lebensweise.<\/p>\n<p>Die empfohlene Tagesdosis nicht \u00fcberschreiten.<\/p>\n<p>Au\u00dferhalb der Reichweite von Kindern unter drei Jahren aufbewahren.<\/p>\n<p>K\u00fchl und trocken lagern, fern von W\u00e4rmequellen.<\/p>\n<p>Das Mindesthaltbarkeitsdatum bezieht sich auf das unge\u00f6ffnete und korrekt gelagerte Produkt.<\/p>\n<h5>Wenn das passiert, keine Sorge<\/h5>\n<p>Wenn du eine intensiv gelbe (fast \u201efluoreszierende\u201c) F\u00e4rbung deines Urins bemerkst, ist das kein Grund zur Sorge:\n Dies wird durch Riboflavin (Vitamin B2) verursacht, das in B-Comp enthalten ist. Da es sich um ein wasserl\u00f6sliches Vitamin handelt, nimmt der K\u00f6rper nur die ben\u00f6tigte Menge auf und scheidet den Rest aus. Das ist v\u00f6llig normal und kein Risiko \u2013 im Gegenteil, es zeigt, dass dein K\u00f6rper mit wichtigen Vitaminen versorgt wird.<\/p>\n<h5>Was enthalten ist \u2013 im Detail<\/h5>\n<p>F\u00fcllstoffe: mikrokristalline Cellulose, tribasisches Calciumphosphat;\n Kapselh\u00fclle: Hydroxypropylmethylcellulose;\n Vitamin B3 (Niacin), Vitamin C (Ascorbins\u00e4ure), Vitamin B5 (Pantothens\u00e4ure), Vitamin B6 (Pyridoxinhydrochlorid), Phosphatidylserin;\n Trennmittel: Siliciumdioxid, Magnesiumsalze der Speisefetts\u00e4uren;\n Vitamin B1 (Thiamin), Vitamin B2 (Riboflavin), Vitamin B12 (Methylcobalamin), Biotin, Fols\u00e4ure (Calcium-L-Methylfolat).<\/p>\n<h5>Dosierung pro Kapsel<\/h5>\n<ul>\n<li>Vitamin B3: 54 mg<\/li>\n<li>Vitamin B6: 10 mg<\/li>\n<li>Vitamin B5: 10 mg<\/li>\n<li>Vitamin B2: 1,4 mg<\/li>\n<li>Vitamin B12 (Methylcobalamin): 0,5 mg<\/li>\n<li>Biotin: 0,45 mg<\/li>\n<li>Folat (Calcium-L-Methylfolat): 0,4 mg<\/li>\n<li>Vitamin C: 20 mg<\/li>\n<li>Phosphatidylserin: 100 mg<\/li>\n<\/ul>","protected":false},"excerpt":{"rendered":"<h5>DIE ENERGIE, DIE DU BRAUCHST \u2013 IN DER FORM, DIE DEIN K\u00d6RPER LIEBT.<\/h5>\n<p>B-Comp ist ein umfassendes Nahrungserg\u00e4nzungsmittel mit bereits methylierten und aktiven B-Vitaminen,<br \/>\nentwickelt, um sofort Energie und Unterst\u00fctzung zu liefern.<\/p>\n<h5>90 Kapseln<\/h5>\n<ul>\n<li><strong>Maximale Bioverf\u00fcgbarkeit:<\/strong> 8 B-Vitamine in methylierter Form, direkt verf\u00fcgbar f\u00fcr den K\u00f6rper<\/li>\n<li><strong>St\u00e4rkerer Geist und K\u00f6rper:<\/strong> Dank Vitamin C und Phosphatidylserin zur Unterst\u00fctzung von Ged\u00e4chtnis und kognitiven Funktionen.<\/li>\n<li><strong>Optimierte Methylierung:<\/strong> Mit bereits aktivierter Fols\u00e4ure und Vitamin B12 unterst\u00fctzt es einen effizienten Stoffwechsel und\neine bessere epigenetische Regulation.<\/li>\n<\/ul>\n<p>Zzgl. Versandkosten (kostenlos ab einem Bestellwert von 60 \u20ac)<\/p>\n<p><strong style=\"color: #ff0000\">Lieferzeit: 3\u20137 Werktage<\/strong><\/p>","protected":false},"featured_media":46176,"template":"","meta":{"_iconic_wsb_product_page_order_bump_ids":[[]],"_sku":["TLP10000001"],"_iconic_wsb_product_page_bump_modal_ids":[[]]},"product_brand":[],"product_cat":[458,423],"product_tag":[457],"class_list":{"0":"post-46069","1":"product","2":"type-product","3":"status-publish","4":"has-post-thumbnail","6":"product_cat-integratori-toplife","7":"product_cat-integratori","8":"product_tag-integratori-toplife","10":"first","11":"instock","12":"taxable","13":"shipping-taxable","14":"purchasable","15":"product-type-simple"},"aioseo_notices":[],"publishpress_future_workflow_manual_trigger":{"enabledWorkflows":[]},"_links":{"self":[{"href":"https:\/\/toplifeproject.com\/de\/wp-json\/wp\/v2\/product\/46069","targetHints":{"allow":["GET"]}}],"collection":[{"href":"https:\/\/toplifeproject.com\/de\/wp-json\/wp\/v2\/product"}],"about":[{"href":"https:\/\/toplifeproject.com\/de\/wp-json\/wp\/v2\/types\/product"}],"wp:featuredmedia":[{"embeddable":true,"href":"https:\/\/toplifeproject.com\/de\/wp-json\/wp\/v2\/media\/46176"}],"wp:attachment":[{"href":"https:\/\/toplifeproject.com\/de\/wp-json\/wp\/v2\/media?parent=46069"}],"wp:term":[{"taxonomy":"product_brand","embeddable":true,"href":"https:\/\/toplifeproject.com\/de\/wp-json\/wp\/v2\/product_brand?post=46069"},{"taxonomy":"product_cat","embeddable":true,"href":"https:\/\/toplifeproject.com\/de\/wp-json\/wp\/v2\/product_cat?post=46069"},{"taxonomy":"product_tag","embeddable":true,"href":"https:\/\/toplifeproject.com\/de\/wp-json\/wp\/v2\/product_tag?post=46069"}],"curies":[{"name":"wp","href":"https:\/\/api.w.org\/{rel}","templated":true}]}}