{"id":46073,"date":"2025-10-28T09:30:41","date_gmt":"2025-10-28T08:30:41","guid":{"rendered":"https:\/\/toplifeproject.com\/?post_type=product&#038;p=46073"},"modified":"2026-04-29T11:17:12","modified_gmt":"2026-04-29T09:17:12","slug":"magbalance","status":"publish","type":"product","link":"https:\/\/toplifeproject.com\/de\/prodotto\/magbalance\/","title":{"rendered":"Magbalance"},"content":{"rendered":"<h5>ALTRE COSE UTILI SU MAGBALANCE<\/h5>\n<p><strong>Magbalance<\/strong> \u00e8 un integratore a base di <strong>bisglicinato di magnesio<\/strong>, una forma di magnesio particolarmente <strong>biodisponibile<\/strong> e ben tollerata dall\u2019organismo. Poich\u00e9 il magnesio \u00e8 legato a due molecole di glicina, l\u2019assorbimento intestinale risulta facilitato, senza interferenze con altri minerali.<\/p>\n<h5>Perfekt f\u00fcr dich<\/h5>\n<ul>\n<li><strong>Se pratichi sport:<\/strong> favorisce la funzione muscolare e la resistenza, aiutandoti a rendere di pi\u00f9.<\/li>\n<li><strong>Se vuoi prenderti cura di ossa e denti:<\/strong> il magnesio \u00e8 un minerale chiave per mantenere la struttura ossea e dentale in salute.<\/li>\n<li><strong>Se attraversi periodi di stress:<\/strong> sostiene il sistema nervoso e la mente, contrastando stanchezza e irritabilit\u00e0.<\/li>\n<li><strong>Se hai una digestione sensibile:<\/strong> il bisglicinato di magnesio \u00e8 pi\u00f9 delicato e riduce il rischio di fastidi gastrointestinali rispetto ad altre forme di magnesio<\/li>\n<\/ul>\n<h5>Anwendungsempfehlung<\/h5>\n<p>Assumi 2-3 capsule al mattino e 2-3 capsule prima di coricarti.<\/p>\n<h5>Was du vor dem Kauf wissen solltest<\/h5>\n<ul>\n<li>Nahrungserg\u00e4nzungsmittel sind kein Ersatz f\u00fcr eine abwechslungsreiche und ausgewogene Ern\u00e4hrung sowie eine gesunde Lebensweise.<\/li>\n<li>Tenere fuori dalla portata dei bambini al di sotto dei tre anni di eta\u0300.<\/li>\n<li>Die empfohlene maximale Tagesdosis nicht \u00fcberschreiten.<\/li>\n<li>K\u00fchl und trocken lagern und vor W\u00e4rmequellen sch\u00fctzen.<\/li>\n<li>Das Mindesthaltbarkeitsdatum bezieht sich auf das unge\u00f6ffnete und korrekt gelagerte Produkt.<\/li>\n<\/ul>\n<h5>Was enthalten ist \u2013 im Detail<\/h5>\n<p>Magnesio bisglicinato; Agente di rivestimento: idrossipropilmetilcellulosa; Agente di carica: cellulosa microcristallina; agenti antiagglomeranti: biossido di silicio, sali di magnesio degli acidi grassi.<\/p>\n<h5>GLI INGREDIENTI PER DOSE MASSIMA GIORNALIERA CONSIGLIATA<\/h5>\n<p>Magnesio bisglicinato 300 mg<\/p>","protected":false},"excerpt":{"rendered":"<h5>IL SUPPORTO OTTIMALE PER IL TUO BENESSERE<\/h5>\n<p>Magbalance \u00e8 un integratore di bisglicinato di magnesio, creato per aiutarti a ritrovare energia e benessere.<\/p>\n<h5>90 Kapseln<\/h5>\n<ul>\n<li><strong>Maximale Bioverf\u00fcgbarkeit:<\/strong> Il magnesio bisglicinato \u00e8 facilmente assimilabile e garantisce un assorbimento ottimale da parte dell\u2019organismo.<\/li>\n<li><strong>Sanft und gut vertr\u00e4glich:<\/strong> Ideale anche per chi ha una digestione sensibile, senza provocare fastidi gastrointestinali.<\/li>\n<li><strong>Energia e benessere quotidiano:<\/strong> Sostiene muscoli, sistema nervoso e psiche, aiutando a ridurre stanchezza e affaticamento.<\/li>\n<\/ul>\n<p>Zzgl. Versandkosten (kostenlos ab einem Bestellwert von 60 \u20ac)<\/p>\n<p><strong style=\"color: #ff0000\">Lieferzeit: 3\u20137 Werktage<\/strong><br \/>\n<big><strong style=\"color:#ff6633\">Begrenzte Lagerbest\u00e4nde<\/strong><\/big><\/p>","protected":false},"featured_media":46175,"template":"","meta":{"_iconic_wsb_product_page_order_bump_ids":[[]],"_sku":["TLP10000002"],"_iconic_wsb_product_page_bump_modal_ids":[[]]},"product_brand":[],"product_cat":[423],"product_tag":[477],"class_list":{"0":"post-46073","1":"product","2":"type-product","3":"status-publish","4":"has-post-thumbnail","6":"product_cat-integratori","7":"product_tag-supplement","9":"first","10":"instock","11":"taxable","12":"shipping-taxable","13":"purchasable","14":"product-type-simple"},"aioseo_notices":[],"publishpress_future_workflow_manual_trigger":{"enabledWorkflows":[]},"_links":{"self":[{"href":"https:\/\/toplifeproject.com\/de\/wp-json\/wp\/v2\/product\/46073","targetHints":{"allow":["GET"]}}],"collection":[{"href":"https:\/\/toplifeproject.com\/de\/wp-json\/wp\/v2\/product"}],"about":[{"href":"https:\/\/toplifeproject.com\/de\/wp-json\/wp\/v2\/types\/product"}],"wp:featuredmedia":[{"embeddable":true,"href":"https:\/\/toplifeproject.com\/de\/wp-json\/wp\/v2\/media\/46175"}],"wp:attachment":[{"href":"https:\/\/toplifeproject.com\/de\/wp-json\/wp\/v2\/media?parent=46073"}],"wp:term":[{"taxonomy":"product_brand","embeddable":true,"href":"https:\/\/toplifeproject.com\/de\/wp-json\/wp\/v2\/product_brand?post=46073"},{"taxonomy":"product_cat","embeddable":true,"href":"https:\/\/toplifeproject.com\/de\/wp-json\/wp\/v2\/product_cat?post=46073"},{"taxonomy":"product_tag","embeddable":true,"href":"https:\/\/toplifeproject.com\/de\/wp-json\/wp\/v2\/product_tag?post=46073"}],"curies":[{"name":"wp","href":"https:\/\/api.w.org\/{rel}","templated":true}]}}