{"id":48016,"date":"2025-10-28T09:25:27","date_gmt":"2025-10-28T08:25:27","guid":{"rendered":"https:\/\/toplifeproject.com\/?post_type=product&#038;p=48016"},"modified":"2026-03-26T12:25:20","modified_gmt":"2026-03-26T11:25:20","slug":"multi-mag-capsule","status":"publish","type":"product","link":"https:\/\/toplifeproject.com\/de\/prodotto\/multi-mag-capsule\/","title":{"rendered":"Multi-Mag Capsule"},"content":{"rendered":"<h5>Weitere n\u00fctzliche Informationen zu Multi-Mag<\/h5>\n<p>Multi-Mag bietet eine optimale Kombination verschiedener, hochl\u00f6slicher Magnesiumverbindungen in einer einzigen Kapsel. Diese Formulierung gew\u00e4hrleistet eine effektive Magnesiumzufuhr \u2013 unabh\u00e4ngig vom pH-Wert im Magen-Darm-Trakt.\n Jede Magnesiumverbindung ist so gew\u00e4hlt, dass sie sich in den unterschiedlichen pH-Bereichen entlang des Darms gut l\u00f6sen kann. Zus\u00e4tzlich ist das Produkt sowohl als Kapsel als auch als Pulver erh\u00e4ltlich \u2013 ideal f\u00fcr alle, die Schwierigkeiten beim Schlucken von Kapseln oder Tabletten haben.<\/p>\n<p>Damit Magnesium vom K\u00f6rper aufgenommen werden kann, muss es aus seiner Salzverbindung freigesetzt werden. Dieser Prozess h\u00e4ngt stark vom pH-Wert im Verdauungssystem ab.\n Im Magen sorgt das saure Milieu f\u00fcr eine gute Aufl\u00f6sung der Magnesiumverbindungen. In den weiteren Abschnitten des Verdauungstrakts, wo der pH-Wert alkalischer ist, kann die L\u00f6slichkeit variieren. Faktoren wie Ern\u00e4hrung, Medikamente, Darmflora und individuelle Bed\u00fcrfnisse beeinflussen diese Bedingungen.\n Daher ist eine ausgewogene Kombination verschiedener Magnesiumsalze mit unterschiedlichen L\u00f6slichkeitsprofilen die ideale L\u00f6sung.<\/p>\n<h5>Perfekt f\u00fcr dich<\/h5>\n<p>Magnesium ist an nahezu allen Stoffwechselprozessen in den Zellen beteiligt. Es spielt eine zentrale Rolle f\u00fcr die Muskelgesundheit, das Nervensystem und die Reizweiterleitung.\n Au\u00dferdem tr\u00e4gt es zur Erhaltung normaler Knochen und Z\u00e4hne bei und unterst\u00fctzt das elektrolytische Gleichgewicht im K\u00f6rper.<\/p>\n<h5>Anwendungsempfehlung<\/h5>\n<p>1 Messl\u00f6ffel (2,5 g) morgens mit einem Glas Wasser einnehmen\n oder alternativ 2 Kapseln t\u00e4glich<\/p>\n<h5>Was du vor dem Kauf wissen solltest<\/h5>\n<ul>\n<li>Nahrungserg\u00e4nzungsmittel sind kein Ersatz f\u00fcr eine abwechslungsreiche und ausgewogene Ern\u00e4hrung sowie eine gesunde Lebensweise.<\/li>\n<li>Au\u00dferhalb der Reichweite von Kindern unter drei Jahren aufbewahren.<\/li>\n<li>Die empfohlene maximale Tagesdosis nicht \u00fcberschreiten.<\/li>\n<li>K\u00fchl und trocken lagern und vor W\u00e4rmequellen sch\u00fctzen.<\/li>\n<li>Das Mindesthaltbarkeitsdatum bezieht sich auf das unge\u00f6ffnete und korrekt gelagerte Produkt.<\/li>\n<\/ul>\n<h5>Was enthalten ist \u2013 im Detail (pro maximale Tagesdosis)<\/h5>\n<p><strong>Charakteristische Inhaltsstoffe pro empfohlener Tagesdosis (2,5 g oder 2 Kapseln):<\/strong><\/p>\n<table border=\"0\" width=\"100%\" cellspacing=\"0\" cellpadding=\"5\">\n<tbody>\n<tr>\n<td style=\"width: 25%;\">Magnesiumgluconat<\/td>\n<td>107,4 mg<\/td>\n<\/tr>\n<tr>\n<td>Magnesiumbisglycinat<\/td>\n<td>75,2 mg<\/td>\n<\/tr>\n<tr>\n<td>Magnesiumchlorid<\/td>\n<td>53,7 mg<\/td>\n<\/tr>\n<tr>\n<td>Magnesiumcitrat<\/td>\n<td>53,7 mg<\/td>\n<\/tr>\n<tr>\n<td>Magnesium sucrosomial\u00ae (Sidemag)<\/td>\n<td>53,7 mg<\/td>\n<\/tr>\n<tr>\n<td>Magnesiumpidolat<\/td>\n<td>37,6 mg<\/td>\n<\/tr>\n<tr>\n<td>Magnesiumsuccinat<\/td>\n<td>21,5 mg<\/td>\n<\/tr>\n<tr>\n<td>Magnesiummalat<\/td>\n<td>16,1 mg<\/td>\n<\/tr>\n<tr>\n<td>Vitamin B6<\/td>\n<td>1,4 mg (100 % NRV)<\/td>\n<\/tr>\n<\/tbody>\n<\/table>","protected":false},"excerpt":{"rendered":"<h5>DEIN T\u00c4GLICHER ENERGIESCHUB, UM M\u00dcDIGKEIT ENTGEGENZUWIRKEN UND NEUE KRAFT ZU \nFINDEN<\/h5>\n<p>Multi-Mag ist ein Nahrungserg\u00e4nzungsmittel mit reinen und hoch bioverf\u00fcgbaren Magnesiumverbindungen,\nideal f\u00fcr eine regelm\u00e4\u00dfige und konstante t\u00e4gliche Magnesiumzufuhr.<\/p>\n<h6>90 Kapseln | <a class=\"productnavng\" href=\"https:\/\/toplifeproject.com\/de\/produkt\/multi-mag-polvere\/\">250 g Pulver<\/a><\/h6>\n<ul>\n<li>Unterst\u00fctzt Muskulatur, Nervensystem und das psycho-physische Gleichgewicht<\/li>\n<li>Empfohlen f\u00fcr eine regelm\u00e4\u00dfige Magnesiumzufuhr<\/li>\n<li>Tr\u00e4gt zum Erhalt starker Z\u00e4hne und Knochen bei<\/li>\n<li>Magnesium tr\u00e4gt zum Elektrolytgleichgewicht des K\u00f6rpers bei<\/li>\n<\/ul>\n<p>Zzgl. Versandkosten (kostenlos ab einem Bestellwert von 60 \u20ac)<\/p>\n<p>Lieferzeit: 3\u20137 Werktage<\/p>","protected":false},"featured_media":48017,"template":"","meta":{"_iconic_wsb_product_page_order_bump_ids":[[]],"_sku":["TLP10000024"],"_iconic_wsb_product_page_bump_modal_ids":[[]]},"product_brand":[],"product_cat":[458,423],"product_tag":[457],"class_list":{"0":"post-48016","1":"product","2":"type-product","3":"status-publish","4":"has-post-thumbnail","6":"product_cat-integratori-toplife","7":"product_cat-integratori","8":"product_tag-integratori-toplife","10":"first","11":"instock","12":"sale","13":"taxable","14":"shipping-taxable","15":"purchasable","16":"product-type-simple"},"aioseo_notices":[],"publishpress_future_workflow_manual_trigger":{"enabledWorkflows":[]},"_links":{"self":[{"href":"https:\/\/toplifeproject.com\/de\/wp-json\/wp\/v2\/product\/48016","targetHints":{"allow":["GET"]}}],"collection":[{"href":"https:\/\/toplifeproject.com\/de\/wp-json\/wp\/v2\/product"}],"about":[{"href":"https:\/\/toplifeproject.com\/de\/wp-json\/wp\/v2\/types\/product"}],"wp:featuredmedia":[{"embeddable":true,"href":"https:\/\/toplifeproject.com\/de\/wp-json\/wp\/v2\/media\/48017"}],"wp:attachment":[{"href":"https:\/\/toplifeproject.com\/de\/wp-json\/wp\/v2\/media?parent=48016"}],"wp:term":[{"taxonomy":"product_brand","embeddable":true,"href":"https:\/\/toplifeproject.com\/de\/wp-json\/wp\/v2\/product_brand?post=48016"},{"taxonomy":"product_cat","embeddable":true,"href":"https:\/\/toplifeproject.com\/de\/wp-json\/wp\/v2\/product_cat?post=48016"},{"taxonomy":"product_tag","embeddable":true,"href":"https:\/\/toplifeproject.com\/de\/wp-json\/wp\/v2\/product_tag?post=48016"}],"curies":[{"name":"wp","href":"https:\/\/api.w.org\/{rel}","templated":true}]}}