{"id":48019,"date":"2025-10-28T09:20:19","date_gmt":"2025-10-28T08:20:19","guid":{"rendered":"https:\/\/toplifeproject.com\/?post_type=product&#038;p=48019"},"modified":"2026-03-26T12:25:12","modified_gmt":"2026-03-26T11:25:12","slug":"c-vit","status":"publish","type":"product","link":"https:\/\/toplifeproject.com\/de\/prodotto\/c-vit\/","title":{"rendered":"C-Vit"},"content":{"rendered":"<h5>Weitere n\u00fctzliche Informationen zu C-Vit<\/h5>\n<p class=\"translation-block\">Vitamin C, das im Nahrungserg\u00e4nzungsmittel <strong>C-Vit<\/strong> enthalten ist, ist vor allem f\u00fcr seine Unterst\u00fctzung des Immunsystems bekannt, seine Vorteile gehen jedoch weit dar\u00fcber hinaus.\nAls wasserl\u00f6sliches Vitamin tr\u00e4gt es zur Gesundheit der Blutgef\u00e4\u00dfe bei, da es eine wesentliche Rolle bei der Kollagenbildung spielt. Au\u00dferdem wirkt es als wichtiges Antioxidans, sch\u00fctzt die Zellen vor oxidativem Stress und unterst\u00fctzt die Regeneration von Vitamin E.<\/p>\n<p class=\"translation-block\">Eine Erg\u00e4nzung mit <strong>C-Vit<\/strong> ist besonders sinnvoll in Phasen mit erh\u00f6htem Bedarf, wie bei intensivem Sport, bei Rauchern oder in stark belasteten Umgebungen mit hoher Luftverschmutzung. Zu den wichtigsten Vorteilen z\u00e4hlen die Unterst\u00fctzung des Immunsystems \u2013 insbesondere nach intensiver k\u00f6rperlicher Belastung \u2013, die Erhaltung einer gesunden Haut, die St\u00e4rkung der Blutgef\u00e4\u00dfe sowie der Schutz des Zahnfleisches.<\/p>\n<p class=\"translation-block\">Die Kombination von <strong>Vitamin C<\/strong> mit <strong>Quercetin<\/strong> verst\u00e4rkt die antioxidative Wirkung, unterst\u00fctzt das Immunsystem, verbessert die Aufnahme von Quercetin und f\u00f6rdert die Herz-Kreislauf- sowie die Atemwegsgesundheit.<\/p>\n<h5>Perfekt f\u00fcr dich<\/h5>\n<ul>\n<li>Tr\u00e4gt dazu bei, die Zellen vor oxidativem Stress zu sch\u00fctzen und die aktive Form von Vitamin E zu regenerieren<\/li>\n<li>St\u00e4rkt die nat\u00fcrlichen Abwehrkr\u00e4fte des K\u00f6rpers<\/li>\n<li>Unterst\u00fctzt die Kollagensynthese und damit die Gesundheit von Haut, Zahnfleisch und Blutgef\u00e4\u00dfen<\/li>\n<li>Verbessert die Eisenaufnahme<\/li>\n<li>Hilft, M\u00fcdigkeit und Ersch\u00f6pfung zu reduzieren<\/li>\n<\/ul>\n<h5>Anwendungsempfehlung<\/h5>\n<p>T\u00e4glich 2 Kapseln einnehmen<\/p>\n<h5>Was du vor dem Kauf wissen solltest<\/h5>\n<ul>\n<li>Nahrungserg\u00e4nzungsmittel sind kein Ersatz f\u00fcr eine abwechslungsreiche und ausgewogene Ern\u00e4hrung sowie eine gesunde Lebensweise.<\/li>\n<li>Au\u00dferhalb der Reichweite von Kindern unter drei Jahren aufbewahren.<\/li>\n<li>Die empfohlene maximale Tagesdosis nicht \u00fcberschreiten.<\/li>\n<li>K\u00fchl und trocken lagern und vor W\u00e4rmequellen sch\u00fctzen.<\/li>\n<li>Das Mindesthaltbarkeitsdatum bezieht sich auf das unge\u00f6ffnete und korrekt gelagerte Produkt.<\/li>\n<\/ul>\n<h5>Was enthalten ist \u2013 im Detail (pro maximaler Tagesdosis)<\/h5>\n<p><strong>Charakteristische Inhaltsstoffe pro empfohlener Tagesdosis (2 Kapseln):<\/strong><\/p>\n<table border=\"0\" width=\"100%\" cellspacing=\"0\" cellpadding=\"5\">\n<tbody>\n<tr>\n<td>Vitamin C<\/td>\n<td>1000 mg<\/td>\n<td>1250 % NRV (Referenzmenge)<\/td>\n<\/tr>\n<tr>\n<td>Quercetin<\/td>\n<td>30 mg<\/td>\n<td><\/td>\n<\/tr>\n<\/tbody>\n<\/table>","protected":false},"excerpt":{"rendered":"<h5>DEIN VERB\u00dcNDETER F\u00dcR ENERGIE UND EIN STARKES IMMUNSYSTEM<\/h5>\n<p>C-Vit ist ein Vitamin-C-Nahrungserg\u00e4nzungsmittel, ein kraftvolles Antioxidans,\ndas f\u00fcr dein t\u00e4gliches Wohlbefinden unverzichtbar ist.<\/p>\n<h5>90 Kapseln<\/h5>\n<ul>\n<li class=\"translation-block\">Unterst\u00fctzt das <strong>Immunsystem<\/strong><\/li>\n<li>Wirkt oxidativem Stress (freien Radikalen) entgegen<\/li>\n<li>F\u00f6rdert die Kollagenproduktion f\u00fcr gesunde Haut, Knochen und Gelenke<\/li>\n<li>Ideal f\u00fcr alle, die mehr Energie und Schutz vor \u00e4u\u00dferen Einfl\u00fcssen w\u00fcnschen<\/li>\n<\/ul>\n<p>Zzgl. Versandkosten (kostenlos ab einem Bestellwert von 60 \u20ac)<\/p>\n<p>Lieferzeit: 3\u20137 Werktage<\/p>","protected":false},"featured_media":48021,"template":"","meta":{"_iconic_wsb_product_page_order_bump_ids":[[]],"_sku":["TLP10000025"],"_iconic_wsb_product_page_bump_modal_ids":[[]]},"product_brand":[],"product_cat":[458,423],"product_tag":[457],"class_list":{"0":"post-48019","1":"product","2":"type-product","3":"status-publish","4":"has-post-thumbnail","6":"product_cat-integratori-toplife","7":"product_cat-integratori","8":"product_tag-integratori-toplife","10":"first","11":"instock","12":"sale","13":"taxable","14":"shipping-taxable","15":"purchasable","16":"product-type-simple"},"aioseo_notices":[],"publishpress_future_workflow_manual_trigger":{"enabledWorkflows":[]},"_links":{"self":[{"href":"https:\/\/toplifeproject.com\/de\/wp-json\/wp\/v2\/product\/48019","targetHints":{"allow":["GET"]}}],"collection":[{"href":"https:\/\/toplifeproject.com\/de\/wp-json\/wp\/v2\/product"}],"about":[{"href":"https:\/\/toplifeproject.com\/de\/wp-json\/wp\/v2\/types\/product"}],"wp:featuredmedia":[{"embeddable":true,"href":"https:\/\/toplifeproject.com\/de\/wp-json\/wp\/v2\/media\/48021"}],"wp:attachment":[{"href":"https:\/\/toplifeproject.com\/de\/wp-json\/wp\/v2\/media?parent=48019"}],"wp:term":[{"taxonomy":"product_brand","embeddable":true,"href":"https:\/\/toplifeproject.com\/de\/wp-json\/wp\/v2\/product_brand?post=48019"},{"taxonomy":"product_cat","embeddable":true,"href":"https:\/\/toplifeproject.com\/de\/wp-json\/wp\/v2\/product_cat?post=48019"},{"taxonomy":"product_tag","embeddable":true,"href":"https:\/\/toplifeproject.com\/de\/wp-json\/wp\/v2\/product_tag?post=48019"}],"curies":[{"name":"wp","href":"https:\/\/api.w.org\/{rel}","templated":true}]}}