{"id":56096,"date":"2024-08-10T00:01:52","date_gmt":"2024-08-09T22:01:52","guid":{"rendered":"https:\/\/toplifeproject.com\/?post_type=product&#038;p=56096"},"modified":"2025-11-21T05:52:57","modified_gmt":"2025-11-21T04:52:57","slug":"dieta-antinfiammatoria","status":"publish","type":"product","link":"https:\/\/toplifeproject.com\/de\/prodotto\/dieta-antinfiammatoria\/","title":{"rendered":"eBook Dieta Antinfiammatoria"},"content":{"rendered":"<div class=\"fusion-fullwidth fullwidth-box fusion-builder-row-1 fusion-flex-container nonhundred-percent-fullwidth non-hundred-percent-height-scrolling\" style=\"--awb-border-radius-top-left:0px;--awb-border-radius-top-right:0px;--awb-border-radius-bottom-right:0px;--awb-border-radius-bottom-left:0px;--awb-flex-wrap:wrap;\" ><div class=\"fusion-builder-row fusion-row fusion-flex-align-items-flex-start fusion-flex-content-wrap\" style=\"max-width:1476.8px;margin-left: calc(-4% \/ 2 );margin-right: calc(-4% \/ 2 );\"><div class=\"fusion-layout-column fusion_builder_column fusion-builder-column-0 fusion_builder_column_1_1 1_1 fusion-flex-column\" style=\"--awb-bg-size:cover;--awb-width-large:100%;--awb-margin-top-large:0px;--awb-spacing-right-large:1.92%;--awb-margin-bottom-large:0px;--awb-spacing-left-large:1.92%;--awb-width-medium:100%;--awb-spacing-right-medium:1.92%;--awb-spacing-left-medium:1.92%;--awb-width-small:100%;--awb-spacing-right-small:1.92%;--awb-spacing-left-small:1.92%;\"><div class=\"fusion-column-wrapper fusion-flex-justify-content-flex-start fusion-content-layout-column\"><div class=\"fusion-text fusion-text-1\"><p style=\"text-align: center;\">\n<\/div><div class=\"fusion-text fusion-text-2\"><p class=\"translation-block\">Auf diesen Seiten findest du einen praktischen, konkreten und leicht umsetzbaren Leitfaden zur <strong>antientz\u00fcndlichen Ern\u00e4hrung<\/strong>, der dich Schritt f\u00fcr Schritt zu echtem, tiefem und nachhaltigem Wohlbefinden begleitet.<\/p>\n<p>Es geht nicht um einen Trend oder eine restriktive Di\u00e4t. Es ist eine R\u00fcckkehr zu deinem Ursprung: eine Ern\u00e4hrung, die deinen K\u00f6rper, deine DNA und deine evolution\u00e4re Geschichte respektiert.<\/p>\n<p>Im Inneren findest du:<\/p>\n<ul>\n<li class=\"translation-block\"><strong>Listen mit empfohlenen<\/strong> und zu vermeidenden Lebensmitteln<\/li>\n<li class=\"translation-block\"><strong>Wochenpl\u00e4ne<\/strong> und Men\u00fcs<\/li>\n<li class=\"translation-block\"><strong>Motivierende Impulse<\/strong>, damit du dich auf deinem Weg nicht allein f\u00fchlst<\/li>\n<li class=\"translation-block\"><strong>Interaktive QR-Codes<\/strong> mit Zugang zu <strong>exklusiven Videos<\/strong>, die dich begleiten und unterst\u00fctzen<\/li>\n<\/ul>\n<p>Die antientz\u00fcndliche Ern\u00e4hrung bedeutet, raffinierte Zucker, industrielle Mehle, entz\u00fcndungsf\u00f6rdernde Milchprodukte, sch\u00e4dliche Pflanzen\u00f6le und nicht n\u00e4hrende Lebensmittel zu vermeiden \u2013 und zu echten Lebensmitteln zur\u00fcckzukehren: hochwertiges Fleisch, wild gefangener Fisch, saisonales Gem\u00fcse, Fr\u00fcchte mit niedrigem glyk\u00e4mischen Index, gesunde Fette, Samen und N\u00fcsse.<\/p>\n<p>Wissenschaftliche Studien best\u00e4tigen die Wirksamkeit dieses Ansatzes bei:<\/p>\n<ul>\n<li>Autoimmunerkrankungen<\/li>\n<li>metabolischem Syndrom, Insulinresistenz, Typ-2-Diabetes<\/li>\n<li>Darmbeschwerden (Colitis, SIBO, Morbus Crohn)<\/li>\n<li>Fibromyalgie, chronischer M\u00fcdigkeit<\/li>\n<li>Arthrose, Arthritis und chronischen Schmerzen<\/li>\n<li>depressiven Verstimmungen und Stimmungsschwankungen<\/li>\n<\/ul>\n<p><strong>Dieses Buch ist f\u00fcr dich, wenn du wieder Ordnung, Ruhe und Energie in dein Leben bringen m\u00f6chtest.<\/strong><br \/>\n<strong>F\u00fcr dich, wenn du bereit bist, wieder in deinem K\u00f6rper anzukommen.<\/strong><br \/>\n<strong>F\u00fcr dich, weil du es verdienst, dich gut zu f\u00fchlen.<\/strong><\/p>\n<p><img decoding=\"async\" class=\"lazyload size-full wp-image-5455 alignleft\" src=\"data:image\/svg+xml,%3Csvg%20xmlns%3D%27http%3A%2F%2Fwww.w3.org%2F2000%2Fsvg%27%20width%3D%2778%27%20height%3D%2796%27%20viewBox%3D%270%200%2078%2096%27%3E%3Crect%20width%3D%2778%27%20height%3D%2796%27%20fill-opacity%3D%220%22%2F%3E%3C%2Fsvg%3E\" data-orig-src=\"https:\/\/toplifeproject.com\/wp-content\/uploads\/2022\/12\/PDF_file_icon.png\" alt=\"\" width=\"78\" height=\"96\" \/><strong>VERF\u00dcGBAR<\/strong><br \/>\n<strong>NUR ALS DIGITALE PDF-VERSION<\/strong><\/p>\n<\/div><\/div><\/div><\/div><\/div>","protected":false},"excerpt":{"rendered":"<p><strong>DIE ENTZ\u00dcNDUNGSHEMMENDE ERN\u00c4HRUNG \u2013 DAS E-BOOK, DAS DICH ZU MEHR GLEICHGEWICHT, \nENERGIE UND GESUNDHEIT F\u00dcHRT<\/strong><br \/>\nDieses E-Book wurde entwickelt, um dir zu helfen, chronische Entz\u00fcndungen zu reduzieren,\ndeinen Stoffwechsel zu verbessern und dein Wohlbefinden auf praktische und gef\u00fchrte Weise wiederzufinden.<br \/>\nEs richtet sich besonders an Menschen, die unter Folgendem leiden:<\/p>\n<ul>\n<li>Gelenkschmerzen<\/li>\n<li>Darmentz\u00fcndungen<\/li>\n<li>chronischer M\u00fcdigkeit<\/li>\n<li>Fibromyalgie<\/li>\n<li>Stoffwechselst\u00f6rungen oder Autoimmunerkrankungen<\/li>\n<\/ul>\n<p>Das E-Book ist interaktiv: Es enth\u00e4lt QR-Codes, die dich zu Videos f\u00fchren,\nin denen ich dich Schritt f\u00fcr Schritt begleite.<br \/>\nIm Inneren findest du:<\/p>\n<ul>\n<li>empfohlene und zu vermeidende Lebensmittel<\/li>\n<li>w\u00f6chentliche Men\u00fcpl\u00e4ne<\/li>\n<li>praktische \u00dcbersichten und Schemata<\/li>\n<li>einfache und motivierende Erkl\u00e4rungen<\/li>\n<\/ul>\n<p>Mein Ziel ist es, dir ein konkretes und leicht zug\u00e4ngliches Werkzeug zu geben,\nmit dem du jeden Tag wieder Harmonie in deinem K\u00f6rper finden kannst \u2013\ndurch Entscheidungen, die deine Biologie respektieren.<br \/>\nBeginne heute. Es ist Zeit, wieder nach Hause in deinen K\u00f6rper zu kommen.<\/p>\n<p><img decoding=\"async\" class=\"size-full wp-image-5455 alignleft\" src=\"https:\/\/toplifeproject.com\/wp-content\/uploads\/2022\/12\/PDF_file_icon.png\" alt=\"\" width=\"78\" height=\"96\" \/><strong>VERF\u00dcGBAR<\/strong><br \/>\n<strong>NUR ALS DIGITALE PDF-VERSION<\/strong><\/p>","protected":false},"featured_media":56099,"template":"","meta":{"_iconic_wsb_product_page_order_bump_ids":[[]],"_sku":["TLP10000030"],"_iconic_wsb_product_page_bump_modal_ids":[[]]},"product_brand":[],"product_cat":[37],"product_tag":[],"class_list":{"0":"post-56096","1":"product","2":"type-product","3":"status-publish","4":"has-post-thumbnail","6":"product_cat-ebook-pdf","8":"first","9":"instock","10":"downloadable","11":"virtual","12":"sold-individually","13":"taxable","14":"purchasable","15":"product-type-simple"},"aioseo_notices":[],"publishpress_future_workflow_manual_trigger":{"enabledWorkflows":[]},"_links":{"self":[{"href":"https:\/\/toplifeproject.com\/de\/wp-json\/wp\/v2\/product\/56096","targetHints":{"allow":["GET"]}}],"collection":[{"href":"https:\/\/toplifeproject.com\/de\/wp-json\/wp\/v2\/product"}],"about":[{"href":"https:\/\/toplifeproject.com\/de\/wp-json\/wp\/v2\/types\/product"}],"wp:featuredmedia":[{"embeddable":true,"href":"https:\/\/toplifeproject.com\/de\/wp-json\/wp\/v2\/media\/56099"}],"wp:attachment":[{"href":"https:\/\/toplifeproject.com\/de\/wp-json\/wp\/v2\/media?parent=56096"}],"wp:term":[{"taxonomy":"product_brand","embeddable":true,"href":"https:\/\/toplifeproject.com\/de\/wp-json\/wp\/v2\/product_brand?post=56096"},{"taxonomy":"product_cat","embeddable":true,"href":"https:\/\/toplifeproject.com\/de\/wp-json\/wp\/v2\/product_cat?post=56096"},{"taxonomy":"product_tag","embeddable":true,"href":"https:\/\/toplifeproject.com\/de\/wp-json\/wp\/v2\/product_tag?post=56096"}],"curies":[{"name":"wp","href":"https:\/\/api.w.org\/{rel}","templated":true}]}}