{"id":57445,"date":"2024-08-11T14:29:38","date_gmt":"2024-08-11T12:29:38","guid":{"rendered":"https:\/\/toplifeproject.com\/?post_type=product&#038;p=57445"},"modified":"2025-12-25T03:20:03","modified_gmt":"2025-12-25T02:20:03","slug":"estromin","status":"publish","type":"product","link":"https:\/\/toplifeproject.com\/de\/prodotto\/estromin\/","title":{"rendered":"Estromin"},"content":{"rendered":"<h5>Inhaltsstoffe<\/h5>\n<p>Greenselect\u00ae Phytosom\u00ae, M\u00f6nchspfeffer Trockenextrakt (standardisiert auf 0,5 % Agnuside), Zinkgluconat, Vitamin B6 (Pyridoxin).\n Trennmittel: Maisst\u00e4rke, Calciumcarbonat, pflanzliches Magnesiumstearat, Siliciumdioxid.\n Pflanzliche Kapsel<\/p>\n<div class=\"responsive-table\">\n<table class=\"product-table\" border=\"0\" width=\"45%\" cellspacing=\"0\" cellpadding=\"5\">\n<thead>\n<tr>\n<th>Gehalt der charakteristischen Inhaltsstoffe<\/th>\n<th style=\"width: 40%\" class=\"translation-block\">pro Tagesdosis<br>\n (1 Kapsel)<\/th>\n<th>NRV*<\/th>\n<\/tr>\n<\/thead>\n<tbody>\n<tr>\n<td>Gr\u00fcner Tee Greenselect\u00ae\ndavon Epigallocatechin-3-gallat<\/td>\n<td>275 mg<br \/>\n46,8 mg<\/td>\n<td><\/td>\n<\/tr>\n<tr>\n<td>M\u00f6nchspfeffer Trockenextrakt<\/td>\n<td>100 mg<\/td>\n<td><\/td>\n<\/tr>\n<tr>\n<td>Zink<\/td>\n<td>8,0 mg<\/td>\n<td>80%<\/td>\n<\/tr>\n<tr>\n<td>Vitamin B6 (Pyridoxin)<\/td>\n<td>8,0 mg<\/td>\n<td>571%<\/td>\n<\/tr>\n<\/tbody>\n<\/table>\n<\/div>\n<h5>Anwendung<\/h5>\n<p>1 Kapsel morgens direkt nach dem Aufstehen mit Wasser einnehmen<\/p>\n<h5>Format<\/h5>\n<p>Packung mit 30 pflanzlichen Kapseln<\/p>\n<h5>Hinweise<\/h5>\n<p><img class=\"lazyload\" decoding=\"async\" src=\"data:image\/gif;base64,R0lGODlhAQABAAAAACH5BAEKAAEALAAAAAABAAEAAAICTAEAOw==\" data-orig-src=\"https:\/\/toplifeproject.com\/wp-content\/uploads\/2025\/08\/Estromin-logos.png\" alt=\"\" width=\"170\" \/><\/p>\n<p>Eingetragen im Nahrungserg\u00e4nzungsmittelregister: Code <strong>80374<\/strong><br \/>\nParaf-Code: <strong>970177034<\/strong><br \/>\nEAN-Code: <strong>8059173430284<\/strong><br \/>\n*NRV = Referenzwerte f\u00fcr die t\u00e4gliche N\u00e4hrstoffzufuhr<\/p>\n<h5>Literatur<\/h5>\n<ol style=\"line-height: 1.6;font-size: 12px\">\n<li>\u00c8QUILIBRE HORMONAL ET PROGEST\u00c8RONE NATURELLE Docteur John R.Lee Edition Sully 2002 France nouvelle edition<\/li>\n<li>\u00c8QULIBRE HORMONAL Dr. Robert Green Les Publications Modus Vivendi Canada 2006<\/li>\n<li>ALTERNATIVE AGLI ESTROGENI Fabio Fioravanti Danilo Ruggeri Xenia Edizioni 1999<\/li>\n<li>LA DIETA PER L\u2019EQUILIBRIO ORMONALE Pape Quadbeck Cavelius Tecniche Nuove 2011<\/li>\n<li>NUTRITION AND MENTAL ILLNESS: AN ORTHOMOLECULAR APPROACH TO BALANCING BODY CHEMISTRY Carl C.Pfeiffer Healing Arts Press 1988 Dr. Carl C. Pfeiffer\u2019s Updated Fact\/Book on Zinc and Other Micro-Nutrients. Carl C. Pfeiffer Keats Publishing 1978<\/li>\n<li>Argomenti di fitoterapia biofarmaceutica Francesco Di Pierro Editore: Cec Editore 2014<\/li>\n<\/ol>","protected":false},"excerpt":{"rendered":"<h5>NAT\u00dcRLICHE UNTERST\u00dcTZUNG F\u00dcR DAS WEIBLICHE WOHLBEFINDEN<\/h5>\n<p>Nahrungserg\u00e4nzungsmittel mit pflanzlichen Extrakten, Zink und Vitamin B6.\nIdeal zur Linderung von Beschwerden w\u00e4hrend des Menstruationszyklus und zur Unterst\u00fctzung des nat\u00fcrlichen \nhormonellen Gleichgewichts.<\/p>\n<h5>Eigenschaften<\/h5>\n<p>Estromin wurde entwickelt, um das weibliche hormonelle Gleichgewicht zu unterst\u00fctzen und gezielt auf Symptome \nim Zusammenhang mit dem Menstruationszyklus einzuwirken. Dank der Synergie ausgew\u00e4hlter Pflanzenextrakte \nund essenzieller Mikron\u00e4hrstoffe tr\u00e4gt es dazu bei, die Lebensqualit\u00e4t in den verschiedenen Phasen des Zyklus \nzu verbessern.<\/p>\n<p>Physiologische Wirkungen<\/p>\n<ul>\n<li>Unterst\u00fctzt das hormonelle Gleichgewicht<\/li>\n<li>Kann helfen, lokale Spannungen \u2013 auch muskul\u00e4re \u2013 zu lindern<\/li>\n<li>Unterst\u00fctzt das Wohlbefinden der Gelenke<\/li>\n<\/ul>\n<p>Zzgl. Versandkosten (kostenlos ab einem Bestellwert von 60 \u20ac)<\/p>\n<p><strong style=\"color: #ff0000\">Lieferzeit: 3\u20137 Werktage<\/strong><\/p>","protected":false},"featured_media":62996,"template":"","meta":{"_iconic_wsb_product_page_order_bump_ids":[[]],"_sku":["TLP10000032"],"_iconic_wsb_product_page_bump_modal_ids":[[]]},"product_brand":[],"product_cat":[447,423],"product_tag":[446],"class_list":{"0":"post-57445","1":"product","2":"type-product","3":"status-publish","4":"has-post-thumbnail","6":"product_cat-prodotti-avd","7":"product_cat-integratori","8":"product_tag-sindrome-premestruale","10":"first","11":"instock","12":"taxable","13":"shipping-taxable","14":"purchasable","15":"product-type-simple"},"aioseo_notices":[],"publishpress_future_workflow_manual_trigger":{"enabledWorkflows":[]},"_links":{"self":[{"href":"https:\/\/toplifeproject.com\/de\/wp-json\/wp\/v2\/product\/57445","targetHints":{"allow":["GET"]}}],"collection":[{"href":"https:\/\/toplifeproject.com\/de\/wp-json\/wp\/v2\/product"}],"about":[{"href":"https:\/\/toplifeproject.com\/de\/wp-json\/wp\/v2\/types\/product"}],"wp:featuredmedia":[{"embeddable":true,"href":"https:\/\/toplifeproject.com\/de\/wp-json\/wp\/v2\/media\/62996"}],"wp:attachment":[{"href":"https:\/\/toplifeproject.com\/de\/wp-json\/wp\/v2\/media?parent=57445"}],"wp:term":[{"taxonomy":"product_brand","embeddable":true,"href":"https:\/\/toplifeproject.com\/de\/wp-json\/wp\/v2\/product_brand?post=57445"},{"taxonomy":"product_cat","embeddable":true,"href":"https:\/\/toplifeproject.com\/de\/wp-json\/wp\/v2\/product_cat?post=57445"},{"taxonomy":"product_tag","embeddable":true,"href":"https:\/\/toplifeproject.com\/de\/wp-json\/wp\/v2\/product_tag?post=57445"}],"curies":[{"name":"wp","href":"https:\/\/api.w.org\/{rel}","templated":true}]}}