{"id":57449,"date":"2024-08-18T11:09:59","date_gmt":"2024-08-18T09:09:59","guid":{"rendered":"https:\/\/toplifeproject.com\/?post_type=product&#038;p=57449"},"modified":"2025-12-25T03:20:03","modified_gmt":"2025-12-25T02:20:03","slug":"micotherapy-cordyceps","status":"publish","type":"product","link":"https:\/\/toplifeproject.com\/de\/prodotto\/micotherapy-cordyceps\/","title":{"rendered":"Micotherapy Cordyceps"},"content":{"rendered":"<h5>Physiologische Wirkungen<\/h5>\n<ul>\n<li>Unterst\u00fctzt Energie und Vitalit\u00e4t<\/li>\n<li>St\u00e4rkt die k\u00f6rpereigenen Abwehrkr\u00e4fte<\/li>\n<li>Verbessert Ausdauer und Regenerationsf\u00e4higkeit<\/li>\n<\/ul>\n<h5>Inhaltsstoffe<\/h5>\n<ul>\n<li>Cordyceps sinensis (ganzer Pilz), standardisiert auf Cordycepin und Polysaccharide \u2013 AUS BIOLOGISCHEM ANBAU (IT BIO 006)<\/li>\n<li>Pflanzliche Kapsel: Hydroxypropylmethylcellulose<\/li>\n<\/ul>\n<h5>Standardisiert auf &gt; 30 % 1,3\u20131,6 Beta-Glucane<\/h5>\n<div class=\"responsive-table\">\n<table class=\"product-table\" border=\"0\" width=\"45%\" cellspacing=\"0\" cellpadding=\"5\">\n<thead>\n<tr>\n<th>Durchschnittlicher Gehalt der charakteristischen Inhaltsstoffe<\/th>\n<th>pro Tagesdosis (2 Kapseln)<\/th>\n<\/tr>\n<\/thead>\n<tbody>\n<tr>\n<td>Cordyceps sinensis (ganzer Pilz)<\/td>\n<td>1000 mg<\/td>\n<\/tr>\n<tr>\n<td>davon Cordycepin<\/td>\n<td>10 mg<\/td>\n<\/tr>\n<tr>\n<td>davon Polysaccharide<\/td>\n<td>300 mg<\/td>\n<\/tr>\n<\/tbody>\n<\/table>\n<\/div>\n<h5>Anwendung<\/h5>\n<p>1\u20132 Kapseln t\u00e4glich, vorzugsweise zwischen den Mahlzeiten einnehmen<\/p>\n<h5>Format<\/h5>\n<p>Packung mit 90 Kapseln<\/p>\n<h5>Hinweise<\/h5>\n<ul>\n<li>Glutenfrei<\/li>\n<li>Ohne Gentechnik (GMO-frei)<\/li>\n<li>Zutaten aus biologischem Anbau \u2013 Made in Europe<\/li>\n<li>Eingetragen im Nahrungserg\u00e4nzungsmittelregister des Gesundheitsministeriums: Code 143777<\/li>\n<li>EAN-Code: <strong>8059173430208<\/strong><\/li>\n<li>Paraf-Code: 983301298<\/li>\n<\/ul>\n<h5>Literatur<\/h5>\n<ol class=\"product-bibliografia\">\n<li>Zhang Da-wei, et al. Cordycepin (3-deoxyadenosine) down-regulates the proinflammatory cytokines in inflammation \u2013 induced osteoporosis model. Inflammation 37.4 (2014): 1044-1049.<\/li>\n<li>Zhang Da-wei, et al. Osteoprotective effect of cordycepin on estrogen deficiency-induced osteoporosis in vitro and in vivo. BioMed research international 2015 (2015).<\/li>\n<li>Ashraf, S., et al. OP0183 Cordycepin, a novel compound, reduces knee joint pathology and pain in the monosodium iodoacetate (MIA) rat model of osteoarthritis (2017): 127-128.<\/li>\n<li>KM Siu, et al. Pharmacological basis of \u2018Yin-nourishing\u2019 and \u2018Yang-invigorating\u2019 actions of Cordyceps, a Chinese tonifying herb. Life Sci, December 10, 2004; 76(4): 385-95<\/li>\n<li>Li Y. et al. Clinical application of Cordyceps sinensis on immunosoppressive therapy in renal transplantation. Transplantation proceedings 2009 Vol 41 (5) 1565-1569<\/li>\n<li>Li FH, et al. Effects of corydyceps polysaccharide on liver fibrosis induced by DMN in rats. China Journal Of Chinese Materia Medica, 2006 Dec; Vol. 31 (23), pp. 1968-71<\/li>\n<li>Tuli Hardeep S., et al. Cordycepin: a bioactive metabolite with therapeutic potential. Life Sciences 93.23 (2013): 863-869.<\/li>\n<li>Lee Young-Rae, et al. Cordycepin inhibits UVB-induced matrix metalloproteinase expression by suppressing the NF-B pathway in human dermal fibroblasts. Experimental &amp; molecular medicine 41.8 (2009): 548.<\/li>\n<li>Shin, S, et al. Cordycepin suppresses expression of diabetes regulating genes by inhibition of lipopolysaccharide-induced inflammation in macrophages. Immune network 9.3 (2009): 98-105.<\/li>\n<li>Shin, Seulmee, et al. Role of cordycepin and adenosine on the phenotypic switch of macrophages via induced anti-inflammatory cytokines. Immune network 9.6 (2009): 255-264.<\/li>\n<li>Ramesh Thiyagarajan, et al. Cordycepin (3-deoxyadenosine) attenuates age-related oxidative stress and ameliorates antioxidant capacity in rats. Experimental gerontology 47.12 (2012): 979-987<\/li>\n<li>Hsu CC, et al. In vivo and in vitro stimulatory effects of Cordyceps sinensis on testosterone production in mouse Leydig cells. Life Sci. 2003 Sep 5;73(16):2127-36<\/li>\n<li>Chen YC, et al., Functional study of Cordyceps sinensis and cordycepin in male reproduction: A review. J Food Drug Anal. 2017 Jan;25(1):197-205.<\/li>\n<li>Chang Y. et al., Effect of Cordyceps militaris supplementation on sperm production, sperm motility and hormones in Sprague- Dawley rats. Am J Chin Med. 2008;36(5):849-59<\/li>\n<\/ol>","protected":false},"excerpt":{"rendered":"<h5>NAT\u00dcRLICHES TONIKUM F\u00dcR ENERGIE, AUSDAUER UND REGENERATION<\/h5>\n<p>Nahrungserg\u00e4nzungsmittel auf Basis von biologischem Cordyceps sinensis mit hohem Gehalt an Cordycepin.\nEin wertvoller Begleiter zur Unterst\u00fctzung von Vitalit\u00e4t, k\u00f6rperlicher Leistungsf\u00e4higkeit und allgemeinem \nWohlbefinden.<\/p>\n<p><img decoding=\"async\" src=\"https:\/\/toplifeproject.com\/wp-content\/uploads\/2025\/08\/micotherapy-cordyceps-logos-1.png\" alt=\"\" width=\"320\" \/><\/p>\n<h5>Eigenschaften<\/h5>\n<p>Cordyceps sinensis, auch bekannt als \u201eCaterpillar-Pilz\u201c, ist ein kraftvolles Tonikum der traditionellen \u00f6stlichen \nMedizin.Traditionell wird er verwendet, um die zellul\u00e4re Sauerstoffversorgung zu f\u00f6rdern, die Atemfunktion zu \nverbessern und die Hormonproduktion zu unterst\u00fctzen.\nEr kann helfen, die Libido zu steigern, M\u00fcdigkeit entgegenzuwirken und die Regeneration zu beschleunigen.\n\nBesonders geeignet f\u00fcr Sportler, \u00e4ltere Menschen sowie f\u00fcr Personen in Phasen der Genesung oder bei starker \nk\u00f6rperlicher Belastung.<\/p>\n<p>Zzgl. Versandkosten (kostenlos ab einem Bestellwert von 60 \u20ac)<\/p>\n<p><strong style=\"color: #ff0000\">Lieferzeit: 3\u20137 Werktage<\/strong><\/p>","protected":false},"featured_media":57819,"template":"","meta":{"_iconic_wsb_product_page_order_bump_ids":[[]],"_sku":["TLP10000033"],"_iconic_wsb_product_page_bump_modal_ids":[[]]},"product_brand":[],"product_cat":[447,423],"product_tag":[442],"class_list":{"0":"post-57449","1":"product","2":"type-product","3":"status-publish","4":"has-post-thumbnail","6":"product_cat-prodotti-avd","7":"product_cat-integratori","8":"product_tag-micoterapia","10":"first","11":"instock","12":"sale","13":"taxable","14":"shipping-taxable","15":"purchasable","16":"product-type-simple"},"aioseo_notices":[],"publishpress_future_workflow_manual_trigger":{"enabledWorkflows":[]},"_links":{"self":[{"href":"https:\/\/toplifeproject.com\/de\/wp-json\/wp\/v2\/product\/57449","targetHints":{"allow":["GET"]}}],"collection":[{"href":"https:\/\/toplifeproject.com\/de\/wp-json\/wp\/v2\/product"}],"about":[{"href":"https:\/\/toplifeproject.com\/de\/wp-json\/wp\/v2\/types\/product"}],"wp:featuredmedia":[{"embeddable":true,"href":"https:\/\/toplifeproject.com\/de\/wp-json\/wp\/v2\/media\/57819"}],"wp:attachment":[{"href":"https:\/\/toplifeproject.com\/de\/wp-json\/wp\/v2\/media?parent=57449"}],"wp:term":[{"taxonomy":"product_brand","embeddable":true,"href":"https:\/\/toplifeproject.com\/de\/wp-json\/wp\/v2\/product_brand?post=57449"},{"taxonomy":"product_cat","embeddable":true,"href":"https:\/\/toplifeproject.com\/de\/wp-json\/wp\/v2\/product_cat?post=57449"},{"taxonomy":"product_tag","embeddable":true,"href":"https:\/\/toplifeproject.com\/de\/wp-json\/wp\/v2\/product_tag?post=57449"}],"curies":[{"name":"wp","href":"https:\/\/api.w.org\/{rel}","templated":true}]}}