{"id":57454,"date":"2024-08-18T11:09:59","date_gmt":"2024-08-18T09:09:59","guid":{"rendered":"https:\/\/toplifeproject.com\/?post_type=product&#038;p=57454"},"modified":"2026-02-02T11:53:56","modified_gmt":"2026-02-02T10:53:56","slug":"micotherapy-reishi","status":"publish","type":"product","link":"https:\/\/toplifeproject.com\/de\/prodotto\/micotherapy-reishi\/","title":{"rendered":"Micotherapy Reishi"},"content":{"rendered":"<h5>Effetti fisiologici<\/h5>\n<ul>\n<li>Modula il sistema immunitario<\/li>\n<li>Aiuta a gestire meglio lo stress<\/li>\n<li>Favorisce l\u2019equilibrio dell\u2019organismo<\/li>\n<\/ul>\n<h5>Ingredienti<\/h5>\n<ul>\n<li><strong>Reishi (Ganoderma lucidum)<\/strong> da agricoltura biologica, sporophorum ed estratto secco titolato in Polisaccaridi ed Ergotioneina<\/li>\n<li>Capsula in cellulosa vegetale<\/li>\n<\/ul>\n<h5>Tit. &gt; 30% 1,3 \u2013 1,6 betaglucani<\/h5>\n<div class=\"responsive-table\">\n<table class=\"product-table\" border=\"0\" width=\"45%\" cellspacing=\"0\" cellpadding=\"5\">\n<thead>\n<tr>\n<th>TENORE MEDIO INGREDIENTI CARATTERIZZANTI<\/th>\n<th>PER DOSE GIORNALIERA (3 CPS)<\/th>\n<\/tr>\n<\/thead>\n<tbody>\n<tr>\n<td><strong>Reishi estratto secco<\/strong><\/td>\n<td><strong>960 mg<\/strong><\/td>\n<\/tr>\n<tr>\n<td>Apporto in polisaccaridi<\/td>\n<td>240 mg<\/td>\n<\/tr>\n<tr>\n<td>Apporto ergotioneina<\/td>\n<td>227 mcg<\/td>\n<\/tr>\n<tr>\n<td><strong>Reishi sporophorum<\/strong><\/td>\n<td><strong>240 mg<\/strong><\/td>\n<\/tr>\n<\/tbody>\n<\/table>\n<\/div>\n<h5>Modalit\u00e0 d&#8217;uso<\/h5>\n<p>3 capsule al giorno preferibilmente lontano dai pasti<\/p>\n<h5>Formato<\/h5>\n<p>confezioni da 30 e 90 capsule<\/p>\n<h5>Note<\/h5>\n<ul>\n<li>Gluten Free<\/li>\n<li>NO OGM<\/li>\n<li>prodotto certificato Play Sure-Doping Free<\/li>\n<li>Ingredienti da agricoltura biologica \u2013 Made in Europe<\/li>\n<li>inserito nel registro degli integratori: codice <strong>62493<\/strong><\/li>\n<li>Codice Paraf: <strong>923589004<\/strong><\/li>\n<li>Codice EAN: <strong>8059173430598<\/strong><\/li>\n<\/ul>\n<h5>Bibliografia<\/h5>\n<ol class=\"product-bibliografia\">\n<li>Zhou, Sh.; Gao, Y. The immunomodulating effects of Ganoderma lucidum (Curt.: Fr.) P. Karst. (Ling Zhi, reishi mushroom) (Aphyllo- phoromycetideae). Int. J. Med. Mushrooms 2002, 4 (1), 1\u201311<\/li>\n<li>Liu, G.T. Recent advances in research of pharmacology and clinical applications of Ganoderma P. Karst. species (Aphyllophoromycetideae) in China. Int. J. Med. Mushrooms 1999, 1 (1), 63\u201368<\/li>\n<li>Ko, H-H., H. Chi-Feng, J-P. Wang &amp; C-N. Lin, 2008. \u201cAntiinflammatory triterpenoids and steroids from Ganoderma lucidum and G. tsugae.\u201d Phytochemistry Volume 69, Issue 1, January, Pages 234-239<\/li>\n<li>TV Lasukova, AG Arbuzov, LN Maslov, and VN Burkova. Ganoderma lucidum extract in cardiac diastolic dysfunction and irreversible cardiomyocytic damage in ischemia and reperfusion of the isolated heart. Patol Fiziol Eksp Ter, Jan 2008; (1): 22-5<\/li>\n<li>Zhang HN, Lin ZB (2004). Hypoglycemic effects of Ganoderma lucidum polysacchrides.Acta Pharmacol. 25 (2):191-195<\/li>\n<li>Tang W, Gao Y, Chen G, et al. A Randomized, Double-Blind and Placebo-Controlled Study of a Ganoderma lucidum Polysaccharide Extract in Neurasthenia. J Med Food. 2005;8:53-58<\/li>\n<li>R Zhang, S Xu, Y Cai, M Zhou, X Zuo and P Chan. Ganoderma lucidum Protects Dopaminergic Neuron Degeneration Through Inhibition of Microglial Activation. eCAM Advance Access published July 16, 2009<\/li>\n<li>ZY Zhou, YP Tang, J Xiang, P Wua, HM Jin, Z Wang, M Mori, and DF Cai. Neuroprotective effects of water-soluble Ganoderma lucidum polysaccharides on cerebral ischemic injury in rats. J Ethnopharmacol, August 19, 2010; 131(1): 154-64<\/li>\n<li>B Lakshmi, TA Ajith, N Jose, and KK Janardhanan Antimutagenic activity of methanolic extract of Ganoderma lucidum and its effect on hepatic damage caused by benzo[a]pyrene. J Ethnopharmacol, September 19, 2006; 107(2): 297-303<\/li>\n<li>Y Shi, J Sun, H He, H Guo, and S Zhang. Hepatoprotective effects of Ganoderma lucidum peptides against D-galactosamine-induced liver injury in mice. J Ethnopharmacol, May 22, 2008; 117(3): 415-9<\/li>\n<li>YQ Li and SF Wang Anti-hepatitis B activities of ganoderic acid from Ganoderma lucidum. Biotechnol Lett, June 1, 2006; 28(11): 837-41<\/li>\n<li>Zhou, Sh.; Gao, Y.; Chen, G.; Dai, X.; Ye, J.;Gao, H. A phase I=II study of a Ganoderma lucidum (Curt.: Fr.) P. Karst. (Ling Zhi, Reishi mushroom) extract in patients with chronic hepatitis B. Int. J. Med. Mushrooms 2002, 4 (4), 321\u2013328<\/li>\n<li>Gao, Y.; Lan, J.; Dai, X.; Ye, J.; Zhou, Sh. A phase I\/II study of Ling Zhi mushroom Ganoderma lucidum. (W. Curt.: Fr.) Lloyd (Aphyllophoromycetideae) extract in patients with type II diabetes mellitus. Int. J. Med. Mushrooms 2004, 6 (1)<\/li>\n<li>Dott. Martin Powell. The Use of Ganoderma lucidum (Reishi) in the Management of Histamine-Mediated Allergic Responses. Nutrition Practitioner October 2004 (www.nutprac.com)<\/li>\n<li>Sone Y, Okuda R, Wada N, Kishida E, Misaki A. Structures and antitumor activities of the polysaccharides isolated from fruiting body and the growing culture of mycelium of Ganoderma lucidum. Agric Biol Chem 1985;49:2641\u201353<\/li>\n<li>Mao T, van De Water J, Keen CL, et al. Two mushrooms, Grifola frondosa and Ganoderma lucidum, can stimulate cytokine gene expression and proliferation in human T lymphocytes. Int J Immunother 1999;15(1):13-22<\/li>\n<li>Chan WK, Cheung CC, Law HK, et al. Ganoderma lucidum polysaccharides can induce human monocytic leukemia cells into dendritic cells with immuno-stimulatory function. J Hematol Oncol. 2008;1(1):9<\/li>\n<li>Gao Y, Zhou S, Jiang W, et al. Effects of ganopoly (a Ganoderma lucidum polysaccharide extract) on the immune functions in advanced-stage cancer patients. Immunol Invest. Aug 2003;32(3):201-215<\/li>\n<li>HY Hsu, KF Hua, WC Wu, J Hsu, ST Weng, TL Lin, CY Liu, RS Hseu, and CT Huang. Reishi immuno-modulation protein induces interleukin-2 expression via protein kinase-dependent signaling pathways within human T cells. J Cell Physiol, Apr 2008; 215(1): 15-26<\/li>\n<li>Stanley G, Harvey K, Slivova V, Jiang J, Sliva D. Ganoderma lucidum suppresses angiogenesis through the inhibition of secretion of VEGF and TGF-_1 from prostate cancer cells. Biochem Biophys Res Commun 2005;330:46\u201352<\/li>\n<li>Free radical scavenging and immunomodulatory activities of Ganoderma lucidum polysaccharides derivatives.J Wang, Y Wang, X Liu, Y Yuan, and T Yue . Carbohydr Polym, January 2, 2013; 91(1): 33-8<\/li>\n<\/ol>\n","protected":false},"excerpt":{"rendered":"<h5>ADAPTOGEN F\u00dcR PSYCHISCHES UND K\u00d6RPERLICHES WOHLBEFINDEN<\/h5>\n<p>Nahrungserg\u00e4nzungsmittel auf Basis von biologischem Reishi (Ganoderma lucidum), ideal zur Unterst\u00fctzung der \nStressregulation und zur St\u00e4rkung der k\u00f6rpereigenen Abwehrkr\u00e4fte.<\/p>\n<p><img decoding=\"async\" src=\"https:\/\/toplifeproject.com\/wp-content\/uploads\/2025\/08\/micotherapy-reishi-1.jpg\" alt=\"\" width=\"350\" \/><\/p>\n<h5>Eigenschaften<\/h5>\n<p>Reishi, auch bekannt als der \u201ePilz der Unsterblichkeit\u201c, wird in der Traditionellen Chinesischen Medizin verwendet, \num das Gleichgewicht des K\u00f6rpers zu f\u00f6rdern und die Anpassungsf\u00e4higkeit an Stress zu erh\u00f6hen.\nDank seines Gehalts an Polysacchariden und Triterpenen unterst\u00fctzt er das Immunsystem und hilft dem K\u00f6rper, \nbesser auf intensive k\u00f6rperliche und mentale Belastungen zu reagieren.<\/p>\n<p>Zzgl. Versandkosten (kostenlos ab einem Bestellwert von 60 \u20ac)<\/p>\n<p><strong style=\"color: #ff0000\">Lieferzeit: 3\u20137 Werktage<\/strong><\/p>","protected":false},"featured_media":57816,"template":"","meta":{"_iconic_wsb_product_page_order_bump_ids":[[]],"_sku":["TLP10000035"],"_iconic_wsb_product_page_bump_modal_ids":[[]]},"product_brand":[],"product_cat":[447,423],"product_tag":[442],"class_list":{"0":"post-57454","1":"product","2":"type-product","3":"status-publish","4":"has-post-thumbnail","6":"product_cat-prodotti-avd","7":"product_cat-integratori","8":"product_tag-micoterapia","10":"first","11":"instock","12":"sale","13":"taxable","14":"shipping-taxable","15":"purchasable","16":"product-type-simple"},"aioseo_notices":[],"publishpress_future_workflow_manual_trigger":{"enabledWorkflows":[]},"_links":{"self":[{"href":"https:\/\/toplifeproject.com\/de\/wp-json\/wp\/v2\/product\/57454","targetHints":{"allow":["GET"]}}],"collection":[{"href":"https:\/\/toplifeproject.com\/de\/wp-json\/wp\/v2\/product"}],"about":[{"href":"https:\/\/toplifeproject.com\/de\/wp-json\/wp\/v2\/types\/product"}],"wp:featuredmedia":[{"embeddable":true,"href":"https:\/\/toplifeproject.com\/de\/wp-json\/wp\/v2\/media\/57816"}],"wp:attachment":[{"href":"https:\/\/toplifeproject.com\/de\/wp-json\/wp\/v2\/media?parent=57454"}],"wp:term":[{"taxonomy":"product_brand","embeddable":true,"href":"https:\/\/toplifeproject.com\/de\/wp-json\/wp\/v2\/product_brand?post=57454"},{"taxonomy":"product_cat","embeddable":true,"href":"https:\/\/toplifeproject.com\/de\/wp-json\/wp\/v2\/product_cat?post=57454"},{"taxonomy":"product_tag","embeddable":true,"href":"https:\/\/toplifeproject.com\/de\/wp-json\/wp\/v2\/product_tag?post=57454"}],"curies":[{"name":"wp","href":"https:\/\/api.w.org\/{rel}","templated":true}]}}