{"id":57457,"date":"2024-08-18T11:09:59","date_gmt":"2024-08-18T09:09:59","guid":{"rendered":"https:\/\/toplifeproject.com\/?post_type=product&#038;p=57457"},"modified":"2025-12-25T03:20:03","modified_gmt":"2025-12-25T02:20:03","slug":"micotherapy-u-care","status":"publish","type":"product","link":"https:\/\/toplifeproject.com\/de\/prodotto\/micotherapy-u-care\/","title":{"rendered":"Micotherapy U-CARE"},"content":{"rendered":"<h5>Eigenschaften<\/h5>\n<p>Micotherapy U-CARE kombiniert die synergistische Wirkung von Reishi, Maitake, Agaricus, Cordyceps und Shiitake, die aufgrund ihrer immunmodulierenden, antioxidativen und entz\u00fcndungshemmenden Eigenschaften ausgew\u00e4hlt wurden.\nDank der hohen Konzentration an Beta-Glucanen und weiteren aktiven Verbindungen wirkt es auf die Achse Immunsystem\u2013Mikrobiota, indem es die unspezifische Immunantwort stimuliert und die spezifische moduliert.<\/p>\n<h5>Physiologische Wirkungen<\/h5>\n<ul>\n<li>St\u00e4rkt die Immunabwehr<\/li>\n<li>Unterst\u00fctzt die Gesundheit des gesamten Organismus<\/li>\n<li>F\u00f6rdert das Gleichgewicht des Mikrobioms und hilft, Entz\u00fcndungen zu reduzieren<\/li>\n<\/ul>\n<h5>Inhaltsstoffe<\/h5>\n<p>Mischung aus Beta-Glucanen, gewonnen aus folgenden biologischen Pilzen:<\/p>\n<ul>\n<li>Agaricus blazei<\/li>\n<li>Cordyceps sinensis<\/li>\n<li>Ganoderma lucidum<\/li>\n<li>Grifola frondosa<\/li>\n<li>Lentinula edodes<\/li>\n<\/ul>\n<h5>Standardisiert auf &gt; 30 % 1,3\u20131,6 Beta-Glucane<\/h5>\n<div class=\"responsive-table\">\n<table class=\"product-table\" border=\"0\" width=\"45%\" cellspacing=\"0\" cellpadding=\"5\">\n<thead>\n<tr>\n<th>Durchschnittlicher Gehalt der charakteristischen Inhaltsstoffe<\/th>\n<th>pro Tagesdosis (2 Kapseln)<\/th>\n<\/tr>\n<\/thead>\n<tbody>\n<tr>\n<td>Beta-Glucane gewonnen aus:<\/td>\n<td><\/td>\n<\/tr>\n<tr>\n<td>Ganoderma lucidum<\/td>\n<td>300 mg<\/td>\n<\/tr>\n<tr>\n<td>Grifola frondosa<\/td>\n<td>300 mg<\/td>\n<\/tr>\n<tr>\n<td>Agaricus blazei<\/td>\n<td>300 mg<\/td>\n<\/tr>\n<tr>\n<td>Cordyceps sinensis<\/td>\n<td>300 mg<\/td>\n<\/tr>\n<tr>\n<td>Lentinula edodes<\/td>\n<td>300 mg<\/td>\n<\/tr>\n<\/tbody>\n<\/table>\n<\/div>\n<h5>Anwendung<\/h5>\n<ul>\n<li style=\"list-style-type: none\">\n<ul>\n<li>2 Kapseln t\u00e4glich, vorzugsweise zwischen den Mahlzeiten einnehmen<\/li>\n<li>Die gleichzeitige Einnahme von Vitamin C wird empfohlen<\/li>\n<\/ul>\n<\/li>\n<\/ul>\n<p>&lt;ul?&gt;<\/p>\n<h5>Format<\/h5>\n<p>Packung mit 70 Kapseln<\/p>\n<h5>Hinweise<\/h5>\n<p><img class=\"lazyload\" decoding=\"async\" src=\"data:image\/gif;base64,R0lGODlhAQABAAAAACH5BAEKAAEALAAAAAABAAEAAAICTAEAOw==\" data-orig-src=\"https:\/\/toplifeproject.com\/wp-content\/uploads\/2025\/08\/micotherapy-u-care2.png\" width=\"200\" \/><\/p>\n<h5>Ohne Gentechnik (GMO-frei)<\/h5>\n<ul>\n<li style=\"list-style-type: none\">\n<ul>\n<li style=\"list-style-type: none\">\n<ul>\n<li>Eingetragen im Nahrungserg\u00e4nzungsmittelregister: Code 627<\/li>\n<li>EAN-Code: 8059173430833<\/li>\n<li>Paraf-Code: 979605007<\/li>\n<\/ul>\n<\/li>\n<\/ul>\n<\/li>\n<\/ul>\n<h5>Literatur<\/h5>\n<ul>\n<li style=\"list-style-type: none\">\n<ol class=\"product-bibliografia\">\n<li>Anticancer and anti-inammatory properties of Ganoderma lucidum extract effects on melanoma and Triple-Negative Breast Cancer treatment. Barbieri A, Quagliariello V, Del Vecchio V, Falco M, Luciano A, Amruthraj NJ, Nasti G, Ottaiano A, Berretta M, Iaffaioli RV, Arra C. Nutrients. 2017 Mar; 9(3): 210<\/li>\n<li>B-glucans from Grifola frondosa and Ganoderma lucidum breast cancer: an example of complementary and integrative medicine. Rossi P, Difrancia R, Quagliariello V, Savino E, Tralongo P, Randazzo CL, Berretta M. Oncotarget. 2018 May 15;9(37):24837-24856<\/li>\n<li>Immunomodulatory and Antitumoral Properties of Ganoderma lucidum and Agaricus brasiliensis (Agaricomycetes) Medicinal Mushrooms. Rubel R, Santa HSD, Dos Santos LF, Fernandes LC, Figueiredo BC, Soccol CR. Int J Med Mushrooms. 2018;20(4):393-403<\/li>\n<li>The Potential Role of Medicinal Mushrooms in the Prevention and Treatment of Gynecological Cancers: A Review. Venturella G, Saporita P, Gargano ML. Int J Med Mushrooms. 2019;21(3):225-235<\/li>\n<li>The effects of beta-glucan on human immune and cancer cells. Chan GC, Chan WK, Sze DM. J Hematol Oncol. 2009 Jun 10;2:25<\/li>\n<li>Optimizing Tumor Microenvironment for Cancer Immunotherapy: \u03b2-Glucan-Based Nanoparticles. Mei Zhang, Julian A. Kim, and Alex Yee-Chen Huang. Front Immunol. 2018; 9: 341<\/li>\n<li>Glucans as New Anticancer Agents. Sima P, Richter J, Vetvicka V. Anticancer Res. 2019 Jul; 39(7):3373-3378<\/li>\n<li>Consumption of \u03b2-glucans to spice up T cell treatment of tumors: a review. de Graaff P, Govers C, Wichers HJ, Debets R. Expert Opin Biol Ther. 2018 Oct;18(10):1023-1040<\/li>\n<li>Cytotoxic lanostane-type triterpenoids from the fruiting bodies of Ganoderma lucidum and their structure-activity relationships. Chen S, Li X, Yong T, Wang Z, Su J, Jiao C, Xie Y, Yang BB. Oncotarget. 2017 Feb 7;8(6):10071-10084<\/li>\n<li>Biological activities of triterpenes isolated from the medicinal mushroom Ganoderma lucidum. Dudek MK, Loganathan J, Silva D, Glensk M. Planta Medica 2015; 81(11)<\/li>\n<li>Anti-oxidative Amino Acid L-ergothioneine Modulates the Tumor Microenvironment to Facilitate Adjuvant Vaccine Immunotherapy. Yoshida S, Shime H, Matsumoto M, Kasahara M, Seya T. Front Immunol. 2019 Apr 4;10:671<\/li>\n<li>Yeast-Derived \u03b2-Glucan in Cancer: Novel Uses of a Traditional Therapeutic. Geller A, Rejeena S, and Yan J. Int J Mol Sci. 2019 Aug; 20(15): 3618<\/li>\n<li>Imprime PGG, a yeast \u03b2-glucan PAMP elicits a coordinated immune response in combination with anti-PD1 antibody. Xiaohong Q, Chan ASH, Adria Bykowski J, Kangas T, Nadine R., Jeremy R. Graff and Bose N. J Immunol May 1, 2016, 196 (1 Supplement) 214.16<\/li>\n<li>Tumor Microenvironment as a New Target for Tumor Immunotherapy of Polysaccharides. Liu L, Nie S, Xie M. Crit Rev Food Sci Nutr. 2016 Jul 29;56 Suppl 1:S85-94<\/li>\n<li>Can maitake MD-fraction aid cancer patients? Kodama N, Komuta K, Nanba H. Altern Med Rev. 2002;7:236\u2013239<\/li>\n<li>Anti-tumor monoclonal antibodies in conjunction with \u03b2-glucans: a novel anti-cancer immunotherapy Xiang D, Sharma VR, Freter CE, Yan J. Curr Med Chem. 2012;19(25):4298-305<\/li>\n<li>Ganoderma lucidum (Reishi) suppresses proliferation and migration of breast cancer cells via inhibiting Wnt\/\u03b2-catenin signaling. Zhang Y. Biochem Biophys Res Commun. 2017 Jul 8;488(4):679-684<\/li>\n<\/ol>\n<\/li>\n<\/ul>","protected":false},"excerpt":{"rendered":"<h5>BREITWIRKENDER IMMUNMODULATOR<\/h5>\n<p>Exklusive Formel auf Basis von f\u00fcnf Heilpilzen aus biologischem Anbau.\nEine kraftvolle nat\u00fcrliche Unterst\u00fctzung zur St\u00e4rkung der Abwehrkr\u00e4fte und zur F\u00f6rderung des allgemeinen \nWohlbefindens.<\/p>\n<h5>Starker Immunmodulator mit exklusiver AVD-Eigentumsformel<\/h5>\n<p>Aus biologischem Anbau (IT BIO 006) \u2013 Hergestellt in Europa<\/p>\n<p><img decoding=\"async\" src=\"https:\/\/toplifeproject.com\/wp-content\/uploads\/2025\/08\/micotherapy-u-care.jpg\" width=\"320\" \/><\/p>\n<p>Zzgl. Versandkosten (kostenlos ab einem Bestellwert von 60 \u20ac)<\/p>\n<p><strong style=\"color: #ff0000\">Lieferzeit: 3\u20137 Werktage<\/strong><\/p>","protected":false},"featured_media":57815,"template":"","meta":{"_iconic_wsb_product_page_order_bump_ids":[[]],"_sku":["TLP10000036"],"_iconic_wsb_product_page_bump_modal_ids":[[]]},"product_brand":[],"product_cat":[447,423],"product_tag":[],"class_list":{"0":"post-57457","1":"product","2":"type-product","3":"status-publish","4":"has-post-thumbnail","6":"product_cat-prodotti-avd","7":"product_cat-integratori","9":"first","10":"instock","11":"sale","12":"taxable","13":"shipping-taxable","14":"purchasable","15":"product-type-simple"},"aioseo_notices":[],"publishpress_future_workflow_manual_trigger":{"enabledWorkflows":[]},"_links":{"self":[{"href":"https:\/\/toplifeproject.com\/de\/wp-json\/wp\/v2\/product\/57457","targetHints":{"allow":["GET"]}}],"collection":[{"href":"https:\/\/toplifeproject.com\/de\/wp-json\/wp\/v2\/product"}],"about":[{"href":"https:\/\/toplifeproject.com\/de\/wp-json\/wp\/v2\/types\/product"}],"wp:featuredmedia":[{"embeddable":true,"href":"https:\/\/toplifeproject.com\/de\/wp-json\/wp\/v2\/media\/57815"}],"wp:attachment":[{"href":"https:\/\/toplifeproject.com\/de\/wp-json\/wp\/v2\/media?parent=57457"}],"wp:term":[{"taxonomy":"product_brand","embeddable":true,"href":"https:\/\/toplifeproject.com\/de\/wp-json\/wp\/v2\/product_brand?post=57457"},{"taxonomy":"product_cat","embeddable":true,"href":"https:\/\/toplifeproject.com\/de\/wp-json\/wp\/v2\/product_cat?post=57457"},{"taxonomy":"product_tag","embeddable":true,"href":"https:\/\/toplifeproject.com\/de\/wp-json\/wp\/v2\/product_tag?post=57457"}],"curies":[{"name":"wp","href":"https:\/\/api.w.org\/{rel}","templated":true}]}}