{"id":57460,"date":"2024-08-18T11:09:59","date_gmt":"2024-08-18T09:09:59","guid":{"rendered":"https:\/\/toplifeproject.com\/?post_type=product&#038;p=57460"},"modified":"2025-12-25T03:20:03","modified_gmt":"2025-12-25T02:20:03","slug":"performance-brain","status":"publish","type":"product","link":"https:\/\/toplifeproject.com\/de\/prodotto\/performance-brain\/","title":{"rendered":"Performance Brain"},"content":{"rendered":"<h5>Physiologische Wirkungen<\/h5>\n<ul>\n<li>Verbessert Ged\u00e4chtnis, Konzentration und Reaktionsf\u00e4higkeit<\/li>\n<li>Optimiert mentale und k\u00f6rperliche Leistungsf\u00e4higkeit<\/li>\n<li>Wirkt psychischem und k\u00f6rperlichem Stress entgegen<\/li>\n<\/ul>\n<h5>Inhaltsstoffe<\/h5>\n<ul>\n<li class=\"translation-block\"><strong>Reishi (Ganoderma lucidum) BIO:<\/strong> Einer der am h\u00e4ufigsten von Sportlern verwendeten Pilze. Er erh\u00f6ht das Energieniveau, verbessert die Zellatmung, sch\u00fctzt die mitochondriale Funktion vor oxidativem Stress und reduziert chronische niedriggradige Entz\u00fcndungen. Zudem wirkt er geistiger und k\u00f6rperlicher Ersch\u00f6pfung entgegen und verbessert Ged\u00e4chtnis sowie Konzentration. Dank seines hohen Gehalts an Triterpenen moduliert er die Stressachse, unterst\u00fctzt die Nebennieren sowie die Hypothalamus-Hypophysen-Nebennieren-Achse (HPA-Achse), reduziert das M\u00fcdigkeitsgef\u00fchl und reguliert den Schlafrhythmus.<\/li>\n<li class=\"translation-block\"><strong>Cognivia\u2122:<\/strong> Kombiniert die Eigenschaften von zwei Salbeiarten. Salvia officinalis verbessert die kognitive Leistungsf\u00e4higkeit und die Zielorientierung, w\u00e4hrend die \u00e4therischen \u00d6le von Salvia lavandulifolia die Ged\u00e4chtnisprozesse beschleunigen. Studien zeigen eine Verbesserung der kognitiven Funktionen sowie der Langzeit- und exekutiven Ged\u00e4chtnisleistung \u2013 bereits nach einmaliger Einnahme.<\/li>\n<li class=\"translation-block\"><strong>Bacopin\u00ae:<\/strong>(standardisierter Extrakt aus Bacopa monnieri, titriert auf 20 % Bacoside): Unterst\u00fctzt Ged\u00e4chtnis, Konzentration und kognitive Funktionen. Auf k\u00f6rperlicher Ebene verbessert Bacopa die sportliche Leistungsf\u00e4higkeit, reduziert Muskelerm\u00fcdung und erh\u00f6ht die Glykogenspeicher. Kognitiv steigert es Reaktionsgeschwindigkeit, Aufmerksamkeit sowie r\u00e4umliches und Arbeitsged\u00e4chtnis und verbessert die Reflexe.<\/li>\n<li class=\"translation-block\"><strong>Newcaff\u00ae (mikroverkapseltes Koffein):<\/strong> Koffein ist eine ergogene Substanz. Durch Mikroverkapselung wird die Bioverf\u00fcgbarkeit verbessert und eine kontrollierte, verl\u00e4ngerte Freisetzung \u00fcber bis zu 4 Stunden erm\u00f6glicht. Die Wirksamkeit wurde sowohl bei Ausdauer- als auch bei Kraft- und Intervallsportlern nachgewiesen \u2013 ohne Beeinflussung des Insulin- und Blutzuckerspiegels.<\/li>\n<\/ul>\n<div class=\"responsive-table\">\n<table class=\"product-table\" border=\"0\" width=\"45%\" cellspacing=\"0\" cellpadding=\"5\">\n<thead>\n<tr>\n<th>Durchschnittlicher Gehalt der Inhaltsstoffe<\/th>\n<th class=\"translation-block\">pro Tagesdosis<br>\n(3 Kapseln)<\/th>\n<\/tr>\n<\/thead>\n<tbody>\n<tr>\n<td>Ganoderma lucidum (Reishi)<\/td>\n<td>565 mg<\/td>\n<\/tr>\n<tr>\n<td>Cognivia\u00ae (Salvia officinalis und Salvia lavandulifolia)<\/td>\n<td>500 mg<\/td>\n<\/tr>\n<tr>\n<td>Bacopin\u00ae (Bacopa monnieri), titriert auf 20 %<\/td>\n<td>570 mg<\/td>\n<\/tr>\n<tr>\n<td>davon Bacoside<\/td>\n<td>75 mg<\/td>\n<\/tr>\n<tr>\n<td>Koffein<\/td>\n<td>75 mg<\/td>\n<\/tr>\n<\/tbody>\n<\/table>\n<\/div>\n<h5>Anwendung<\/h5>\n<p>Es wird empfohlen, 1 Kapsel t\u00e4glich zur Erhaltung einzunehmen.\n Die Dosis kann zwei Tage vor einem Wettkampf schrittweise um jeweils 1 Kapsel pro Tag erh\u00f6ht werden, bis zu 4 Kapseln am Tag der Leistung.<\/p>\n<h5>Format<\/h5>\n<p>Packung mit 60 Kapseln<\/p>\n<h5>Hinweise<\/h5>\n<p>Zertifiziert \u201ePlay Sure \u2013 Doping Free\u201c<br \/>\nEAN-Code: <strong>8059173430123<\/strong><\/p>\n<p><img class=\"lazyload\" decoding=\"async\" src=\"data:image\/gif;base64,R0lGODlhAQABAAAAACH5BAEKAAEALAAAAAABAAEAAAICTAEAOw==\" data-orig-src=\"https:\/\/toplifeproject.com\/wp-content\/uploads\/2025\/08\/micotherapy-u-care2.png\" width=\"200\" \/><\/p>\n<h5>Literatur<\/h5>\n<ol class=\"product-bibliografia\">\n<li>Potgieter, S et al. \u201cCaffeine improves triathlon performance: a field study in males and females.\u201d International journal of sport nutrition and exercise metabolism 28.3 (2018): 228-237.<\/li>\n<li>Schneiker, KT, et al. \u201cEffects of caffeine on prolonged intermittent-sprint ability in team-sport athletes.\u201d Medicine and science in sports and exercise 38.3 (2006): 578-585.<\/li>\n<li>Stuart, GR., et al. \u201cMultiple effects of caffeine on simulated high-intensity team-sport performance.\u201d Medicine and science in sports and exercise 37.11 (2005): 1998.<\/li>\n<li>Evans, Mark, et al. \u201cAcute Ingestion of Caffeinated Chewing Gum Improves Repeated Sprint Performance of Team Sport Athletes With Low Habitual Caffeine Consumption.\u201d International journal of sport nutrition and exercise metabolism 28.3 (2018): 221-227.<\/li>\n<li>L\u00f3pez-Gonz\u00e1lez, LM., et al. \u201cAcute caffeine supplementation in combat sports: a systematic review.\u201d Journal of the international society of sports nutrition 15.1 (2018): 60.<\/li>\n<li>Brooks, JH., et al. \u201cCaffeine supplementation as an ergogenic aid for muscular strength and endurance: a recommendation for coaches and athletes.\u201d (2016).<\/li>\n<li>Nehlig, Astrid. \u201cIs caffeine a cognitive enhancer?.\u201d Journal of Alzheimer\u2019s Disease 20.s1 (2010): S85-S94.<\/li>\n<li>Panza, F, et al. \u201cCoffee, tea, and caffeine consumption and prevention of late-life cognitive decline and dementia: a systematic review.\u201d The journal of nutrition, health &amp; aging 19.3 (2015): 313-328.<\/li>\n<li>Tildesley N.T.J. et al. Positive modulation of mood and cognitive performance following administration of acute doses of Salvia lavandulaefolia essential oil to healthy young volunteers. Physiology &amp; Behavior 83 (2005) 699-709<\/li>\n<li>Kennedy D.O. et al. Effects of Cholinesterase Inhibiting Sage (Salvia officinalis) on Mood, Anxiety, and Performance on a psychological Stressor Battery. Neuropsychopharmacology (2006) 31, 845-852<\/li>\n<li>Scholey A.B. et al. An extract of Salvia (Sage) with anticholinesterase properties improves memory and attention in healthy older volunteers. Psychopharmacology (2008) 198:127-139<\/li>\n<li>Tildesley N.T.J. et al. Salvia lavandulaefolia (Spanish Sage) enhances memory in healthy young volunteers. Pharmacology, Biochemistry and Behavior (2003) 75: 669-674.<\/li>\n<li>Kennedy D.O. et al. Monoterpenoid extract of Sage (Salvia lavandulaefolia) with cholinesterase inhibiting properties improves cognitive performance and mood in healthy adults. Journal of Psychopharmacology. (2011) 25(08): 1088-1100.<\/li>\n<li>Pase, MP., et al. \u201cThe cognitive-enhancing effects of Bacopa monnieri: a systematic review of randomized, controlled human clinical trials.\u201d The Journal of Alternative and Complementary Medicine 18.7 (2012): 647- 652.<\/li>\n<li>Roodenrys, S, et al. \u201cChronic effects of Brahmi (Bacopa monnieri) on human memory.\u201d Neuropsychopharmacology 27.2 (2002): 279.<\/li>\n<li>Calabrese, C, et al. \u201cEffects of a standardized Bacopa monnieri extract on cognitive performance, anxiety, and depression in the elderly: a randomized, double-blind, placebo-controlled trial.\u201d The journal of alternative and complementary medicine 14.6 (2008): 707-713.<\/li>\n<li>Chaudhari, KS., et al. \u201cNeurocognitive effect of nootropic drug Brahmi (Bacopa monnieri) in Alzheimer\u2019s disease.\u201d Annals of neurosciences 24.2 (2017): 111-122.<\/li>\n<li>Simpson, T et al. \u201cBacopa monnieri as an antioxidant therapy to reduce oxidative stress in the aging brain.\u201d Evidence-Based Complementary and Alternative Medicine 2015 (2015).<\/li>\n<li>Nemetchek, MD., et al. \u201cThe Ayurvedic plant Bacopa monnieri inhibits inflammatory pathways in the brain.\u201d Journal of ethnopharmacology 197 (2017): 92-100.<\/li>\n<li>Shinomol, GK et al. \u201cBacopa monnieri extract offsets rotenone-induced cytotoxicity in dopaminergic cells and oxidative impairments in mice brain.\u201d Cellular and molecular neurobiology 32.3 (2012): 455-465.<\/li>\n<li>Swathi, G, et al. \u201cAlterations of cholinergic neurotransmission in rotenone induced Parkinson\u2019s disease: protective role of Bacopa monnieri.\u201d Int J Pharm Biol Sci 3 (2013): 286-292.<\/li>\n<li>Hosamani, R. \u201cProphylactic treatment with Bacopa monnieri leaf powder mitigates paraquat-induced oxidative perturbations and lethality in Drosophila melanogaster.\u201d (2010).<\/li>\n<li>Krishna, G., et al. \u201cBacopa monnieri Supplements Offset Paraquat-Induced Behavioral Phenotype and Brain Oxidative Pathways In Mice.\u201d Central nervous system agents in medicinal chemistry (2019).<\/li>\n<li>Chen, Zhidan, et al. \u201cPharmaceutical composition and drug effect of synthetic Bacopa monnieri L. health promoting agent from the perspective of resistance fatigue.\u201d Pakistan journal of pharmaceutical sciences 30 (2017).<\/li>\n<li>Kennedy, David O. \u201cPhytochemicals for improving aspects of cognitive function and psychological state potentially relevant to sports performance.\u201d Sports Medicine (2018): 1-20.<\/li>\n<li>Peth-Nui T, et al. Effects of 12-week Bacopa monnieri consumption on attention, cognitive processing, working memory, and functions of both cholinergic and monoaminergic systems in healthy elderly volunteers.<\/li>\n<li>Evid Based Complement Alternat Med. 2012;2012:606424.<\/li>\n<li>Tang, W, et al. \u201cA randomized, double-blind and placebo-controlled study of a Ganoderma lucidum polysaccharide extract in neurasthenia.\u201d Journal of medicinal food 8.1 (2005): 53-58.<\/li>\n<li>Zhang, XQ, et al. \u201cTriterpenoids with neurotrophic activity from Ganoderma lucidum.\u201d Natural product research 25.17 (2011): 1607-1613.<\/li>\n<li>Zhang, R, et al. \u201cGanoderma lucidum protects dopaminergic neuron degeneration through inhibition of microglial activation.\u201d Evidence-Based Complementary and Alternative Medicine 2011 (2011).<\/li>\n<li>Cui, XY, et al. \u201cExtract of Ganoderma lucidum prolongs sleep time in rats.\u201d Journal of ethnopharmacology 139.3 (2012): 796-800.<\/li>\n<li>Cai, Q, et al. \u201cPolysaccharides from Ganoderma lucidum attenuate microglia-mediated neuroinflammation and modulate microglial phagocytosis and behavioural response.\u201d Journal of neuroinflammation 14.1 (2017): 63.<\/li>\n<li>Jin, M, et al. \u201cEffects of polysaccharide from mycelia of Ganoderma lucidum on intestinal barrier functions of rats.\u201d International journal of biological macromolecules 94 (2017): 1-9.<\/li>\n<li>Chang, CJ, et al. \u201cGanoderma lucidum reduces obesity in mice by modulating the composition of the gut microbiota.\u201d Nature communications 6 (2015): 7489.<\/li>\n<li>Kaur, R et al. \u201cAnti-amnesic effects of Ganoderma species: a possible cholinergic and antioxidant mechanism.\u201d Biomedicine &amp; Pharmacotherapy 92 (2017): 1055-1061.<\/li>\n<li>Khatian, N, et al. \u201cEffect of Ganoderma lucidum on memory and learning in mice.\u201d Clinical Phytoscience5.1 (2019): 4.<\/li>\n<li>Zhang, Y, et al. \u201cInfluence of Ganoderma lucidum triterpenoids on learning memory function and ACh content in Alzheimer disease model rat.\u201d Chin J Exp Tradit Med Formulae 16.16 (2012): 172-175.<\/li>\n<li>Huang, S, et al. \u201cPolysaccharides from Ganoderma lucidum promote cognitive function and neural progenitor proliferation in mouse model of Alzheimer\u2019s disease.\u201d Stem cell reports 8.1 (2017): 84-94.<\/li>\n<\/ol>","protected":false},"excerpt":{"rendered":"<h5>MENTALE KLARHEIT UND K\u00d6RPERLICHE LEISTUNGSF\u00c4HIGKEIT<\/h5>\n<p>Nootropisches Nahrungserg\u00e4nzungsmittel, entwickelt zur Unterst\u00fctzung von Ged\u00e4chtnis, Konzentration und \nStressmanagement in Situationen mit hoher Leistungsanforderung.<\/p>\n<h5>Eigenschaften<\/h5>\n<p>Performance Brain kombiniert Reishi, Cognivia\u00ae, Bacopin\u00ae und Newcaff\u00ae, um eine umfassende Unterst\u00fctzung \nf\u00fcr kognitive und k\u00f6rperliche Leistungsf\u00e4higkeit zu bieten. Ideal f\u00fcr Sportler, Studierende und Berufst\u00e4tige \u2013 es \nverbessert mentale Ausdauer, Reaktionsf\u00e4higkeit und Fokus und hilft, Stress zu bew\u00e4ltigen, ohne Klarheit und \nReflexe zu beeintr\u00e4chtigen.<\/p>\n<p>Zzgl. Versandkosten (kostenlos ab einem Bestellwert von 60 \u20ac)<\/p>\n<p><strong style=\"color: #ff0000\">Lieferzeit: 3\u20137 Werktage<\/strong><\/p>","protected":false},"featured_media":57814,"template":"","meta":{"_iconic_wsb_product_page_order_bump_ids":[[]],"_sku":["TLP10000037"],"_iconic_wsb_product_page_bump_modal_ids":[[]]},"product_brand":[],"product_cat":[447,423],"product_tag":[441],"class_list":{"0":"post-57460","1":"product","2":"type-product","3":"status-publish","4":"has-post-thumbnail","6":"product_cat-prodotti-avd","7":"product_cat-integratori","8":"product_tag-concentrazione","10":"first","11":"instock","12":"taxable","13":"shipping-taxable","14":"purchasable","15":"product-type-simple"},"aioseo_notices":[],"publishpress_future_workflow_manual_trigger":{"enabledWorkflows":[]},"_links":{"self":[{"href":"https:\/\/toplifeproject.com\/de\/wp-json\/wp\/v2\/product\/57460","targetHints":{"allow":["GET"]}}],"collection":[{"href":"https:\/\/toplifeproject.com\/de\/wp-json\/wp\/v2\/product"}],"about":[{"href":"https:\/\/toplifeproject.com\/de\/wp-json\/wp\/v2\/types\/product"}],"wp:featuredmedia":[{"embeddable":true,"href":"https:\/\/toplifeproject.com\/de\/wp-json\/wp\/v2\/media\/57814"}],"wp:attachment":[{"href":"https:\/\/toplifeproject.com\/de\/wp-json\/wp\/v2\/media?parent=57460"}],"wp:term":[{"taxonomy":"product_brand","embeddable":true,"href":"https:\/\/toplifeproject.com\/de\/wp-json\/wp\/v2\/product_brand?post=57460"},{"taxonomy":"product_cat","embeddable":true,"href":"https:\/\/toplifeproject.com\/de\/wp-json\/wp\/v2\/product_cat?post=57460"},{"taxonomy":"product_tag","embeddable":true,"href":"https:\/\/toplifeproject.com\/de\/wp-json\/wp\/v2\/product_tag?post=57460"}],"curies":[{"name":"wp","href":"https:\/\/api.w.org\/{rel}","templated":true}]}}