{"id":57462,"date":"2024-08-18T11:09:59","date_gmt":"2024-08-18T09:09:59","guid":{"rendered":"https:\/\/toplifeproject.com\/?post_type=product&#038;p=57462"},"modified":"2025-12-25T03:20:03","modified_gmt":"2025-12-25T02:20:03","slug":"performance-forte","status":"publish","type":"product","link":"https:\/\/toplifeproject.com\/de\/prodotto\/performance-forte\/","title":{"rendered":"Performance Forte"},"content":{"rendered":"<h5>Physiologische Wirkungen<\/h5>\n<ul>\n<li>Verbessert die k\u00f6rperliche und mentale Ausdauer<\/li>\n<li>F\u00f6rdert die Zelloxygenierung<\/li>\n<li>Reduziert M\u00fcdigkeit und unterst\u00fctzt die Regeneration<\/li>\n<\/ul>\n<h5>Inhaltsstoffe<\/h5>\n<ul>\n<li>Cordyceps sinensis Aloha\u2019s Mix<\/li>\n<li>Rhodiola rosea Extrakt<\/li>\n<li>Magnesiumgluconat<\/li>\n<li>Chrompicolinat<\/li>\n<li>Trennmittel: Siliciumdioxid<\/li>\n<\/ul>\n<div class=\"responsive-table\">\n<table class=\"product-table\" border=\"0\" width=\"45%\" cellspacing=\"0\" cellpadding=\"5\">\n<thead>\n<tr>\n<th>Durchschnittlicher Gehalt der charakteristischen Inhaltsstoffe<\/th>\n<th class=\"translation-block\">pro Tagesdosis<br>\n(3 Kapseln)<\/th>\n<th>% RDA<\/th>\n<\/tr>\n<\/thead>\n<tbody>\n<tr>\n<td>Cordyceps sinensis Aloha\u2019s Mix<\/td>\n<td>1580 mg<\/td>\n<td><\/td>\n<\/tr>\n<tr>\n<td>Rhodiola rosea<\/td>\n<td>212 mg<\/td>\n<td><\/td>\n<\/tr>\n<tr>\n<td>Magnesium<\/td>\n<td>128 mg<\/td>\n<td>34%<\/td>\n<\/tr>\n<tr>\n<td>Chrom<\/td>\n<td>116 mcg<\/td>\n<td><\/td>\n<\/tr>\n<\/tbody>\n<\/table>\n<\/div>\n<h5>Anwendung<\/h5>\n<ul>\n<li>3 Kapseln t\u00e4glich, vorzugsweise zwischen den Mahlzeiten einnehmen<\/li>\n<li>Die gleichzeitige Einnahme von Vitamin C wird empfohlen, da es die intestinale Aufnahme von Polysacchariden f\u00f6rdert<\/li>\n<\/ul>\n<h5>Format<\/h5>\n<p>Packung mit 70 magensaftresistenten Kapseln (DRcaps\u2122)<\/p>\n<h5>Hinweise<\/h5>\n<p>Glutenfrei<\/p>\n<ul>\n<li>Zertifiziert \u201ePlay Sure \u2013 Doping Free\u201c<\/li>\n<li>Eingetragen im Nahrungserg\u00e4nzungsmittelregister: Code <strong>49308<\/strong><\/li>\n<li>EAN-Code: <strong>8059173430147<\/strong><\/li>\n<\/ul>\n<h5>Literatur<\/h5>\n<ol class=\"product-bibliografia\">\n<li>Mizuno T. Medicinal effects and utilization of Cordyceps (Fr.) Link (Ascomycetes) and Isaria Fr. (Mitosporic fungi) Chinese caterpillar fungi, Tochukaso\u0081h (review). Int J Med Mushr. 1999;1:251.62<\/li>\n<li>Zhou J-S, Halpern G, Jones K. The scientific rediscovery of an ancient Chinese herbal medicine: Cordyceps sinensis. J Altern Complement Med. 1998;4:429.57<\/li>\n<li>Dai GW, Bao TT, Xu GF, Cooper R, Zhu GX. CordyMaxTM Cs-4 improves steady-state bioenergy status in mouse liver. J Altern Complement Med. 2001;7:231.40<\/li>\n<li>Holliday J, Cleaver P, Loomis-Powers M, Patel D. Analysis of quality and techniques for hybridization of medicinal fungus Cordyceps sinensis. Int J Med Mushr. 2004;6:147.60<\/li>\n<li>Kiho T, Hui J, Yamane A, Ukai S. Hypoglycemic activity and chemical properties of a polysaccharide from the cultural mycelium of Cordyceps sinensis. Biol Pharm Bull. 1993;16:1291.3<\/li>\n<li>Zhu J-S, Rippe J. CordyMax enhances aerobic capability, endurance performance, and exercise metabolism in healthy, mid-age to elderly sedentary humans. Presented at the Annual Scientific Conference of the American Physiological Society (APS). Experimental Biology. 2004 April 17.21; Washington, DC<\/li>\n<li>Koh JH, Yu KW, Suh HJ, Choi YM, Ahn TS. Activation of macrophages and the intestinal immune system by an orally administered decoction from cultured mycelia of Cordyceps sinensis. Biosci Biotechnol Biochem. 2002;66:407.11<\/li>\n<li>Wang R, Xie J, Ji P, Li S, Zhan H, Xia J, Sun H, Lei L, Yu J, Wang Y, Holliday J. Clinical trial report on chronic hepatitis treatment using immune-assist brand<\/li>\n<li>Xu F, Huang JB, Jiang L, Xu J, Mi J. Amelioration of cyclosporin nephrotoxicity by Cordyceps sinensis in kidney transplanted recipients. Nephrol Dial Transplant.1995;10:142.3<\/li>\n<li>Guan YJ, Hu G, Hou M, Jiang H, Wang X, Zhang C. Effect of Cordyceps sinensis on T- lymphocyte subsets in chronic renal failure. Chin J Integr Med. 1992; 12:338.9<\/li>\n<li>Jiang JC, Gao YF. Summary of treatment of 37 chronic renal dysfunction patients with JinShuiBao. J Admin Trad Chin Med. 1995;5:23.4<\/li>\n<li>Guo QC, Zhang C. Clinical observations of adjunctive treatment of 20 diabetic patients with JinSHuiBao capsule. J Admin Trad Chin Med. 1995;5:22<\/li>\n<li>Zhao CS, Yin WT, Wang JY, Zhang Y, Yu H, Cooper R, Smidt C, Zhu JS. J Altern Complement Med. 2002;8:403.5<\/li>\n<li>Kiho T, Yamane A, Hui J, Usui S, Ukai S. Hypoglycemic activity of a polysaccharide (CS-F30) from the cultural mycelium of Cordyceps sinensis and its effect on glucose metabolism in mouse liver. Phytother Res. 2000;4:647.9<\/li>\n<li>Han SR. Experiences in treating patients of chronic bronchitis and pulmonary diseases with Cs-4 capsule (JinShuiBao). J Admin Trad Chin Med. 1995;5<\/li>\n<li>Qu ZY, Song K, Cai WL, Tang J. Evaluation of therapeutic effects of JinShuiBao capsule for treatment of respiratory disease. J Admin Trad Chin Med. 1995;5 Suppl:29.30<\/li>\n<li>Zheng LY, Deng WW. The clinical efficacy of Cordyceps sinensis Cs-4 capsule in treating chronic bronchitis and its effect on pulmonary function. J Admin Trad Chin Med. 1995; 5 Suppl:9.11<\/li>\n<li>Dai G, Bao T, Xu C, Cooper R, Zhu JS. Cordyceps Cs-4 improves steady-state bioenergy status in mouse liver. J Altern Complement Med. 2001;7:231.40<\/li>\n<\/ol>","protected":false},"excerpt":{"rendered":"<h5>KRAFT UND AUSDAUER F\u00dcR H\u00d6CHSTLEISTUNGEN<\/h5>\n<p>Fortschrittliches Nahrungserg\u00e4nzungsmittel auf Basis von Cordyceps sinensis, Rhodiola, Chrom und Magnesium.\nSpeziell entwickelt f\u00fcr alle, die eine effektive Unterst\u00fctzung f\u00fcr Leistung und Regeneration suchen.<\/p>\n<p><img decoding=\"async\" src=\"https:\/\/toplifeproject.com\/wp-content\/uploads\/2025\/08\/performance-forte-1.jpg\" width=\"60\" \/><\/p>\n<h5>Eigenschaften<\/h5>\n<p>Performance Forte wurde entwickelt, um die Reaktion des K\u00f6rpers auf k\u00f6rperliche Belastung zu verbessern \u2013 \ndank Cordyceps sinensis Aloha\u2019s Mix und Rhodiola. Es erh\u00f6ht die zellul\u00e4re Sauerstoffversorgung und die \nmitochondriale Energieproduktion (ATP), reduziert das M\u00fcdigkeitsgef\u00fchl und unterst\u00fctzt die Regeneration.\n\nEine fortschrittliche Formel f\u00fcr Menschen, die Leistungssport betreiben oder ihre Energie und Vitalit\u00e4t optimal \nunterst\u00fctzen m\u00f6chten.<\/p>\n<p>Zzgl. Versandkosten (kostenlos ab einem Bestellwert von 60 \u20ac)<\/p>\n<p><strong style=\"color: #ff0000\">Lieferzeit: 3\u20137 Werktage<\/strong><\/p>","protected":false},"featured_media":57813,"template":"","meta":{"_iconic_wsb_product_page_order_bump_ids":[[]],"_sku":["TLP10000038"],"_iconic_wsb_product_page_bump_modal_ids":[[]]},"product_brand":[],"product_cat":[447,423],"product_tag":[444],"class_list":{"0":"post-57462","1":"product","2":"type-product","3":"status-publish","4":"has-post-thumbnail","6":"product_cat-prodotti-avd","7":"product_cat-integratori","8":"product_tag-prestazione-sportiva","10":"first","11":"instock","12":"sale","13":"taxable","14":"shipping-taxable","15":"purchasable","16":"product-type-simple"},"aioseo_notices":[],"publishpress_future_workflow_manual_trigger":{"enabledWorkflows":[]},"_links":{"self":[{"href":"https:\/\/toplifeproject.com\/de\/wp-json\/wp\/v2\/product\/57462","targetHints":{"allow":["GET"]}}],"collection":[{"href":"https:\/\/toplifeproject.com\/de\/wp-json\/wp\/v2\/product"}],"about":[{"href":"https:\/\/toplifeproject.com\/de\/wp-json\/wp\/v2\/types\/product"}],"wp:featuredmedia":[{"embeddable":true,"href":"https:\/\/toplifeproject.com\/de\/wp-json\/wp\/v2\/media\/57813"}],"wp:attachment":[{"href":"https:\/\/toplifeproject.com\/de\/wp-json\/wp\/v2\/media?parent=57462"}],"wp:term":[{"taxonomy":"product_brand","embeddable":true,"href":"https:\/\/toplifeproject.com\/de\/wp-json\/wp\/v2\/product_brand?post=57462"},{"taxonomy":"product_cat","embeddable":true,"href":"https:\/\/toplifeproject.com\/de\/wp-json\/wp\/v2\/product_cat?post=57462"},{"taxonomy":"product_tag","embeddable":true,"href":"https:\/\/toplifeproject.com\/de\/wp-json\/wp\/v2\/product_tag?post=57462"}],"curies":[{"name":"wp","href":"https:\/\/api.w.org\/{rel}","templated":true}]}}