{"id":57466,"date":"2024-08-18T11:09:59","date_gmt":"2024-08-18T09:09:59","guid":{"rendered":"https:\/\/toplifeproject.com\/?post_type=product&#038;p=57466"},"modified":"2025-12-25T03:20:03","modified_gmt":"2025-12-25T02:20:03","slug":"tranquilphit-liquid","status":"publish","type":"product","link":"https:\/\/toplifeproject.com\/de\/prodotto\/tranquilphit-liquid\/","title":{"rendered":"Tranquilphit \u2013 liquid"},"content":{"rendered":"<h5>Physiologische Wirkungen<\/h5>\n<ul>\n<li>F\u00f6rdert Entspannung und mentales Wohlbefinden<\/li>\n<li>Hilft beim Umgang mit Stress und unterst\u00fctzt den Schlaf<\/li>\n<li>Tr\u00e4gt zum emotionalen Gleichgewicht bei<\/li>\n<\/ul>\n<h5>Inhaltsstoffe<\/h5>\n<ul>\n<li>Mit dem Ojas-System energetisiertes Wasser<\/li>\n<li class=\"translation-block\"><strong>Apfelextrakt: <\/strong>nat\u00fcrlicher S\u00fc\u00dfstoff auf Basis von Apfelzucker<\/li>\n<li class=\"translation-block\"><strong> Melisse Trockenextrakt (standardisiert auf 4 % Rosmarins\u00e4ure):<\/strong> krampfl\u00f6send, entspannend, nervlich ausgleichend<\/li>\n<li class=\"translation-block\"><strong>Hopfenbl\u00fcten Trockenextrakt (standardisiert auf 0,4 % Rutosid):<\/strong> angstl\u00f6send, krampfl\u00f6send<\/li>\n<li class=\"translation-block\"><strong>Steinklee (oberirdische Pflanzenteile):<\/strong> beruhigend, krampfl\u00f6send, magenst\u00e4rkend<\/li>\n<li class=\"translation-block\"><strong>Passionsblume (Pflanze): <\/strong>sedierende und krampfl\u00f6sende Wirkung<\/li>\n<li class=\"translation-block\"><strong>Johanniskraut Trockenextrakt (standardisiert auf 0,3 % Hypericin): <\/strong>stimmungsaufhellend, ausgleichend, mild angstl\u00f6send, immunstimulierend<\/li>\n<li><strong>Gemmotherapeutika<\/strong> aus:\n<ul>\n<li><strong>Tilia tomentosa (Linde):<\/strong> angstl\u00f6send, krampfl\u00f6send und allgemein beruhigend; geeignet bei Schlafst\u00f6rungen, Herzunruhe mit Herzklopfen, Tachykardie und Angstzust\u00e4nden<\/li>\n<li><strong>Crataegus oxyacantha (Wei\u00dfdorn):<\/strong> wirksam bei Schlafst\u00f6rungen, Angstzust\u00e4nden und Bluthochdruck mit Herzrhythmusst\u00f6rungen<\/li>\n<li><strong>Olea europaea (Olive):<\/strong> blutdrucksenkend und cholesterinsenkend, verbessert die Durchblutung<\/li>\n<\/ul>\n<\/li>\n<li>S\u00e4uerungsmittel: Milchs\u00e4ure, Zitronens\u00e4ure<\/li>\n<li>Aroma<\/li>\n<\/ul>\n<div class=\"responsive-table\">\n<table class=\"product-table\" border=\"0\" width=\"45%\" cellspacing=\"0\" cellpadding=\"5\">\n<thead>\n<tr>\n<th>Durchschnittlicher Gehalt der charakteristischen Inhaltsstoffe<\/th>\n<th>pro Tagesdosis<br \/>\n(30 ML)<\/th>\n<\/tr>\n<\/thead>\n<tbody>\n<tr>\n<td>Melisse Trockenextrakt (4 %)<\/td>\n<td>750 mg<\/td>\n<\/tr>\n<tr>\n<td>davon Rosmarins\u00e4ure:<\/td>\n<td><\/td>\n<\/tr>\n<tr>\n<td>Hopfen Trockenextrakt (0,4 %)<\/td>\n<td>750 mg<\/td>\n<\/tr>\n<tr>\n<td>davon Rutosid: 3 mg<\/td>\n<td><\/td>\n<\/tr>\n<tr>\n<td>Steinklee (oberirdische Teile)<\/td>\n<td>600 mg<\/td>\n<\/tr>\n<tr>\n<td>Passionsblume<\/td>\n<td>600 mg<\/td>\n<\/tr>\n<tr>\n<td>Johanniskraut Trockenextrakt (0,3 %)<\/td>\n<td>230 mg<\/td>\n<\/tr>\n<tr>\n<td>davon Hypericin: 0,69 mg<\/td>\n<td><\/td>\n<\/tr>\n<tr>\n<td>Tilia tomentosa (Knospen)<\/td>\n<td>75 mg<\/td>\n<\/tr>\n<tr>\n<td>Crataegus oxyacantha (junge Triebe)<\/td>\n<td>40 mg<\/td>\n<\/tr>\n<tr>\n<td>Olea europaea (junge Triebe)<\/td>\n<td>40 mg<\/td>\n<\/tr>\n<\/tbody>\n<\/table>\n<\/div>\n<h5>Anwendung<\/h5>\n<p>15 ml zweimal t\u00e4glich einnehmen, davon eine Portion vor dem Schlafengehen\n Vor Gebrauch sch\u00fctteln<\/p>\n<h5>Format<\/h5>\n<p>Flasche mit 500 ml<\/p>\n<h5>Hinweise<\/h5>\n<ul>\n<li>K\u00fchl und trocken lagern<\/li>\n<li>Nach dem \u00d6ffnen im K\u00fchlschrank aufbewahren und innerhalb von 30 Tagen verbrauchen<\/li>\n<li>Paraf-Code: <strong>A975020708<\/strong><\/li>\n<\/ul>\n<h5>Literatur<\/h5>\n<ol class=\"product-bibliografia\">\n<li>Piter\u00e0, F.: Compendio di Gemmoterapia clinica. De Ferrari. Genova 1994<\/li>\n<li>Enrica Campanini: Dizionario di fitoterapia e piante medicinali III Ed. Tecniche nuove. Anno 2012<\/li>\n<\/ol>","protected":false},"excerpt":{"rendered":"<h5>NAT\u00dcRLICHE ENTSPANNUNG UND MENTALE GELASSENHEIT<\/h5>\n<p>Fl\u00fcssiges Nahrungserg\u00e4nzungsmittel auf Basis pflanzlicher Extrakte und Gemmoderivate,\ndas zur F\u00f6rderung von Ruhe, emotionalem Wohlbefinden und einer besseren Schlafqualit\u00e4t beitr\u00e4gt.<\/p>\n<p><img decoding=\"async\" src=\"https:\/\/toplifeproject.com\/wp-content\/uploads\/2025\/08\/logo-gluten-free.jpg\" alt=\"\" width=\"100\" \/><\/p>\n<h5>Eigenschaften<\/h5>\n<p>Tranquilphit ist eine synergistische Kombination entspannender Pflanzen, darunter Melisse, Hopfen, \nPassionsblume und Johanniskraut, erg\u00e4nzt durch Gemmoderivate aus Linde, Wei\u00dfdorn und Olive.\nEs hilft, einen Zustand tiefer Ruhe wiederzufinden, nerv\u00f6se Spannungen zu lindern und den nat\u00fcrlichen \nSchlaf zu f\u00f6rdern \u2013 ohne Nebenwirkungen.<\/p>\n<p>Zzgl. Versandkosten (kostenlos ab einem Bestellwert von 60 \u20ac)<\/p>\n<p><strong style=\"color: #ff0000\">Lieferzeit: 3\u20137 Werktage<\/strong><\/p>","protected":false},"featured_media":57809,"template":"","meta":{"_iconic_wsb_product_page_order_bump_ids":[[]],"_sku":["TLP10000040"],"_iconic_wsb_product_page_bump_modal_ids":[[]]},"product_brand":[],"product_cat":[447,423],"product_tag":[443,445],"class_list":{"0":"post-57466","1":"product","2":"type-product","3":"status-publish","4":"has-post-thumbnail","6":"product_cat-prodotti-avd","7":"product_cat-integratori","8":"product_tag-miorilassante","9":"product_tag-rilassamento","11":"first","12":"instock","13":"taxable","14":"shipping-taxable","15":"purchasable","16":"product-type-simple"},"aioseo_notices":[],"publishpress_future_workflow_manual_trigger":{"enabledWorkflows":[]},"_links":{"self":[{"href":"https:\/\/toplifeproject.com\/de\/wp-json\/wp\/v2\/product\/57466","targetHints":{"allow":["GET"]}}],"collection":[{"href":"https:\/\/toplifeproject.com\/de\/wp-json\/wp\/v2\/product"}],"about":[{"href":"https:\/\/toplifeproject.com\/de\/wp-json\/wp\/v2\/types\/product"}],"wp:featuredmedia":[{"embeddable":true,"href":"https:\/\/toplifeproject.com\/de\/wp-json\/wp\/v2\/media\/57809"}],"wp:attachment":[{"href":"https:\/\/toplifeproject.com\/de\/wp-json\/wp\/v2\/media?parent=57466"}],"wp:term":[{"taxonomy":"product_brand","embeddable":true,"href":"https:\/\/toplifeproject.com\/de\/wp-json\/wp\/v2\/product_brand?post=57466"},{"taxonomy":"product_cat","embeddable":true,"href":"https:\/\/toplifeproject.com\/de\/wp-json\/wp\/v2\/product_cat?post=57466"},{"taxonomy":"product_tag","embeddable":true,"href":"https:\/\/toplifeproject.com\/de\/wp-json\/wp\/v2\/product_tag?post=57466"}],"curies":[{"name":"wp","href":"https:\/\/api.w.org\/{rel}","templated":true}]}}