{"id":60619,"date":"2024-08-11T06:53:56","date_gmt":"2024-08-11T04:53:56","guid":{"rendered":"https:\/\/toplifeproject.com\/?post_type=product&#038;p=60619"},"modified":"2026-01-27T11:35:02","modified_gmt":"2026-01-27T10:35:02","slug":"la-rivoluzione-del-metabolismo-il-protocollo-metabolico-contro-infiammazione-e-insulino-resistenza-per-prevenire-le-malattie-rallentare-linvecchiamento-e-perdere-peso","status":"publish","type":"product","link":"https:\/\/toplifeproject.com\/de\/prodotto\/la-rivoluzione-del-metabolismo-il-protocollo-metabolico-contro-infiammazione-e-insulino-resistenza-per-prevenire-le-malattie-rallentare-linvecchiamento-e-perdere-peso\/","title":{"rendered":"La Rivoluzione del Metabolismo"},"content":{"rendered":"","protected":false},"excerpt":{"rendered":"<p>Das metabolische Protokoll gegen Entz\u00fcndungen und Stoffwechselst\u00f6rungen.<\/p>\n<section class=\"metabolic-balance\"><strong>Die Wiederherstellung des metabolischen Gleichgewichts ist der Schl\u00fcssel, um chronische Entz\u00fcndungen zu reduzieren und Gewicht zu verlieren.<\/strong>Viele Menschen leiden unter <strong>metabolischen Ungleichgewichten<\/strong> ohne es zu wissen.<br \/>\n<strong>Zu den h\u00e4ufigsten Anzeichen<\/strong> geh\u00f6ren Schwierigkeiten beim Abnehmen, anhaltende M\u00fcdigkeit, Schlafst\u00f6rungen, hormonelle Probleme und chronische Entz\u00fcndungen. Mit der Zeit erh\u00f6hen diese Ungleichgewichte <strong>das Risiko<\/strong> f\u00fcr Erkrankungen wie <strong>Diabetes<\/strong>,<br \/>\n<strong>Autoimmunerkrankungen<\/strong> und <strong>Herz-Kreislauf-Erkrankungen.<\/strong>.<\/p>\n<p class=\"translation-block\">Mit <strong>\u00fcber drei\u00dfig Jahren klinischer Erfahrung<\/strong> und einem Ansatz, der auf den neuesten wissenschaftlichen Erkenntnissen basiert,\n\n\n<strong>die Tomasi-Methode<\/strong> bietet eine <strong>umfassende L\u00f6sung<\/strong>, um den Stoffwechsel neu zu programmieren und das nat\u00fcrliche Wohlbefinden wiederzufinden.<\/p>\n<p class=\"translation-block\">Durch <strong>gezielte Ern\u00e4hrungspl\u00e4ne<\/strong> und <strong>praktische Alltagsstrategien<\/strong> hilft dir dieses Buch dabei:<\/p>\n<ul>\n<li class=\"translation-block\">Den Stoffwechsel zu aktivieren und <strong>Gewicht zu verlieren<\/strong><\/li>\n<li class=\"translation-block\"><strong>Chronische Entz\u00fcndungen und Insulinresistenz zu reduzieren<\/strong><\/li>\n<li class=\"translation-block\"><strong>Die Schlafqualit\u00e4t<\/strong> und dein Energieniveau zu verbessern<\/li>\n<li><strong>zellul\u00e4re Alterungsprozesse zu verlangsamen<\/strong><\/li>\n<\/ul>\n<hr \/>\n<h3><strong>\u00dcbernimm die Verantwortung f\u00fcr deine Gesundheit.<\/strong><\/h3>\n<p class=\"translation-block\">Die <strong>Tomasi-Methode<\/strong> begleitet dich auf dem Weg zur <strong>Wiederherstellung des metabolischen Gleichgewichts<\/strong> durch:<\/p>\n<ul>\n<li>\ud83c\udf4e <strong>Nachhaltige und personalisierte<\/strong> Ern\u00e4hrungsstrategien<\/li>\n<li>\ud83d\ude34 <strong>Gezielte Techniken<\/strong> zur Optimierung von Schlaf und hormoneller Balance<\/li>\n<li>\ud83d\udcaa <strong>Spezifische Protokolle<\/strong> zur Optimierung von Schlaf und hormoneller Balance<\/li>\n<li>\ud83c\udf3f Einen <strong>ganzheitlichen Ansatz<\/strong> aus Ern\u00e4hrung, Bewegung, Licht und Stressmanagement<\/li>\n<\/ul>\n<\/section>","protected":false},"featured_media":60635,"template":"","meta":{"_iconic_wsb_product_page_order_bump_ids":[[]],"_sku":["TLP10000018-1"],"_iconic_wsb_product_page_bump_modal_ids":[[]]},"product_brand":[],"product_cat":[251],"product_tag":[451],"class_list":{"0":"post-60619","1":"product","2":"type-product","3":"status-publish","4":"has-post-thumbnail","6":"product_cat-libri-cartacei","7":"product_tag-la-rivoluzione-del-metabolismo","9":"first","10":"instock","11":"featured","12":"taxable","13":"shipping-taxable","14":"purchasable","15":"product-type-simple"},"aioseo_notices":[],"publishpress_future_workflow_manual_trigger":{"enabledWorkflows":[]},"_links":{"self":[{"href":"https:\/\/toplifeproject.com\/de\/wp-json\/wp\/v2\/product\/60619","targetHints":{"allow":["GET"]}}],"collection":[{"href":"https:\/\/toplifeproject.com\/de\/wp-json\/wp\/v2\/product"}],"about":[{"href":"https:\/\/toplifeproject.com\/de\/wp-json\/wp\/v2\/types\/product"}],"wp:featuredmedia":[{"embeddable":true,"href":"https:\/\/toplifeproject.com\/de\/wp-json\/wp\/v2\/media\/60635"}],"wp:attachment":[{"href":"https:\/\/toplifeproject.com\/de\/wp-json\/wp\/v2\/media?parent=60619"}],"wp:term":[{"taxonomy":"product_brand","embeddable":true,"href":"https:\/\/toplifeproject.com\/de\/wp-json\/wp\/v2\/product_brand?post=60619"},{"taxonomy":"product_cat","embeddable":true,"href":"https:\/\/toplifeproject.com\/de\/wp-json\/wp\/v2\/product_cat?post=60619"},{"taxonomy":"product_tag","embeddable":true,"href":"https:\/\/toplifeproject.com\/de\/wp-json\/wp\/v2\/product_tag?post=60619"}],"curies":[{"name":"wp","href":"https:\/\/api.w.org\/{rel}","templated":true}]}}