{"id":6500,"date":"2023-04-10T10:23:31","date_gmt":"2023-04-10T08:23:31","guid":{"rendered":"https:\/\/toplifeproject.com\/?post_type=product&#038;p=6500"},"modified":"2025-03-12T12:05:22","modified_gmt":"2025-03-12T11:05:22","slug":"low-carb-per-tutti","status":"publish","type":"product","link":"https:\/\/toplifeproject.com\/de\/prodotto\/low-carb-per-tutti\/","title":{"rendered":"Low Carb per tutti"},"content":{"rendered":"<div class=\"fusion-fullwidth fullwidth-box fusion-builder-row-1 fusion-flex-container has-pattern-background has-mask-background nonhundred-percent-fullwidth non-hundred-percent-height-scrolling\" style=\"--awb-border-radius-top-left:0px;--awb-border-radius-top-right:0px;--awb-border-radius-bottom-right:0px;--awb-border-radius-bottom-left:0px;--awb-flex-wrap:wrap;\" ><div class=\"fusion-builder-row fusion-row fusion-flex-align-items-flex-start fusion-flex-content-wrap\" style=\"max-width:1476.8px;margin-left: calc(-4% \/ 2 );margin-right: calc(-4% \/ 2 );\"><div class=\"fusion-layout-column fusion_builder_column fusion-builder-column-0 fusion_builder_column_1_1 1_1 fusion-flex-column\" style=\"--awb-bg-size:cover;--awb-width-large:100%;--awb-margin-top-large:0px;--awb-spacing-right-large:1.92%;--awb-margin-bottom-large:20px;--awb-spacing-left-large:1.92%;--awb-width-medium:100%;--awb-order-medium:0;--awb-spacing-right-medium:1.92%;--awb-spacing-left-medium:1.92%;--awb-width-small:100%;--awb-order-small:0;--awb-spacing-right-small:1.92%;--awb-spacing-left-small:1.92%;\"><div class=\"fusion-column-wrapper fusion-column-has-shadow fusion-flex-justify-content-flex-start fusion-content-layout-column\"><div class=\"fusion-title title fusion-title-1 fusion-sep-none fusion-title-center fusion-title-text fusion-title-size-two\" style=\"--awb-margin-top:40px;--awb-margin-bottom:40px;\"><h2 class=\"fusion-title-heading title-heading-center fusion-responsive-typography-calculated\" style=\"margin:0;--fontSize:36;line-height:1.2;\">Verifizierte Bewertungen <span style=\"color: #00b67a;\"><strong>Trustpilot<\/strong><\/span><\/h2><\/div><!-- TrustBox widget - Product Reviews SEO -->\n<div class=\"trustpilot-widget\" data-locale=\"it-IT\" data-template-id=\"5717796816f630043868e2e8\" data-businessunit-id=\"653b7ea6aa4e105c3e022464\" data-style-height=\"700px\" data-style-width=\"100%\" data-theme=\"light\" data-sku=\"TRUSTPILOT_SKU_VALUE_6500\" data-name=\"Low Carb per tutti\" data-review-languages=\"it\" data-no-reviews=\"hide\" data-fullwidth=\"true\">\n  <a href=\"https:\/\/it.trustpilot.com\/review\/toplifeproject.com\" target=\"_blank\" rel=\"noopener\">Trustpilot<\/a>\n<\/div>\n<!-- End TrustBox widget --><\/div><\/div><\/div><\/div>","protected":false},"excerpt":{"rendered":"<p>\u201eNur wenn ihr gut informiert seid, k\u00f6nnt ihr entscheiden, was wirklich das Beste f\u00fcr eure Gesundheit ist! Davon bin ich fest \u00fcberzeugt. Genau deshalb ist es mir so wichtig, umfassend zu informieren \u2013 damit ihr die Verantwortung f\u00fcr eure eigene Gesundheit \u00fcbernehmen k\u00f6nnt.\u201c<br \/>\nMit diesem Buch \u201eLOW CARB f\u00fcr alle\u201c m\u00f6chten wir \u2013 gemeinsam mit Claudia und Giulia \u2013 euch Wissen und praktische Wege vermitteln, um euch einer Low-Carb-Ern\u00e4hrung, also einer Ern\u00e4hrung mit reduziertem Kohlenhydratanteil, anzun\u00e4hern.\n\nDie Rezepte sind von Dr. Jessica Imperato in \u00fcbersichtlichen Wochenmen\u00fcs zusammengestellt, vielseitig und f\u00fcr alle geeignet. Au\u00dferdem verraten wir euch hilfreiche Tipps und zeigen euch, wie ihr ein Fasten durchf\u00fchren k\u00f6nnt, wie ihr euren zirkadianen Rhythmus verbessert, die Proteinzufuhr optimiert, die richtigen Fette ausw\u00e4hlt und Kohlenhydrate sinnvoll in eure Ern\u00e4hrung integriert.<br \/>\nNun bleibt mir nur noch, euch eine gute Lekt\u00fcre zu w\u00fcnschen!<\/p>\n<p><img decoding=\"async\" class=\"size-full wp-image-5455 alignleft\" src=\"https:\/\/toplifeproject.com\/wp-content\/uploads\/2022\/12\/PDF_file_icon.png\" alt=\"\" width=\"78\" height=\"96\" \/><strong>VERF\u00dcGBAR<\/strong><br \/>\n<strong>NUR ALS DIGITALE PDF-VERSION<\/strong><\/p>","protected":false},"featured_media":23844,"template":"","meta":{"_iconic_wsb_product_page_order_bump_ids":[[206,193]],"_sku":["TLP10000014"],"_iconic_wsb_product_page_bump_modal_ids":[[]]},"product_brand":[],"product_cat":[37],"product_tag":[],"class_list":{"0":"post-6500","1":"product","2":"type-product","3":"status-publish","4":"has-post-thumbnail","6":"product_cat-ebook-pdf","8":"first","9":"instock","10":"downloadable","11":"virtual","12":"sold-individually","13":"taxable","14":"purchasable","15":"product-type-simple"},"aioseo_notices":[],"publishpress_future_workflow_manual_trigger":{"enabledWorkflows":[]},"_links":{"self":[{"href":"https:\/\/toplifeproject.com\/de\/wp-json\/wp\/v2\/product\/6500","targetHints":{"allow":["GET"]}}],"collection":[{"href":"https:\/\/toplifeproject.com\/de\/wp-json\/wp\/v2\/product"}],"about":[{"href":"https:\/\/toplifeproject.com\/de\/wp-json\/wp\/v2\/types\/product"}],"wp:featuredmedia":[{"embeddable":true,"href":"https:\/\/toplifeproject.com\/de\/wp-json\/wp\/v2\/media\/23844"}],"wp:attachment":[{"href":"https:\/\/toplifeproject.com\/de\/wp-json\/wp\/v2\/media?parent=6500"}],"wp:term":[{"taxonomy":"product_brand","embeddable":true,"href":"https:\/\/toplifeproject.com\/de\/wp-json\/wp\/v2\/product_brand?post=6500"},{"taxonomy":"product_cat","embeddable":true,"href":"https:\/\/toplifeproject.com\/de\/wp-json\/wp\/v2\/product_cat?post=6500"},{"taxonomy":"product_tag","embeddable":true,"href":"https:\/\/toplifeproject.com\/de\/wp-json\/wp\/v2\/product_tag?post=6500"}],"curies":[{"name":"wp","href":"https:\/\/api.w.org\/{rel}","templated":true}]}}