{"id":67782,"date":"2026-01-17T01:00:50","date_gmt":"2026-01-17T00:00:50","guid":{"rendered":"https:\/\/toplifeproject.com\/?post_type=product&#038;p=67782"},"modified":"2026-01-17T20:10:12","modified_gmt":"2026-01-17T19:10:12","slug":"juvenir","status":"publish","type":"product","link":"https:\/\/toplifeproject.com\/de\/prodotto\/juvenir\/","title":{"rendered":"Juvenir"},"content":{"rendered":"<div class=\"mainrow\">\n<div class=\"right-video\">\n    <video autoplay muted playsinline loop preload=\"auto\"><source src=\"https:\/\/toplifeproject.com\/wp-content\/uploads\/2026\/01\/video-1768231347726.mp4\" type=\"video\/mp4\"><\/video>\n    <\/div>\n<div class=\"left-content\">\n<h6>Fortschrittliche kosmetische Wirkung<\/h6>\n<ul>\n<li>Unterst\u00fctzt die nat\u00fcrlichen Regenerationsprozesse der Haut<\/li>\n<li>Verbessert Elastizit\u00e4t, Festigkeit und Spannkraft<\/li>\n<li>Wirkt Zeichen der Hautalterung durch Oxidation und Feuchtigkeitsverlust entgegen<\/li>\n<li>Sch\u00fctzt die Haut vor Umwelteinfl\u00fcssen<\/li>\n<\/ul>\n<p>Die Formel wird zus\u00e4tzlich durch nat\u00fcrliche Extrakte aus Zitrone und Orange erg\u00e4nzt \u2013 eine Quelle bioverf\u00fcgbaren Vitamin C, die dazu beitragen:<\/p>\n<ul>\n<li>die Kollagensynthese zu unterst\u00fctzen<\/li>\n<li>das Hautbild zu verfeinern<\/li>\n<li>die nat\u00fcrliche Ausstrahlung der Haut zu verbessern<\/li>\n<\/ul>\n<h6>Ein \u00d6l \u2013 vielseitig einsetzbar.<\/h6>\n<p>Wenige Tropfen gen\u00fcgen f\u00fcr:<\/p>\n<ul>\n<li>Gesicht und K\u00f6rper \u2013 als n\u00e4hrende und ausgleichende Pflege<\/li>\n<li>trockenes oder strapaziertes Haar \u2013 f\u00fcr mehr Geschmeidigkeit und Glanz<\/li>\n<li>N\u00e4gel und Nagelhaut \u2013 zur intensiven Pflege und St\u00e4rkung<\/li>\n<\/ul>\n<h6>Anwendung<\/h6>\n<p>Auch f\u00fcr die Haarspitzen geeignet. Einige Tropfen morgens und abends oder nach Bedarf auf die gereinigte, trockene Haut von Gesicht, Hals und Dekollet\u00e9 auftragen.\nKann auch auf feuchtem Haar, H\u00e4nden und Nagelhaut verwendet, zur K\u00f6rperpflege hinzugef\u00fcgt oder pur auf trockene Stellen wie Fersen, Ellenbogen oder dunklere Hautpartien aufgetragen werden.\nSanft einmassieren, bis das Produkt vollst\u00e4ndig eingezogen ist. Bei Bedarf wiederholen.<\/p>\n<p>Ideal f\u00fcr Gesichtsmassagen \u2013 sowohl manuell als auch mit entsprechenden Tools.\n<\/p><\/div>\n<\/div>\n<h6>Dermatologisch getestet.<\/h6>\n<p><strong>Ethische und kontrollierte Herkunft<\/strong><\/p>\n<p>Das Argan\u00f6l von Juvenir stammt aus Marokko und wird von einer kleinen lokalen Kooperative hergestellt, die sich f\u00fcr den Schutz des \u00d6kosystems, die Bek\u00e4mpfung der W\u00fcstenbildung und die F\u00f6rderung der Frauenwirtschaft einsetzt.<\/p>\n<h6>Zutaten<\/h6>\n<ul>\n<li>Argania Spinosa<\/li>\n<li>Kernel Oil*, Citrus Aurantium<\/li>\n<li>Amara Leaf\/Twig Oil*, Parfum,<\/li>\n<li>Linalyl Acetate, Hexyl<\/li>\n<li>Cinnamal, Linalool,<\/li>\n<li>Citronellol, Tetramethyl<\/li>\n<li>Acetyloctahydronaphthalenes,<\/li>\n<li>naphthalenes, citrus limon<\/li>\n<li>Citrus Limon Peel Oil,<\/li>\n<li>Geraniol, Limonene, Citrus Aurantium Peel Oil,<\/li>\n<li>Hydroxycitronellal,<\/li>\n<li>Terpineol, Geranyl Acetate,<\/li>\n<li>Pinene, Benzyl Alcohol<\/li>\n<\/ul>\n<p>*aus biologischem Anbau<\/p>","protected":false},"excerpt":{"rendered":"<p>&nbsp;<\/p>\n<h6>50 ml | Regenerierende Pflege f\u00fcr Gesicht, K\u00f6rper und Haare<\/h6>\n<p>Juvenir ist ein hochwertiges Argan\u00f6l, ausgew\u00e4hlt aufgrund seiner au\u00dfergew\u00f6hnlichen Reinheit, seiner bioaktiven Vielfalt und seiner hohen Wirksamkeit bei reifer, gestresster oder fahler Haut.<\/p>\n<p>Durch schonende Kaltpressung gewonnen, bewahrt es seine nat\u00fcrliche Lipidstruktur und enth\u00e4lt einen hohen Anteil an Vitamin E, Phytosterolen sowie essenziellen Fetts\u00e4uren (Omega 3, 6 und 9), die entscheidend f\u00fcr die Hautbarriere und die Hautgesundheit sind.<\/p>\n<p>Die Haut wirkt sofort gen\u00e4hrt, elastischer und strahlender \u2013 mit einem seidigen, trockenen Hautgef\u00fchl, ohne zu fetten.<\/p>\n<p>Zzgl. Versandkosten (kostenlos ab einem Bestellwert von 60 \u20ac)<br \/>\n<strong style=\"color: #ff0000\">Lieferzeit: 3\u20137 Werktage<\/strong><\/p>","protected":false},"featured_media":68105,"template":"","meta":{"_iconic_wsb_product_page_order_bump_ids":[[]],"_sku":["TLP10000058"],"_iconic_wsb_product_page_bump_modal_ids":[[]]},"product_brand":[],"product_cat":[456],"product_tag":[],"class_list":{"0":"post-67782","1":"product","2":"type-product","3":"status-publish","4":"has-post-thumbnail","6":"product_cat-skincare","8":"first","9":"instock","10":"taxable","11":"shipping-taxable","12":"purchasable","13":"product-type-simple"},"aioseo_notices":[],"publishpress_future_workflow_manual_trigger":{"enabledWorkflows":[]},"_links":{"self":[{"href":"https:\/\/toplifeproject.com\/de\/wp-json\/wp\/v2\/product\/67782","targetHints":{"allow":["GET"]}}],"collection":[{"href":"https:\/\/toplifeproject.com\/de\/wp-json\/wp\/v2\/product"}],"about":[{"href":"https:\/\/toplifeproject.com\/de\/wp-json\/wp\/v2\/types\/product"}],"wp:featuredmedia":[{"embeddable":true,"href":"https:\/\/toplifeproject.com\/de\/wp-json\/wp\/v2\/media\/68105"}],"wp:attachment":[{"href":"https:\/\/toplifeproject.com\/de\/wp-json\/wp\/v2\/media?parent=67782"}],"wp:term":[{"taxonomy":"product_brand","embeddable":true,"href":"https:\/\/toplifeproject.com\/de\/wp-json\/wp\/v2\/product_brand?post=67782"},{"taxonomy":"product_cat","embeddable":true,"href":"https:\/\/toplifeproject.com\/de\/wp-json\/wp\/v2\/product_cat?post=67782"},{"taxonomy":"product_tag","embeddable":true,"href":"https:\/\/toplifeproject.com\/de\/wp-json\/wp\/v2\/product_tag?post=67782"}],"curies":[{"name":"wp","href":"https:\/\/api.w.org\/{rel}","templated":true}]}}