{"id":69934,"date":"2026-02-08T00:01:52","date_gmt":"2026-02-07T23:01:52","guid":{"rendered":"https:\/\/toplifeproject.com\/?post_type=product&#038;p=69934"},"modified":"2026-03-11T10:29:11","modified_gmt":"2026-03-11T09:29:11","slug":"collagen-top","status":"publish","type":"product","link":"https:\/\/toplifeproject.com\/de\/prodotto\/collagen-top\/","title":{"rendered":"Collagen Top"},"content":{"rendered":"<h6>Rinderkollagen aus Weidehaltung: Qualit\u00e4t des Rohstoffs<\/h6>\n<p>Das in COLLAGEN-TOP enthaltene Kollagen ist zertifiziertes hydrolysiertes Rinderkollagen von Weiderindern.<\/p>\n<p>Diese Herkunft garantiert:<\/p>\n<ul>\n<li>h\u00f6here Reinheit des Rohstoffs<\/li>\n<li>physiologisch vollst\u00e4ndiges Aminos\u00e4ureprofil<\/li>\n<li>hohe Verdaulichkeit und Bioverf\u00fcgbarkeit<\/li>\n<\/ul>\n<h6>Wof\u00fcr COLLAGEN-TOP verwendet wird<\/h6>\n<p>COLLAGEN-TOP ist geeignet f\u00fcr Menschen, die:<\/p>\n<ul>\n<li>die Haut, ihre Elastizit\u00e4t und Feuchtigkeitsversorgung unterst\u00fctzen m\u00f6chten<\/li>\n<li>Knochen und Gelenke unterst\u00fctzen m\u00f6chten<\/li>\n<li>zur Gesundheit von Muskeln und Bindegewebe beitragen m\u00f6chten<\/li>\n<li>oxidativem Stress entgegenwirken m\u00f6chten<\/li>\n<li>die nat\u00fcrlichen Prozesse der k\u00f6rpereigenen Kollagensynthese unterst\u00fctzen m\u00f6chten<\/li>\n<\/ul>\n<h6>Zutaten<\/h6>\n<p>Durchschnittliche Mengen pro Tagesdosis von 1 Messl\u00f6ffel (11 g) <\/p>\n<table border=\"0\" width=\"50%\" cellspacing=\"0\" cellpadding=\"5\">\n<thead>\n<tr>\n<td>Rinderkollagen <\/td>\n<td>10 g<\/td>\n<\/tr>\n<\/thead>\n<tbody>\n<tr>\n<td>Hyalurons\u00e4ure<\/td>\n<td>100 mg<\/td>\n<\/tr>\n<tr>\n<td>Liposomales Trans-Resveratrol <\/td>\n<td>100 mg<\/td>\n<\/tr>\n<tr>\n<td>Silizium <\/td>\n<td>50 mg<\/td>\n<\/tr>\n<tr>\n<td>Liposomales Vitamin C <\/td>\n<td>100 mg<\/td>\n<\/tr>\n<\/tbody>\n<\/table>\n<h6>Funktionelle Formel mit hoher Bioverf\u00fcgbarkeit<\/h6>\n<ul>\n<li><em>Hydrolysiertes Rinderkollagen aus Weidehaltung<\/em><br \/>\n    Nat\u00fcrliche Quelle von Glycin, Prolin und Hydroxyprolin \u2013 essenzielle strukturelle Aminos\u00e4uren.<\/li>\n<li><em>Vitamin C<\/em> <br \/>\nTr\u00e4gt zur normalen Kollagenbildung und zum Schutz der Zellen vor oxidativem Stress bei.<\/li>\n<li class=\"translation-block\"><em>Nat\u00fcrliches Silizium aus Bambus<\/em> (Bambusa vulgaris L., Keim \u2013 Trockenextrakt standardisiert auf 70 %)<br>\nUnterst\u00fctzt Bindegewebe, Haut, Haare und N\u00e4gel.<\/li>\n<li><em>Hyalurons\u00e4ure<\/em><br \/>\nF\u00f6rdert die Hydratation und Funktionalit\u00e4t der Gewebe.<\/li>\n<li><em>Liposomales Trans-Resveratrol<\/em><br \/>\nAntioxidans mit hoher Bioverf\u00fcgbarkeit.<\/li>\n<\/ul>\n<h6>Durchschnittswerte pro Tagesdosis<\/h6>\n<p>Empfohlene Tagesdosis: 1 Messl\u00f6ffel (11 g)<\/p>\n<ul>\n<li>Hydrolysiertes Rinderkollagen: 10 g<\/li>\n<\/ul>\n<h6>Anwendung<\/h6>\n<p>T\u00e4glich 1 Messl\u00f6ffel in ausreichend Wasser oder einem anderen Getr\u00e4nk aufl\u00f6sen und einnehmen.<\/p>\n<h6>Produkteigenschaften<\/h6>\n<ul>\n<li>Zertifiziertes hydrolysiertes Rinderkollagen aus Weidehaltung<\/li>\n<li>Glutenfrei<\/li>\n<li>Sojafrei<\/li>\n<li>Laktosefrei<\/li>\n<li>Hohe Verdaulichkeit<\/li>\n<li>Geeignet f\u00fcr die t\u00e4gliche Nahrungserg\u00e4nzung<\/li>\n<\/ul>\n<h6>Hinweise<\/h6>\n<p>Die empfohlene Tagesdosis nicht \u00fcberschreiten.<br \/>\nAu\u00dferhalb der Reichweite von Kindern unter drei Jahren aufbewahren.<br \/>\nNahrungserg\u00e4nzungsmittel sind kein Ersatz f\u00fcr eine abwechslungsreiche und ausgewogene Ern\u00e4hrung sowie eine gesunde Lebensweise.<br \/>\nK\u00fchl und trocken lagern. Das Mindesthaltbarkeitsdatum bezieht sich auf das unge\u00f6ffnete und korrekt gelagerte Produkt.<\/p>","protected":false},"excerpt":{"rendered":"<p>&nbsp;<\/p>\n<h5>Zertifiziertes hydrolysiertes Rinderkollagen aus Weidehaltung<\/h5>\n<p>330 Gramm \u2013 1 Monat Nahrungserg\u00e4nzung<\/p>\n<p>Zzgl. Versandkosten (kostenlos ab einem Bestellwert von 60 \u20ac)<br \/>\n<strong style=\"color: #ff0000;\">Lieferzeit: 3\u20137 Werktage<\/strong><\/p>\n<p>COLLAGEN-TOP ist ein Nahrungserg\u00e4nzungsmittel auf Basis von  hydrolysiertem Rinderkollagen aus Weidehaltung, das zur  Unterst\u00fctzung von Haut, Gelenken, Knochen, Muskeln und  Bindegewebe entwickelt wurde.<\/p>","protected":false},"featured_media":70014,"template":"","meta":{"_iconic_wsb_product_page_order_bump_ids":[[]],"_sku":["TLP10000062"],"_iconic_wsb_product_page_bump_modal_ids":[[]]},"product_brand":[],"product_cat":[458,423],"product_tag":[],"class_list":{"0":"post-69934","1":"product","2":"type-product","3":"status-publish","4":"has-post-thumbnail","6":"product_cat-integratori-toplife","7":"product_cat-integratori","9":"first","10":"instock","11":"sale","12":"taxable","13":"shipping-taxable","14":"purchasable","15":"product-type-simple"},"aioseo_notices":[],"publishpress_future_workflow_manual_trigger":{"enabledWorkflows":[]},"_links":{"self":[{"href":"https:\/\/toplifeproject.com\/de\/wp-json\/wp\/v2\/product\/69934","targetHints":{"allow":["GET"]}}],"collection":[{"href":"https:\/\/toplifeproject.com\/de\/wp-json\/wp\/v2\/product"}],"about":[{"href":"https:\/\/toplifeproject.com\/de\/wp-json\/wp\/v2\/types\/product"}],"wp:featuredmedia":[{"embeddable":true,"href":"https:\/\/toplifeproject.com\/de\/wp-json\/wp\/v2\/media\/70014"}],"wp:attachment":[{"href":"https:\/\/toplifeproject.com\/de\/wp-json\/wp\/v2\/media?parent=69934"}],"wp:term":[{"taxonomy":"product_brand","embeddable":true,"href":"https:\/\/toplifeproject.com\/de\/wp-json\/wp\/v2\/product_brand?post=69934"},{"taxonomy":"product_cat","embeddable":true,"href":"https:\/\/toplifeproject.com\/de\/wp-json\/wp\/v2\/product_cat?post=69934"},{"taxonomy":"product_tag","embeddable":true,"href":"https:\/\/toplifeproject.com\/de\/wp-json\/wp\/v2\/product_tag?post=69934"}],"curies":[{"name":"wp","href":"https:\/\/api.w.org\/{rel}","templated":true}]}}