{"id":73014,"date":"2026-03-06T15:03:01","date_gmt":"2026-03-06T14:03:01","guid":{"rendered":"https:\/\/toplifeproject.com\/?post_type=product&#038;p=73014"},"modified":"2026-03-23T14:21:23","modified_gmt":"2026-03-23T13:21:23","slug":"ashwa-top","status":"publish","type":"product","link":"https:\/\/toplifeproject.com\/de\/prodotto\/ashwa-top\/","title":{"rendered":"Ashwa &#8211; Top"},"content":{"rendered":"<h6>Die Vorteile von Ashwa-Top<\/h6>\n<p><strong>Nat\u00fcrliche Unterst\u00fctzung bei Stress und Ersch\u00f6pfung<\/strong><\/p>\n<p class=\"translation-block\"><strong>Ashwagandha<\/strong> ist eine adaptogene Pflanze, die seit Jahrhunderten in der ayurvedischen Medizin eingesetzt wird, um die <strong>F\u00e4higkeit des K\u00f6rpers zu verbessern, mit Stress umzugehen.<\/strong><\/p>\n<p>Klinische Studien zeigen, dass sie dazu beitragen kann:<\/p>\n<ul>\n<li>den Cortisolspiegel zu senken<\/li>\n<li>die Stressbew\u00e4ltigung zu verbessern<\/li>\n<li>das emotionale und mentale Gleichgewicht zu f\u00f6rdern<\/li>\n<\/ul>\n<p class=\"translation-block\">Das hilft dem K\u00f6rper, \u00fcber den Tag hinweg <strong>mehr energetische und mentale Stabilit\u00e4t zu bewahren.<\/strong><\/p>\n<h6>Verbesserte Schlafqualit\u00e4t und Regeneration<\/h6>\n<p>Durch die Reduktion der stressbedingten \u00dcberaktivierung des Nervensystems kann<\/p>\n<ul>\n<li class=\"translation-block\">Einen <strong>tieferen und erholsameren Schlaf<\/strong><\/li>\n<li><strong>k\u00f6rperliche und mentale Regeneration<\/strong><\/li>\n<li><strong>mehr Energie beim Aufwachen<\/strong><\/li>\n<\/ul>\n<p class=\"translation-block\">Ein guter Schlaf ist einer der wichtigsten Faktoren f\u00fcr die <strong>metabolische, immunologische und kognitive Gesundheit.<\/strong><\/p>\n<h6>Unterst\u00fctzung von Leistungsf\u00e4higkeit und Muskelaufbau<\/h6>\n<p>Mehrere Studien deuten darauf hin, dass die Einnahme von Ashwagandha-Wurzelextrakten verbessern kann:<\/p>\n<ul>\n<li><strong>Muskelkraft<\/strong><\/li>\n<li><strong>k\u00f6rperliche Ausdauer<\/strong><\/li>\n<li><strong>Regeneration nach dem Training<\/strong><\/li>\n<\/ul>\n<p class=\"translation-block\">Deshalb wird Ashwagandha zunehmend auch im Bereich <strong>Training, Fitness und Muskelaufbau<\/strong> eingesetzt.<\/p>\n<h6>Der Mehrwert der Ashwa-Top Formel<\/h6>\n<p><strong>Taurin \u2013 Zellenergie und neurologischer Schutz<\/strong><\/p>\n<p class=\"translation-block\">Taurin ist eine schwefelhaltige Aminos\u00e4ure, die f\u00fcr die normale Funktion des <strong>Nerven-, Muskel- und Herz-Kreislauf-Systems<\/strong> essenziell ist.<\/p>\n<p>Es erf\u00fcllt mehrere wichtige Funktionen:<\/p>\n<ul>\n<li class=\"translation-block\">unterst\u00fctzt die <strong>Regulation des Nervensystems<\/strong><\/li>\n<li class=\"translation-block\">f\u00f6rdert <strong>Zellenergie und mitochondrialen Stoffwechsel<\/strong><\/li>\n<li class=\"translation-block\">hilft, <strong>oxidativen Stress und Entz\u00fcndungen zu reduzieren<\/strong><\/li>\n<li class=\"translation-block\">unterst\u00fctzt k\u00f6rperliche Ausdauer und Regeneration<\/li>\n<\/ul>\n<p>Seine Kombination in der Formel macht Ashwa-Top nicht nur zu einem Anti-Stress-Supplement, sondern auch zu einer Unterst\u00fctzung f\u00fcr Energie sowie mentale und k\u00f6rperliche Leistungsf\u00e4higkeit.<\/p>\n<h6>Phosphatidylserin \u2013 N\u00e4hrstoff f\u00fcr das Gehirn<\/h6>\n<p class=\"translation-block\">Phosphatidylserin ist ein Phospholipid, das nat\u00fcrlicherweise in den <strong>Zellmembranen des Gehirns<\/strong> vorkommt.<\/p>\n<p>Es ist wichtig f\u00fcr:<\/p>\n<ul>\n<li><strong>Ged\u00e4chtnis und Konzentration<\/strong><\/li>\n<li><strong>Kommunikation zwischen den Nervenzellen<\/strong><\/li>\n<li><strong>Umgang mit mentalem Stress<\/strong><\/li>\n<li><strong>Unterst\u00fctzung kognitiver Funktionen<\/strong><\/li>\n<\/ul>\n<p class=\"translation-block\">Studien zeigen, dass es zudem helfen kann, <strong>stressbedingte Cortisolwerte zu senken<\/strong> und so <strong>mentale Klarheit und Konzentration<\/strong> zu verbessern.<\/p>\n<h6>Qualit\u00e4t der Rohstoffe<\/h6>\n<p class=\"translation-block\">Ashwa-Top enth\u00e4lt <strong>Ashwagandha KSM-66\u00ae<\/strong>, einen der weltweit am besten untersuchten Extrakte.<\/p>\n<p>Eigenschaften:<\/p>\n<ul>\n<li class=\"translation-block\">ausschlie\u00dflich <strong>aus der Wurzel gewonnen<\/strong><\/li>\n<li class=\"translation-block\">standardisiert auf 5 % <strong>Withanolide<\/strong><\/li>\n<li><strong>hohe Qualit\u00e4tsstandards<\/strong><\/li>\n<li class=\"translation-block\"><strong>durch <\/strong>zahlreiche klinische Studien belegt<\/li>\n<\/ul>\n<p class=\"translation-block\">Diese Form garantiert <strong>hohe Reinheit, Bioverf\u00fcgbarkeit und wissenschaftlich gepr\u00fcfte Wirksamkeit.<\/strong><\/p>\n<h6>Aktive Inhaltsstoffe pro Tagesdosis (2 Kapseln)<\/h6>\n<ul>\n<li><strong>Taurin<\/strong> \u2013 500 mg<\/li>\n<li><strong>Ashwagandha KSM-66\u00ae<\/strong> \u2013 400 mg\n<ul>\n<li class=\"translation-block\">davon <strong>20 mg Withanolide<\/strong><\/li>\n<\/ul>\n<\/li>\n<li><strong>Phosphatidylserin (standardisiert auf 40 %)<\/strong> \u2013 400 mg<\/li>\n<\/ul>\n<h6>Anwendung<\/h6>\n<p class=\"translation-block\">Empfohlen wird die Einnahme von <strong>2 Kapseln t\u00e4glich<\/strong>, vorzugsweise zwischen den Mahlzeiten.<\/p>\n<p>Einnahme m\u00f6glich:<\/p>\n<ul>\n<li class=\"translation-block\"><strong>morgens<\/strong> \u2013 zur Unterst\u00fctzung von Energie und Konzentration<\/li>\n<li class=\"translation-block\"><strong>abends<\/strong> \u2013 zur F\u00f6rderung von Entspannung und Schlafqualit\u00e4t<\/li>\n<\/ul>\n<h6>F\u00fcr wen geeignet<\/h6>\n<p>Ashwa-Top kann sinnvoll sein bei:<\/p>\n<ul>\n<li class=\"translation-block\">Zeiten von <strong>Stress und mentaler Ersch\u00f6pfung<\/strong><\/li>\n<li><strong>Konzentrations- und Ged\u00e4chtnisproblemen<\/strong><\/li>\n<li><strong>nicht erholsamem Schlaf<\/strong><\/li>\n<li class=\"translation-block\">Bedarf an mehr <strong>Energie und k\u00f6rperlicher Leistungsf\u00e4higkeit<\/strong><\/li>\n<li class=\"translation-block\">Phasen <strong>intensiver mentaler oder emotionaler Belastung<\/strong><\/li>\n<\/ul>\n<h6>Qualit\u00e0 Top Life<\/h6>\n<ul>\n<li>ausgew\u00e4hlte Rohstoffe<\/li>\n<li>Glutenfrei<\/li>\n<li>Laktosefrei<\/li>\n<li>ohne Gentechnik (GMO-frei)<\/li>\n<li>hohe Qualit\u00e4tsstandards<\/li>\n<\/ul>","protected":false},"excerpt":{"rendered":"<p>&nbsp;<\/p>\n<h5>Nat\u00fcrliche Unterst\u00fctzung bei Stress, mentalem Gleichgewicht und Leistungsf\u00e4higkeit<\/h5>\n<p>Ashwa-Top ist ein Nahrungserg\u00e4nzungsmittel, das den K\u00f6rper in Zeiten k\u00f6rperlichen und mentalen Stresses unterst\u00fctzt und zum neuroendokrinen Gleichgewicht, zu besserer Schlafqualit\u00e4t, Konzentration und Energie im Alltag beitr\u00e4gt.<\/p>\n<p class=\"translation-block\">Die Formel kombiniert <strong>Ashwagandha KSM-66\u00ae (standardisiert auf 5 % Withanolide)<\/strong>, einen der am besten untersuchten Wurzelextrakte in der wissenschaftlichen Literatur, mit <strong>Taurin und Phosphatidylserin<\/strong> \u2013 zwei wichtigen N\u00e4hrstoffen f\u00fcr das Nervensystem und die Stressregulation.<\/p>\n<p><\/p>\n<p>Diese Kombination wirkt auf drei zentrale Bereiche:<\/p>\n<ul>\n<li>Regulation der Stressreaktion<\/li>\n<li>Kognitive und mentale Unterst\u00fctzung<\/li>\n<li>Energie und k\u00f6rperliche Regeneration<\/li>\n<\/ul>\n<p>Zzgl. Versandkosten (kostenlos ab einem Bestellwert von 60 \u20ac)<br \/>\n<strong style=\"color: #ff0000;\">Lieferzeit: 3\u20137 Werktage<\/strong><\/p>","protected":false},"featured_media":74293,"template":"","meta":{"_iconic_wsb_product_page_order_bump_ids":[[]],"_sku":["TLP10000065"],"_iconic_wsb_product_page_bump_modal_ids":[[]]},"product_brand":[],"product_cat":[458,423],"product_tag":[457],"class_list":{"0":"post-73014","1":"product","2":"type-product","3":"status-publish","4":"has-post-thumbnail","6":"product_cat-integratori-toplife","7":"product_cat-integratori","8":"product_tag-integratori-toplife","10":"first","11":"instock","12":"taxable","13":"shipping-taxable","14":"purchasable","15":"product-type-simple"},"aioseo_notices":[],"publishpress_future_workflow_manual_trigger":{"enabledWorkflows":[]},"_links":{"self":[{"href":"https:\/\/toplifeproject.com\/de\/wp-json\/wp\/v2\/product\/73014","targetHints":{"allow":["GET"]}}],"collection":[{"href":"https:\/\/toplifeproject.com\/de\/wp-json\/wp\/v2\/product"}],"about":[{"href":"https:\/\/toplifeproject.com\/de\/wp-json\/wp\/v2\/types\/product"}],"wp:featuredmedia":[{"embeddable":true,"href":"https:\/\/toplifeproject.com\/de\/wp-json\/wp\/v2\/media\/74293"}],"wp:attachment":[{"href":"https:\/\/toplifeproject.com\/de\/wp-json\/wp\/v2\/media?parent=73014"}],"wp:term":[{"taxonomy":"product_brand","embeddable":true,"href":"https:\/\/toplifeproject.com\/de\/wp-json\/wp\/v2\/product_brand?post=73014"},{"taxonomy":"product_cat","embeddable":true,"href":"https:\/\/toplifeproject.com\/de\/wp-json\/wp\/v2\/product_cat?post=73014"},{"taxonomy":"product_tag","embeddable":true,"href":"https:\/\/toplifeproject.com\/de\/wp-json\/wp\/v2\/product_tag?post=73014"}],"curies":[{"name":"wp","href":"https:\/\/api.w.org\/{rel}","templated":true}]}}