{"id":73931,"date":"2026-03-19T05:37:20","date_gmt":"2026-03-19T04:37:20","guid":{"rendered":"https:\/\/toplifeproject.com\/?post_type=product&#038;p=73931"},"modified":"2026-03-26T11:46:51","modified_gmt":"2026-03-26T10:46:51","slug":"ebook-testosterone","status":"publish","type":"product","link":"https:\/\/toplifeproject.com\/de\/prodotto\/ebook-testosterone\/","title":{"rendered":"ebook TESTOSTERONE"},"content":{"rendered":"<h6>Die Wahrheit ist eine andere<\/h6>\n<p>Der m\u00e4nnliche K\u00f6rper \u201eschaltet sich nicht einfach ab\u201c.<br \/>\nEr passt sich an, kommuniziert und reagiert auf den Kontext, in dem er lebt.<br \/>\nUnd Testosteron ist nichts, das man erzwingen sollte \u2013 sondern das Ergebnis eines Gleichgewichts.<\/p>\n<h6>Das Problem ist: Niemand erkl\u00e4rt dir das System<\/h6>\n<p>\u00dcber Testosteron wird \u00fcberall gesprochen, aber meist stark vereinfacht.<br \/>\nAllgemeine Ratschl\u00e4ge, starre Regeln, schnelle L\u00f6sungen.<br \/>\nDoch ohne zu verstehen, wie der K\u00f6rper wirklich funktioniert, wendest du nur Strategien an \u2013 ohne zu wissen, warum.<\/p>\n<h6>Dieses eBook setzt genau hier an<\/h6>\n<p>Es ist kein Motivationsbuch.<br \/>\nKeine Liste von Gewohnheiten, die du perfekt umsetzen musst.<br \/>\nSondern ein Weg, der bei der Physiologie beginnt \u2013 und im echten Leben ankommt.<\/p>\n<h6>Was du entdecken wirst<\/h6>\n<ul>\n<li>Was Testosteron wirklich ist \u2013 und warum es wichtiger ist, als du denkst<\/li>\n<li>Wie das m\u00e4nnliche Hormonsystem funktioniert<\/li>\n<li>Warum \u201ealles richtig machen\u201c manchmal nicht ausreicht<\/li>\n<li>Die tats\u00e4chliche Rolle von Stress, Schlaf, Ern\u00e4hrung und Training<\/li>\n<li>Wie dein soziales und mentales Umfeld deinen K\u00f6rper beeinflusst<\/li>\n<li>Wie du langfristig Energie, Klarheit und Motivation aufbaust<\/li>\n<\/ul>\n<h6>Dieses Buch ist f\u00fcr dich<\/h6>\n<p>Wenn du ein Mann bist und sp\u00fcrst, dass sich etwas ver\u00e4ndert hat.<br \/>\nWenn du weniger Energie hast als fr\u00fcher \u2013 und nicht wei\u00dft, warum.<br \/>\nWenn du deinen K\u00f6rper wirklich verstehen willst, ohne Vereinfachungen.<\/p>\n<h6>Oder f\u00fcr jemanden, der dir am Herzen liegt<\/h6>\n<p>F\u00fcr deinen Mann, Partner oder Vater.<br \/>\nWenn du ein Geschenk suchst, das anders ist \u2013 und langfristig etwas bewirkt.<br \/>\nNichts zum schnellen Konsum, sondern etwas, das wirklich einen Unterschied machen kann.<\/p>\n<h6>Ein anderer Ansatz<\/h6>\n<p>Es sagt dir nicht, dass du perfekt sein musst, sondern hilft dir zu verstehen, was wirklich z\u00e4hlt.<br \/>\nEs verlangt nicht, dass du alles sofort \u00e4nderst, sondern unterst\u00fctzt dich dabei, eine solide Grundlage aufzubauen.<br \/>\nEs erzeugt keinen Druck, sondern gibt dir Orientierung.<\/p>\n<h6>Eine einfache Botschaft<\/h6>\n<p>Du musst nicht wie ein Einsiedler leben, um gesund zu sein.<br \/>\nDu musst das System verstehen, in dem du lebst.<\/p>\n<h6>Wenn du sp\u00fcrst, dass sich etwas ver\u00e4ndert hat,<\/h6>\n<p>ist es vielleicht an der Zeit, herauszufinden, warum.<\/p>","protected":false},"excerpt":{"rendered":"<p>&nbsp;<\/p>\n<p><strong>Physiologie, Kontext und Realit\u00e4t<\/strong><\/p>\n<p><strong>Testosteron ist nicht das Problem, sondern das Signal.<\/strong><br \/>\nEnergie, Motivation und Pr\u00e4senz h\u00e4ngen nicht von einer einzelnen Gewohnheit ab, sondern davon, wie das System als Ganzes funktioniert.<\/p>\n<p>Jahrelang wurde M\u00e4nnern gesagt, dass es normal sei, sich m\u00fcde zu f\u00fchlen.<br \/>\nDass es am Stress liegt, an der Arbeit, am Alter.<\/p>\n<p>Dass man einfach mehr trainieren, besser essen und mehr schlafen m\u00fcsse.<\/p>\n<p>Alles richtig \u2013 aber nicht die ganze Wahrheit.<\/p>\n<p><img decoding=\"async\" class=\"size-full wp-image-5455 alignleft\" src=\"https:\/\/toplifeproject.com\/wp-content\/uploads\/2022\/12\/PDF_file_icon.png\" alt=\"\" width=\"78\" height=\"96\" \/><\/p>\n<p><strong><span style=\"color: #ff0000;\">ACHTUNG!!<\/span><\/strong><\/p>\n<p><strong>BUCH VERF\u00dcGBAR<\/strong><br \/>\n<strong>NUR IN <span style=\"color: #ff0000;\">DIGITALE PDF-VERSION<\/span><\/strong><\/p>\n<p>Der vorherige Preis betrug 15,90 \u20ac.<\/p>","protected":false},"featured_media":73954,"template":"","meta":{"_iconic_wsb_product_page_order_bump_ids":[[]],"_sku":["TLP10000068"],"_iconic_wsb_product_page_bump_modal_ids":[[]]},"product_brand":[],"product_cat":[37],"product_tag":[],"class_list":{"0":"post-73931","1":"product","2":"type-product","3":"status-publish","4":"has-post-thumbnail","6":"product_cat-ebook-pdf","8":"first","9":"instock","10":"downloadable","11":"virtual","12":"sold-individually","13":"taxable","14":"purchasable","15":"product-type-simple"},"aioseo_notices":[],"publishpress_future_workflow_manual_trigger":{"enabledWorkflows":[]},"_links":{"self":[{"href":"https:\/\/toplifeproject.com\/de\/wp-json\/wp\/v2\/product\/73931","targetHints":{"allow":["GET"]}}],"collection":[{"href":"https:\/\/toplifeproject.com\/de\/wp-json\/wp\/v2\/product"}],"about":[{"href":"https:\/\/toplifeproject.com\/de\/wp-json\/wp\/v2\/types\/product"}],"wp:featuredmedia":[{"embeddable":true,"href":"https:\/\/toplifeproject.com\/de\/wp-json\/wp\/v2\/media\/73954"}],"wp:attachment":[{"href":"https:\/\/toplifeproject.com\/de\/wp-json\/wp\/v2\/media?parent=73931"}],"wp:term":[{"taxonomy":"product_brand","embeddable":true,"href":"https:\/\/toplifeproject.com\/de\/wp-json\/wp\/v2\/product_brand?post=73931"},{"taxonomy":"product_cat","embeddable":true,"href":"https:\/\/toplifeproject.com\/de\/wp-json\/wp\/v2\/product_cat?post=73931"},{"taxonomy":"product_tag","embeddable":true,"href":"https:\/\/toplifeproject.com\/de\/wp-json\/wp\/v2\/product_tag?post=73931"}],"curies":[{"name":"wp","href":"https:\/\/api.w.org\/{rel}","templated":true}]}}