{"id":76819,"date":"2026-04-16T10:51:52","date_gmt":"2026-04-16T08:51:52","guid":{"rendered":"https:\/\/toplifeproject.com\/?post_type=product&#038;p=76819"},"modified":"2026-04-16T12:46:24","modified_gmt":"2026-04-16T10:46:24","slug":"cool-bleiben-in-den-wechseljahren","status":"publish","type":"product","link":"https:\/\/toplifeproject.com\/de\/prodotto\/cool-bleiben-in-den-wechseljahren\/","title":{"rendered":"Cool bleiben in den Wechseljahren"},"content":{"rendered":"","protected":false},"excerpt":{"rendered":"<p>Jede Frau wird \u00e4lter \u2013 aber wie sie \u00e4lter wird, entscheidet sie selbst. Genau hier setzt die \u00c4rztin Cristina Tomasi an: Die Wechseljahre sind kein Problem, das man einfach \u201ebehandeln\u201c muss, sondern eine Phase, die verstanden werden will. In diesem Buch erf\u00e4hrst du, was wirklich hinter hormonellen Ver\u00e4nderungen steckt, warum viele Beschwerden nicht einfach \u201enormal\u201c sind und weshalb eine Hormonersatztherapie nur das T\u00fcpfelchen auf dem i darstellt. Der wahre Schl\u00fcssel liegt im Lebensstil: im Gleichgewicht deiner inneren Uhr, im Kontakt mit nat\u00fcrlichem Licht, im Umgang mit Stress und in einer langfristig gesunden, metabolisch orientierten Ern\u00e4hrung. Gleichzeitig bringt das Buch Klarheit in die oft verwirrende Diskussion rund um konventionelle und bioidentische Hormonersatztherapie und hilft dir, fundierte Entscheidungen f\u00fcr deinen eigenen K\u00f6rper zu treffen. Es ist kein starres Programm, sondern ein Leitfaden zur Selbsterfahrung \u2013 denn jede Frau ist anders, aber wir alle stehen ab 40 vor \u00e4hnlichen Herausforderungen. Ein Buch, das mit Mythen aufr\u00e4umt, Wissensl\u00fccken schlie\u00dft und dir einen klaren Weg zu mehr Energie, Vitalit\u00e4t und Wohlbefinden zeigt \u2013 damit du nicht nur gesund \u00e4lter wirst, sondern dich dabei auch wirklich gut f\u00fchlst.<\/p>","protected":false},"featured_media":76844,"template":"","meta":{"_iconic_wsb_product_page_order_bump_ids":[[]],"_sku":["153266-1"],"_iconic_wsb_product_page_bump_modal_ids":[[]]},"product_brand":[],"product_cat":[251],"product_tag":[476],"class_list":{"0":"post-76819","1":"product","2":"type-product","3":"status-publish","4":"has-post-thumbnail","6":"product_cat-libri-cartacei","7":"product_tag-cool-bleiben-in-den-wechseljahren","9":"first","10":"instock","11":"taxable","12":"shipping-taxable","13":"product-type-external"},"aioseo_notices":[],"publishpress_future_workflow_manual_trigger":{"enabledWorkflows":[]},"_links":{"self":[{"href":"https:\/\/toplifeproject.com\/de\/wp-json\/wp\/v2\/product\/76819","targetHints":{"allow":["GET"]}}],"collection":[{"href":"https:\/\/toplifeproject.com\/de\/wp-json\/wp\/v2\/product"}],"about":[{"href":"https:\/\/toplifeproject.com\/de\/wp-json\/wp\/v2\/types\/product"}],"wp:featuredmedia":[{"embeddable":true,"href":"https:\/\/toplifeproject.com\/de\/wp-json\/wp\/v2\/media\/76844"}],"wp:attachment":[{"href":"https:\/\/toplifeproject.com\/de\/wp-json\/wp\/v2\/media?parent=76819"}],"wp:term":[{"taxonomy":"product_brand","embeddable":true,"href":"https:\/\/toplifeproject.com\/de\/wp-json\/wp\/v2\/product_brand?post=76819"},{"taxonomy":"product_cat","embeddable":true,"href":"https:\/\/toplifeproject.com\/de\/wp-json\/wp\/v2\/product_cat?post=76819"},{"taxonomy":"product_tag","embeddable":true,"href":"https:\/\/toplifeproject.com\/de\/wp-json\/wp\/v2\/product_tag?post=76819"}],"curies":[{"name":"wp","href":"https:\/\/api.w.org\/{rel}","templated":true}]}}