{"id":8680,"date":"2024-08-10T21:31:29","date_gmt":"2024-08-10T19:31:29","guid":{"rendered":"https:\/\/toplifeproject.com\/?post_type=product&#038;p=8680"},"modified":"2026-01-27T11:37:55","modified_gmt":"2026-01-27T10:37:55","slug":"non-e-solo-questione-di-ormoni","status":"publish","type":"product","link":"https:\/\/toplifeproject.com\/de\/prodotto\/non-e-solo-questione-di-ormoni\/","title":{"rendered":"Non \u00e8 solo questione di ormoni"},"content":{"rendered":"<p>Dieses Buch spricht nat\u00fcrlich \u00fcber Hormone und \u00fcber die Hormonersatztherapie \u2013\nmit einer klaren Unterscheidung zwischen konventioneller und bioidentischer Therapie.\nVor allem aber sollte es ein Leitfaden f\u00fcr mehr Selbstbewusstsein und Selbstverst\u00e4ndnis sein.\n\nDenn jede Frau ist einzigartig \u2013 und doch bewegen wir uns nach dem 40. Lebensjahr\nalle in denselben Gew\u00e4ssern aus Symptomen und Ver\u00e4nderungen.\n\nDieses Buch hilft dabei, eine gro\u00dfe Informationsl\u00fccke rund um die Menopause\nund die Zeit davor und danach zu schlie\u00dfen. Es r\u00e4umt mit vielen Mythen auf\nund zeigt einen Weg zu mehr Vitalit\u00e4t und psychophysischem Wohlbefinden.\n\nDenn genau das sollte unser Ziel sein: nicht nur gesund \u00e4lter zu werden \u2013\nsondern es mit Energie und Lebensfreude zu tun.<\/p>","protected":false},"excerpt":{"rendered":"<p>Vitalit\u00e4t und psychophysisches Wohlbefinden nach dem 40. Lebensjahr wiederfinden \u2013\ndurch Ern\u00e4hrung, Lebensstil und bioidentische Hormone.<\/p>\n<p>\u201eEs geht nicht nur um Hormone\u201c ist mehr als ein Buch: Es ist ein Leitfaden,\ngeschrieben von Herzen f\u00fcr alle Frauen, die ihren K\u00f6rper verstehen,\nwahrnehmen und positiv ver\u00e4ndern m\u00f6chten.\n\nIch habe dieses Buch f\u00fcr euch geschrieben, um euch konkrete Werkzeuge,\nklare wissenschaftliche Informationen und eine neue Perspektive auf\nhormonelle Gesundheit zu geben. Denn Wohlbefinden ist kein Geheimnis \u2013\nes ist Wissen, Bewusstsein und die richtigen Entscheidungen.<\/p>","protected":false},"featured_media":8683,"template":"","meta":{"_iconic_wsb_product_page_order_bump_ids":[[]],"_sku":["TLP10000013"],"_iconic_wsb_product_page_bump_modal_ids":[[]]},"product_brand":[],"product_cat":[251],"product_tag":[340],"class_list":{"0":"post-8680","1":"product","2":"type-product","3":"status-publish","4":"has-post-thumbnail","6":"product_cat-libri-cartacei","7":"product_tag-amazon-ormoni","9":"first","10":"instock","11":"taxable","12":"shipping-taxable","13":"purchasable","14":"product-type-simple"},"aioseo_notices":[],"publishpress_future_workflow_manual_trigger":{"enabledWorkflows":[]},"_links":{"self":[{"href":"https:\/\/toplifeproject.com\/de\/wp-json\/wp\/v2\/product\/8680","targetHints":{"allow":["GET"]}}],"collection":[{"href":"https:\/\/toplifeproject.com\/de\/wp-json\/wp\/v2\/product"}],"about":[{"href":"https:\/\/toplifeproject.com\/de\/wp-json\/wp\/v2\/types\/product"}],"wp:featuredmedia":[{"embeddable":true,"href":"https:\/\/toplifeproject.com\/de\/wp-json\/wp\/v2\/media\/8683"}],"wp:attachment":[{"href":"https:\/\/toplifeproject.com\/de\/wp-json\/wp\/v2\/media?parent=8680"}],"wp:term":[{"taxonomy":"product_brand","embeddable":true,"href":"https:\/\/toplifeproject.com\/de\/wp-json\/wp\/v2\/product_brand?post=8680"},{"taxonomy":"product_cat","embeddable":true,"href":"https:\/\/toplifeproject.com\/de\/wp-json\/wp\/v2\/product_cat?post=8680"},{"taxonomy":"product_tag","embeddable":true,"href":"https:\/\/toplifeproject.com\/de\/wp-json\/wp\/v2\/product_tag?post=8680"}],"curies":[{"name":"wp","href":"https:\/\/api.w.org\/{rel}","templated":true}]}}