{"id":928,"date":"2022-12-11T12:07:36","date_gmt":"2022-12-11T12:07:36","guid":{"rendered":"https:\/\/toplifeproject.com\/?post_type=product&#038;p=928"},"modified":"2025-03-12T12:07:32","modified_gmt":"2025-03-12T11:07:32","slug":"soft-low-carb-pranzi-e-cene","status":"publish","type":"product","link":"https:\/\/toplifeproject.com\/de\/prodotto\/soft-low-carb-pranzi-e-cene\/","title":{"rendered":"Soft Low Carb Pranzi e Cene"},"content":{"rendered":"<p><div class=\"fusion-fullwidth fullwidth-box fusion-builder-row-1 fusion-flex-container nonhundred-percent-fullwidth non-hundred-percent-height-scrolling\" style=\"--awb-border-radius-top-left:0px;--awb-border-radius-top-right:0px;--awb-border-radius-bottom-right:0px;--awb-border-radius-bottom-left:0px;--awb-flex-wrap:wrap;\" ><div class=\"fusion-builder-row fusion-row fusion-flex-align-items-flex-start fusion-flex-content-wrap\" style=\"max-width:1476.8px;margin-left: calc(-4% \/ 2 );margin-right: calc(-4% \/ 2 );\"><div class=\"fusion-layout-column fusion_builder_column fusion-builder-column-0 fusion_builder_column_1_1 1_1 fusion-flex-column\" style=\"--awb-bg-size:cover;--awb-width-large:100%;--awb-margin-top-large:0px;--awb-spacing-right-large:1.92%;--awb-margin-bottom-large:0px;--awb-spacing-left-large:1.92%;--awb-width-medium:100%;--awb-spacing-right-medium:1.92%;--awb-spacing-left-medium:1.92%;--awb-width-small:100%;--awb-spacing-right-small:1.92%;--awb-spacing-left-small:1.92%;\"><div class=\"fusion-column-wrapper fusion-flex-justify-content-flex-start fusion-content-layout-column\"><div class=\"fusion-text fusion-text-1\"><p>In diesem E-Book, geschrieben von Dr. Cristina Tomasi und ihrer Patientin Nadia,\nfindest du Rezepte, die dich Schritt f\u00fcr Schritt auf deinem Weg zur Low-Carb-Ern\u00e4hrung begleiten \u2013\nmit einem sanften Einstieg.<\/p>\n<p>Nadia hat ihre Ern\u00e4hrung schrittweise ver\u00e4ndert, um sich besser zu f\u00fchlen.\nSie begann damit, Brot, Pasta, Kekse und Kuchen zu reduzieren und entwickelte\nnach und nach kreative Rezepte, die f\u00fcr jeden leicht umzusetzen sind.\n\nAlle Gerichte basieren auf hochwertigen Zutaten und sind besonders schmackhaft \u2013\ndabei sind sie weitgehend frei von entz\u00fcndungsf\u00f6rdernden Lebensmitteln.<\/p>\n<p>Mit diesen Rezepten kannst du leckere, originelle und einfach zuzubereitende Gerichte kreieren.<br \/>\nSie helfen dir im Alltag, Schritt f\u00fcr Schritt eine Low-Carb-Ern\u00e4hrung zu beginnen\nund bieten viele Ideen f\u00fcr die ganze Familie.<\/p>\n<p><img decoding=\"async\" class=\"lazyload size-full wp-image-5455 alignleft\" src=\"data:image\/svg+xml,%3Csvg%20xmlns%3D%27http%3A%2F%2Fwww.w3.org%2F2000%2Fsvg%27%20width%3D%2778%27%20height%3D%2796%27%20viewBox%3D%270%200%2078%2096%27%3E%3Crect%20width%3D%2778%27%20height%3D%2796%27%20fill-opacity%3D%220%22%2F%3E%3C%2Fsvg%3E\" data-orig-src=\"https:\/\/toplifeproject.com\/wp-content\/uploads\/2022\/12\/PDF_file_icon.png\" alt=\"\" width=\"78\" height=\"96\" \/><strong>VERF\u00dcGBAR<\/strong><br \/>\n<strong>NUR ALS DIGITALE PDF-VERSION<\/strong><\/p>\n<\/div><\/div><\/div><\/div><\/div><div class=\"fusion-fullwidth fullwidth-box fusion-builder-row-2 fusion-flex-container has-pattern-background has-mask-background nonhundred-percent-fullwidth non-hundred-percent-height-scrolling\" style=\"--awb-border-radius-top-left:0px;--awb-border-radius-top-right:0px;--awb-border-radius-bottom-right:0px;--awb-border-radius-bottom-left:0px;--awb-flex-wrap:wrap;\" ><div class=\"fusion-builder-row fusion-row fusion-flex-align-items-flex-start fusion-flex-content-wrap\" style=\"max-width:1476.8px;margin-left: calc(-4% \/ 2 );margin-right: calc(-4% \/ 2 );\"><div class=\"fusion-layout-column fusion_builder_column fusion-builder-column-1 fusion_builder_column_1_1 1_1 fusion-flex-column\" style=\"--awb-bg-size:cover;--awb-width-large:100%;--awb-margin-top-large:0px;--awb-spacing-right-large:1.92%;--awb-margin-bottom-large:20px;--awb-spacing-left-large:1.92%;--awb-width-medium:100%;--awb-order-medium:0;--awb-spacing-right-medium:1.92%;--awb-spacing-left-medium:1.92%;--awb-width-small:100%;--awb-order-small:0;--awb-spacing-right-small:1.92%;--awb-spacing-left-small:1.92%;\"><div class=\"fusion-column-wrapper fusion-column-has-shadow fusion-flex-justify-content-flex-start fusion-content-layout-column\"><div class=\"fusion-title title fusion-title-1 fusion-sep-none fusion-title-center fusion-title-text fusion-title-size-two\" style=\"--awb-margin-top:40px;--awb-margin-bottom:40px;\"><h2 class=\"fusion-title-heading title-heading-center fusion-responsive-typography-calculated\" style=\"margin:0;--fontSize:36;line-height:1.2;\">Verifizierte Bewertungen <span style=\"color: #00b67a;\"><strong>Trustpilot<\/strong><\/span><\/h2><\/div><!-- TrustBox widget - Product Reviews SEO -->\n<div class=\"trustpilot-widget\" data-locale=\"it-IT\" data-template-id=\"5717796816f630043868e2e8\" data-businessunit-id=\"653b7ea6aa4e105c3e022464\" data-style-height=\"400px\" data-style-width=\"100%\" data-theme=\"light\" data-sku=\"TRUSTPILOT_SKU_VALUE_928\" data-name=\"Soft Low Carb Pranzi e Cene\" data-review-languages=\"it\" data-no-reviews=\"hide\" data-fullwidth=\"true\">\n  <a href=\"https:\/\/it.trustpilot.com\/review\/toplifeproject.com\" target=\"_blank\" rel=\"noopener\">Trustpilot<\/a>\n<\/div>\n<!-- End TrustBox widget --><\/div><\/div><\/div><\/div><\/p>","protected":false},"excerpt":{"rendered":"<p>von Dr. Cristina Tomasi und Nadia<\/p>\n<p>Der Einstieg in die Low-Carb-Ern\u00e4hrung war noch nie so einfach!\nIn diesem E-Book findest du eine gro\u00dfe Auswahl an originellen Rezepten,\nmit denen du Mittag- und Abendessen low carb, kreativ, genussvoll\nund mit viel Freude zubereiten kannst.<\/p>\n<p><img decoding=\"async\" class=\"size-full wp-image-5455 alignleft\" src=\"https:\/\/toplifeproject.com\/wp-content\/uploads\/2022\/12\/PDF_file_icon.png\" alt=\"\" width=\"78\" height=\"96\" \/><strong>VERF\u00dcGBAR<\/strong><br \/>\n<strong>NUR ALS DIGITALE PDF-VERSION<\/strong><\/p>","protected":false},"featured_media":23837,"template":"","meta":{"_iconic_wsb_product_page_order_bump_ids":[[]],"_sku":["TLP10000020"],"_iconic_wsb_product_page_bump_modal_ids":[[]]},"product_brand":[],"product_cat":[37],"product_tag":[59],"class_list":{"0":"post-928","1":"product","2":"type-product","3":"status-publish","4":"has-post-thumbnail","6":"product_cat-ebook-pdf","7":"product_tag-soft-low-carb-pranzi","9":"first","10":"instock","11":"featured","12":"downloadable","13":"virtual","14":"sold-individually","15":"taxable","16":"purchasable","17":"product-type-simple"},"aioseo_notices":[],"publishpress_future_workflow_manual_trigger":{"enabledWorkflows":[]},"_links":{"self":[{"href":"https:\/\/toplifeproject.com\/de\/wp-json\/wp\/v2\/product\/928","targetHints":{"allow":["GET"]}}],"collection":[{"href":"https:\/\/toplifeproject.com\/de\/wp-json\/wp\/v2\/product"}],"about":[{"href":"https:\/\/toplifeproject.com\/de\/wp-json\/wp\/v2\/types\/product"}],"wp:featuredmedia":[{"embeddable":true,"href":"https:\/\/toplifeproject.com\/de\/wp-json\/wp\/v2\/media\/23837"}],"wp:attachment":[{"href":"https:\/\/toplifeproject.com\/de\/wp-json\/wp\/v2\/media?parent=928"}],"wp:term":[{"taxonomy":"product_brand","embeddable":true,"href":"https:\/\/toplifeproject.com\/de\/wp-json\/wp\/v2\/product_brand?post=928"},{"taxonomy":"product_cat","embeddable":true,"href":"https:\/\/toplifeproject.com\/de\/wp-json\/wp\/v2\/product_cat?post=928"},{"taxonomy":"product_tag","embeddable":true,"href":"https:\/\/toplifeproject.com\/de\/wp-json\/wp\/v2\/product_tag?post=928"}],"curies":[{"name":"wp","href":"https:\/\/api.w.org\/{rel}","templated":true}]}}