{"id":951,"date":"2022-12-11T15:45:02","date_gmt":"2022-12-11T14:45:02","guid":{"rendered":"https:\/\/toplifeproject.com\/?post_type=product&#038;p=951"},"modified":"2026-01-27T11:39:05","modified_gmt":"2026-01-27T10:39:05","slug":"diventa-la-migliore-versione-di-te","status":"publish","type":"product","link":"https:\/\/toplifeproject.com\/de\/prodotto\/diventa-la-migliore-versione-di-te\/","title":{"rendered":"Diventa la migliore versione di te"},"content":{"rendered":"<p>NewLife Donna entstand im Jahr 2018 aus der Zusammenarbeit von \u00c4rzten und Spezialisten aus den Bereichen Gesundheit und Fitness.<br \/>\nJeden Tag haben auf dieser sehr aktiven Plattform tausende Frauen die M\u00f6glichkeit, st\u00e4rker zu werden, sich besser zu ern\u00e4hren, ein ges\u00fcnderes und bewussteres Leben zu f\u00fchren und die beste Version ihrer selbst zu werden.<\/p>\n<p>Den Wunsch zu haben, sich zu ver\u00e4ndern und jeden Tag zu verbessern, ist nichts Selbstverst\u00e4ndliches \u2013 im Gegenteil, es ist etwas Au\u00dfergew\u00f6hnliches.<\/p>\n<p>Wir haben diese Gruppe gegr\u00fcndet und dieses Buch geschrieben, aus Freude daran, Wissen zu teilen und weiterzugeben \u2013\nvor allem aber, um ein Umfeld zu schaffen (auch wenn es nur virtuell ist), in dem Menschen sich gegenseitig unterst\u00fctzen und auf ihrem Weg begleiten k\u00f6nnen.<\/p>","protected":false},"excerpt":{"rendered":"<p>Funktionelle Medizin, Ern\u00e4hrung, psychologische Impulse und k\u00f6rperliche Aktivit\u00e4t \u2013\nalles, was du brauchst, um die beste Version deiner selbst zu werden.<\/p>\n<p>von Dr. Cristina Tomasi, Dr. Efrem Sabatti, Dr. Ilaria Bertini,\nPersonal Trainerin Yana Didenko<\/p>\n<p>In diesem Buch findest du Inhalte zu:<\/p>\n<ul>\n<li>Funktioneller Medizin \u2013 von Dr. Cristina Tomasi<\/li>\n<li>Ern\u00e4hrung \u2013 von Dr. Ilaria Bertini<\/li>\n<li>Psychologischen Impulsen \u2013 von Dr. Efrem Sabatti (Psychologe und Psychotherapeut)<\/li>\n<li>K\u00f6rperlicher Aktivit\u00e4t und warum sie wichtig ist \u2013 von Personal Trainerin Yana Didenko<\/li>\n<\/ul>","protected":false},"featured_media":6337,"template":"","meta":{"_iconic_wsb_product_page_order_bump_ids":[[]],"_sku":["TLP10000018"],"_iconic_wsb_product_page_bump_modal_ids":[[]]},"product_brand":[],"product_cat":[251],"product_tag":[341],"class_list":{"0":"post-951","1":"product","2":"type-product","3":"status-publish","4":"has-post-thumbnail","6":"product_cat-libri-cartacei","7":"product_tag-amazon-versione-di-te","9":"first","10":"instock","11":"featured","12":"taxable","13":"shipping-taxable","14":"purchasable","15":"product-type-simple"},"aioseo_notices":[],"publishpress_future_workflow_manual_trigger":{"enabledWorkflows":[]},"_links":{"self":[{"href":"https:\/\/toplifeproject.com\/de\/wp-json\/wp\/v2\/product\/951","targetHints":{"allow":["GET"]}}],"collection":[{"href":"https:\/\/toplifeproject.com\/de\/wp-json\/wp\/v2\/product"}],"about":[{"href":"https:\/\/toplifeproject.com\/de\/wp-json\/wp\/v2\/types\/product"}],"wp:featuredmedia":[{"embeddable":true,"href":"https:\/\/toplifeproject.com\/de\/wp-json\/wp\/v2\/media\/6337"}],"wp:attachment":[{"href":"https:\/\/toplifeproject.com\/de\/wp-json\/wp\/v2\/media?parent=951"}],"wp:term":[{"taxonomy":"product_brand","embeddable":true,"href":"https:\/\/toplifeproject.com\/de\/wp-json\/wp\/v2\/product_brand?post=951"},{"taxonomy":"product_cat","embeddable":true,"href":"https:\/\/toplifeproject.com\/de\/wp-json\/wp\/v2\/product_cat?post=951"},{"taxonomy":"product_tag","embeddable":true,"href":"https:\/\/toplifeproject.com\/de\/wp-json\/wp\/v2\/product_tag?post=951"}],"curies":[{"name":"wp","href":"https:\/\/api.w.org\/{rel}","templated":true}]}}